{"id":8531,"date":"2025-08-25T12:14:21","date_gmt":"2025-08-25T10:14:21","guid":{"rendered":"https:\/\/parafiabierzwnik.pl\/?page_id=8531"},"modified":"2026-01-20T11:21:19","modified_gmt":"2026-01-20T10:21:19","slug":"zapytania-ofertowe","status":"publish","type":"page","link":"https:\/\/parafiabierzwnik.pl\/?page_id=8531","title":{"rendered":"Zapytania ofertowe"},"content":{"rendered":"\n<p><a href=\"https:\/\/parafiabierzwnik.pl\/wp-content\/uploads\/2025\/08\/Zawiadomienie-o-wyborze-najkorzystniejszej-oferty.pdf\" target=\"_blank\" rel=\"noopener\"><strong>Zawiadomienie o wyborze najkorzystniejszej oferty<\/strong><\/a><\/p>\n<p><a href=\"https:\/\/parafiabierzwnik.pl\/wp-content\/uploads\/2025\/08\/Zapytanie-ofertowe-nr-2.pdf\" target=\"_blank\" rel=\"noopener\"><strong>Zapytanie ofertowe nr 2<\/strong><\/a><\/p>\n<p>Za\u0142\u0105cznik nr 1<\/p>\n<p><a href=\"https:\/\/parafiabierzwnik.pl\/wp-content\/uploads\/2025\/08\/INFORMACJA-Z-OTWARCIA-OFERT-II.pdf\" target=\"_blank\" rel=\"noopener\"><strong>Informacja z otwarcia ofert II<\/strong><\/a><\/p>\n<hr \/>\n<p><strong><a href=\"https:\/\/parafiabierzwnik.pl\/wp-content\/uploads\/2025\/08\/oprac-dokumentacji-koserwat.pdf\" target=\"_blank\" rel=\"noopener\">Opracowanie dokumentacji konserwatorskiej i budowlanej ko\u015bcio\u0142a pocysterskiego pw. Matki Boskiej Szkaplerznej z XIII w., po\u0142o\u017conego w Bierzwniku, dzia\u0142ka nr 383 \u2013 etap I<\/a><\/strong><b><\/b><\/p>\n<p align=\"justify\">Formularz ofertowy<\/p>\n<p align=\"justify\"><a href=\"https:\/\/parafiabierzwnik.pl\/wp-content\/uploads\/2025\/08\/INFORMACJA-Z-OTWARCIA-OFERT.pdf\" target=\"_blank\" rel=\"noopener\"><strong>Informacja z otwarcia ofert<\/strong><\/a><\/p>\n<hr \/>\n<p align=\"justify\">\u00a0<\/p>\n","protected":false},"excerpt":{"rendered":"<div class=\"mh-excerpt\"><p>Zawiadomienie o wyborze najkorzystniejszej oferty Zapytanie ofertowe nr 2 Za\u0142\u0105cznik nr 1 Informacja z otwarcia ofert II Opracowanie dokumentacji konserwatorskiej i budowlanej ko\u015bcio\u0142a pocysterskiego pw. <a class=\"mh-excerpt-more\" href=\"https:\/\/parafiabierzwnik.pl\/?page_id=8531\" title=\"Zapytania ofertowe\">[&#8230;]<\/a><\/p>\n<\/div>","protected":false},"author":1,"featured_media":8485,"parent":0,"menu_order":0,"comment_status":"closed","ping_status":"closed","template":"","meta":{"_monsterinsights_skip_tracking":false,"_monsterinsights_sitenote_active":false,"_monsterinsights_sitenote_note":"","_monsterinsights_sitenote_category":0,"footnotes":""},"folder":[22],"class_list":["post-8531","page","type-page","status-publish","has-post-thumbnail","hentry"],"_links":{"self":[{"href":"https:\/\/parafiabierzwnik.pl\/index.php?rest_route=\/wp\/v2\/pages\/8531","targetHints":{"allow":["GET"]}}],"collection":[{"href":"https:\/\/parafiabierzwnik.pl\/index.php?rest_route=\/wp\/v2\/pages"}],"about":[{"href":"https:\/\/parafiabierzwnik.pl\/index.php?rest_route=\/wp\/v2\/types\/page"}],"author":[{"embeddable":true,"href":"https:\/\/parafiabierzwnik.pl\/index.php?rest_route=\/wp\/v2\/users\/1"}],"replies":[{"embeddable":true,"href":"https:\/\/parafiabierzwnik.pl\/index.php?rest_route=%2Fwp%2Fv2%2Fcomments&post=8531"}],"version-history":[{"count":3,"href":"https:\/\/parafiabierzwnik.pl\/index.php?rest_route=\/wp\/v2\/pages\/8531\/revisions"}],"predecessor-version":[{"id":9013,"href":"https:\/\/parafiabierzwnik.pl\/index.php?rest_route=\/wp\/v2\/pages\/8531\/revisions\/9013"}],"wp:featuredmedia":[{"embeddable":true,"href":"https:\/\/parafiabierzwnik.pl\/index.php?rest_route=\/wp\/v2\/media\/8485"}],"wp:attachment":[{"href":"https:\/\/parafiabierzwnik.pl\/index.php?rest_route=%2Fwp%2Fv2%2Fmedia&parent=8531"}],"wp:term":[{"taxonomy":"folder","embeddable":true,"href":"https:\/\/parafiabierzwnik.pl\/index.php?rest_route=%2Fwp%2Fv2%2Ffolder&post=8531"}],"curies":[{"name":"wp","href":"https:\/\/api.w.org\/{rel}","templated":true}]}}