{"id":8294,"date":"2025-06-17T13:08:47","date_gmt":"2025-06-17T11:08:47","guid":{"rendered":"https:\/\/parafiabierzwnik.pl\/?page_id=8294"},"modified":"2026-01-26T12:37:01","modified_gmt":"2026-01-26T11:37:01","slug":"dofinansowania","status":"publish","type":"page","link":"https:\/\/parafiabierzwnik.pl\/?page_id=8294","title":{"rendered":"Dofinansowania"},"content":{"rendered":"\n<h3><span style=\"font-family: tahoma, arial, helvetica, sans-serif;\">do kompleksu pocysterskiego w Bierzwniku<\/span><\/h3>\n<p><span style=\"font-family: tahoma, arial, helvetica, sans-serif; font-size: 12pt;\">z bud\u017cetu pa\u0144stwa<\/span><\/p>\n<ol>\n<li><span style=\"font-family: tahoma, arial, helvetica, sans-serif; font-size: 12pt;\"><a href=\"https:\/\/parafiabierzwnik.pl\/wp-content\/uploads\/2025\/06\/Informacja-i-promocja_BP.pdf\" target=\"_blank\" rel=\"noopener\">Regionalny Program Operacyjny Wojew\u00f3dztwa Zachodniopomorskiego na lata 2014 -2020 Rewitalizacja klasztoru Cysters\u00f3w w Bierzwniku<\/a><\/span><\/li>\n<\/ol>\n<p><span style=\"font-family: tahoma, arial, helvetica, sans-serif; font-size: 12pt;\">ze \u015brodk\u00f3w bud\u017cetu Wojew\u00f3dztwa Zachodniopomorskiego<\/span><\/p>\n<ol>\n<li><span style=\"font-family: tahoma, arial, helvetica, sans-serif; font-size: 12pt;\"><strong>Dofinansowanie na dokumentacj\u0119 konserwatorsk\u0105 ko\u015bcio\u0142a pocysterskiego w Bierzwniku (umowa nr WKiDN-II\/Z\/2\/25)<\/strong><\/span><\/li>\n<\/ol>\n<p><span style=\"font-family: tahoma, arial, helvetica, sans-serif; font-size: 12pt;\">z Europejskiego Funduszu Rozwoju Regionalnego<\/span><\/p>\n<ol>\n<li><span style=\"font-family: tahoma, arial, helvetica, sans-serif; font-size: 12pt;\"><a href=\"https:\/\/parafiabierzwnik.pl\/wp-content\/uploads\/2025\/06\/Informacja-i-promocja_UE.pdf\" target=\"_blank\" rel=\"noopener\">Projekt RPZP.09.03.00-32-0025\/19 pn. Rewitalizacja klasztoru Cysters\u00f3w w Bierzwniku<\/a><\/span><\/li>\n<\/ol>\n","protected":false},"excerpt":{"rendered":"<div class=\"mh-excerpt\"><p>do kompleksu pocysterskiego w Bierzwniku z bud\u017cetu pa\u0144stwa Regionalny Program Operacyjny Wojew\u00f3dztwa Zachodniopomorskiego na lata 2014 -2020 Rewitalizacja klasztoru Cysters\u00f3w w Bierzwniku ze \u015brodk\u00f3w bud\u017cetu <a class=\"mh-excerpt-more\" href=\"https:\/\/parafiabierzwnik.pl\/?page_id=8294\" title=\"Dofinansowania\">[&#8230;]<\/a><\/p>\n<\/div>","protected":false},"author":1,"featured_media":5073,"parent":0,"menu_order":0,"comment_status":"closed","ping_status":"closed","template":"","meta":{"_monsterinsights_skip_tracking":false,"_monsterinsights_sitenote_active":false,"_monsterinsights_sitenote_note":"","_monsterinsights_sitenote_category":0,"footnotes":""},"folder":[22],"class_list":["post-8294","page","type-page","status-publish","has-post-thumbnail","hentry"],"_links":{"self":[{"href":"https:\/\/parafiabierzwnik.pl\/index.php?rest_route=\/wp\/v2\/pages\/8294","targetHints":{"allow":["GET"]}}],"collection":[{"href":"https:\/\/parafiabierzwnik.pl\/index.php?rest_route=\/wp\/v2\/pages"}],"about":[{"href":"https:\/\/parafiabierzwnik.pl\/index.php?rest_route=\/wp\/v2\/types\/page"}],"author":[{"embeddable":true,"href":"https:\/\/parafiabierzwnik.pl\/index.php?rest_route=\/wp\/v2\/users\/1"}],"replies":[{"embeddable":true,"href":"https:\/\/parafiabierzwnik.pl\/index.php?rest_route=%2Fwp%2Fv2%2Fcomments&post=8294"}],"version-history":[{"count":17,"href":"https:\/\/parafiabierzwnik.pl\/index.php?rest_route=\/wp\/v2\/pages\/8294\/revisions"}],"predecessor-version":[{"id":9047,"href":"https:\/\/parafiabierzwnik.pl\/index.php?rest_route=\/wp\/v2\/pages\/8294\/revisions\/9047"}],"wp:featuredmedia":[{"embeddable":true,"href":"https:\/\/parafiabierzwnik.pl\/index.php?rest_route=\/wp\/v2\/media\/5073"}],"wp:attachment":[{"href":"https:\/\/parafiabierzwnik.pl\/index.php?rest_route=%2Fwp%2Fv2%2Fmedia&parent=8294"}],"wp:term":[{"taxonomy":"folder","embeddable":true,"href":"https:\/\/parafiabierzwnik.pl\/index.php?rest_route=%2Fwp%2Fv2%2Ffolder&post=8294"}],"curies":[{"name":"wp","href":"https:\/\/api.w.org\/{rel}","templated":true}]}}