{"id":8089,"date":"2025-04-23T14:38:52","date_gmt":"2025-04-23T12:38:52","guid":{"rendered":"https:\/\/parafiabierzwnik.pl\/?page_id=8089"},"modified":"2025-04-23T14:41:04","modified_gmt":"2025-04-23T12:41:04","slug":"galeria-wystroj-wielkanocny-2025-kosciol-w-gorznie","status":"publish","type":"page","link":"https:\/\/parafiabierzwnik.pl\/?page_id=8089","title":{"rendered":"Galeria: Wystr\u00f3j Wielkanocny 2025 \u2013 ko\u015bci\u00f3\u0142 w G\u00f3rznie"},"content":{"rendered":"<style type=\"text\/css\">\n#foogallery-gallery-8088.fg-justified .fg-item { margin-right: 2px; margin-bottom: 2px; }\n#foogallery-gallery-8088.fg-justified .fg-image { height: 150px; }<\/style>\n\t\t\t<div class=\"foogallery foogallery-container foogallery-justified foogallery-lightbox-foobox fg-justified fg-ready fg-light fg-shadow-outline fg-loading-default fg-loaded-fade-in fg-caption-always fg-hover-fade fg-hover-zoom2\" id=\"foogallery-gallery-8088\" data-foogallery=\"{&quot;item&quot;:{&quot;showCaptionTitle&quot;:true,&quot;showCaptionDescription&quot;:false},&quot;lazy&quot;:true,&quot;template&quot;:{&quot;rowHeight&quot;:150,&quot;maxRowHeight&quot;:150,&quot;margins&quot;:2,&quot;align&quot;:&quot;center&quot;,&quot;lastRow&quot;:&quot;smart&quot;}}\" style=\"--fg-title-line-clamp: 0; --fg-description-line-clamp: 0;\" >\n\t<div class=\"fg-item fg-type-image fg-idle\"><figure class=\"fg-item-inner\"><a href=\"https:\/\/parafiabierzwnik.pl\/wp-content\/uploads\/2025\/04\/wystroj-wn2015-gorzno-04.jpg\" data-attachment-id=\"8074\" data-type=\"image\" class=\"fg-thumb\"><span class=\"fg-image-wrap\"><img decoding=\"async\" height=\"150\" width=\"113\" class=\"skip-lazy fg-image\" data-src-fg=\"https:\/\/parafiabierzwnik.pl\/wp-content\/uploads\/2025\/04\/wystroj-wn2015-gorzno-04.jpg\" src=\"data:image\/svg+xml,%3Csvg%20xmlns%3D%22http%3A%2F%2Fwww.w3.org%2F2000%2Fsvg%22%20width%3D%22113%22%20height%3D%22150%22%20viewBox%3D%220%200%20113%20150%22%3E%3C%2Fsvg%3E\" loading=\"eager\"><\/span><span class=\"fg-image-overlay\"><\/span><\/a><\/figure><div class=\"fg-loader\"><\/div><\/div><div class=\"fg-item fg-type-image fg-idle\"><figure class=\"fg-item-inner\"><a href=\"https:\/\/parafiabierzwnik.pl\/wp-content\/uploads\/2025\/04\/wystroj-wn2015-gorzno-03.jpg\" data-attachment-id=\"8080\" data-type=\"image\" class=\"fg-thumb\"><span class=\"fg-image-wrap\"><img decoding=\"async\" height=\"150\" width=\"113\" class=\"skip-lazy fg-image\" data-src-fg=\"https:\/\/parafiabierzwnik.pl\/wp-content\/uploads\/2025\/04\/wystroj-wn2015-gorzno-03.jpg\" src=\"data:image\/svg+xml,%3Csvg%20xmlns%3D%22http%3A%2F%2Fwww.w3.org%2F2000%2Fsvg%22%20width%3D%22113%22%20height%3D%22150%22%20viewBox%3D%220%200%20113%20150%22%3E%3C%2Fsvg%3E\" loading=\"eager\"><\/span><span class=\"fg-image-overlay\"><\/span><\/a><\/figure><div class=\"fg-loader\"><\/div><\/div><div class=\"fg-item fg-type-image fg-idle\"><figure class=\"fg-item-inner\"><a href=\"https:\/\/parafiabierzwnik.pl\/wp-content\/uploads\/2025\/04\/wystroj-wn2015-gorzno-02.jpg\" data-attachment-id=\"8079\" data-type=\"image\" class=\"fg-thumb\"><span class=\"fg-image-wrap\"><img decoding=\"async\" height=\"150\" width=\"113\" class=\"skip-lazy fg-image\" data-src-fg=\"https:\/\/parafiabierzwnik.pl\/wp-content\/uploads\/2025\/04\/wystroj-wn2015-gorzno-02.jpg\" src=\"data:image\/svg+xml,%3Csvg%20xmlns%3D%22http%3A%2F%2Fwww.w3.org%2F2000%2Fsvg%22%20width%3D%22113%22%20height%3D%22150%22%20viewBox%3D%220%200%20113%20150%22%3E%3C%2Fsvg%3E\" loading=\"eager\"><\/span><span class=\"fg-image-overlay\"><\/span><\/a><\/figure><div class=\"fg-loader\"><\/div><\/div><div class=\"fg-item fg-type-image fg-idle\"><figure class=\"fg-item-inner\"><a href=\"https:\/\/parafiabierzwnik.pl\/wp-content\/uploads\/2025\/04\/wystroj-wn2015-gorzno-01.jpg\" data-attachment-id=\"8078\" data-type=\"image\" class=\"fg-thumb\"><span class=\"fg-image-wrap\"><img decoding=\"async\" height=\"150\" width=\"113\" class=\"skip-lazy fg-image\" data-src-fg=\"https:\/\/parafiabierzwnik.pl\/wp-content\/uploads\/2025\/04\/wystroj-wn2015-gorzno-01.jpg\" src=\"data:image\/svg+xml,%3Csvg%20xmlns%3D%22http%3A%2F%2Fwww.w3.org%2F2000%2Fsvg%22%20width%3D%22113%22%20height%3D%22150%22%20viewBox%3D%220%200%20113%20150%22%3E%3C%2Fsvg%3E\" loading=\"eager\"><\/span><span class=\"fg-image-overlay\"><\/span><\/a><\/figure><div class=\"fg-loader\"><\/div><\/div><div class=\"fg-item fg-type-image fg-idle\"><figure class=\"fg-item-inner\"><a href=\"https:\/\/parafiabierzwnik.pl\/wp-content\/uploads\/2025\/04\/wystroj-wn2015-gorzno-07.jpg\" data-attachment-id=\"8077\" data-type=\"image\" class=\"fg-thumb\"><span class=\"fg-image-wrap\"><img decoding=\"async\" height=\"150\" width=\"113\" class=\"skip-lazy fg-image\" data-src-fg=\"https:\/\/parafiabierzwnik.pl\/wp-content\/uploads\/2025\/04\/wystroj-wn2015-gorzno-07.jpg\" src=\"data:image\/svg+xml,%3Csvg%20xmlns%3D%22http%3A%2F%2Fwww.w3.org%2F2000%2Fsvg%22%20width%3D%22113%22%20height%3D%22150%22%20viewBox%3D%220%200%20113%20150%22%3E%3C%2Fsvg%3E\" loading=\"eager\"><\/span><span class=\"fg-image-overlay\"><\/span><\/a><\/figure><div class=\"fg-loader\"><\/div><\/div><div class=\"fg-item fg-type-image fg-idle\"><figure class=\"fg-item-inner\"><a href=\"https:\/\/parafiabierzwnik.pl\/wp-content\/uploads\/2025\/04\/wystroj-wn2015-gorzno-06.jpg\" data-attachment-id=\"8076\" data-type=\"image\" class=\"fg-thumb\"><span class=\"fg-image-wrap\"><img decoding=\"async\" height=\"150\" width=\"113\" class=\"skip-lazy fg-image\" data-src-fg=\"https:\/\/parafiabierzwnik.pl\/wp-content\/uploads\/2025\/04\/wystroj-wn2015-gorzno-06.jpg\" src=\"data:image\/svg+xml,%3Csvg%20xmlns%3D%22http%3A%2F%2Fwww.w3.org%2F2000%2Fsvg%22%20width%3D%22113%22%20height%3D%22150%22%20viewBox%3D%220%200%20113%20150%22%3E%3C%2Fsvg%3E\" loading=\"eager\"><\/span><span class=\"fg-image-overlay\"><\/span><\/a><\/figure><div class=\"fg-loader\"><\/div><\/div><div class=\"fg-item fg-type-image fg-idle\"><figure class=\"fg-item-inner\"><a href=\"https:\/\/parafiabierzwnik.pl\/wp-content\/uploads\/2025\/04\/wystroj-wn2015-gorzno-05.jpg\" data-attachment-id=\"8075\" data-type=\"image\" class=\"fg-thumb\"><span class=\"fg-image-wrap\"><img decoding=\"async\" height=\"150\" width=\"113\" class=\"skip-lazy fg-image\" data-src-fg=\"https:\/\/parafiabierzwnik.pl\/wp-content\/uploads\/2025\/04\/wystroj-wn2015-gorzno-05.jpg\" src=\"data:image\/svg+xml,%3Csvg%20xmlns%3D%22http%3A%2F%2Fwww.w3.org%2F2000%2Fsvg%22%20width%3D%22113%22%20height%3D%22150%22%20viewBox%3D%220%200%20113%20150%22%3E%3C%2Fsvg%3E\" loading=\"eager\"><\/span><span class=\"fg-image-overlay\"><\/span><\/a><\/figure><div class=\"fg-loader\"><\/div><\/div><\/div>\n\n","protected":false},"excerpt":{"rendered":"<div class=\"mh-excerpt\"><\/div>","protected":false},"author":1,"featured_media":2158,"parent":0,"menu_order":0,"comment_status":"closed","ping_status":"closed","template":"","meta":{"_monsterinsights_skip_tracking":false,"_monsterinsights_sitenote_active":false,"_monsterinsights_sitenote_note":"","_monsterinsights_sitenote_category":0,"footnotes":""},"folder":[19],"class_list":["post-8089","page","type-page","status-publish","has-post-thumbnail","hentry"],"_links":{"self":[{"href":"https:\/\/parafiabierzwnik.pl\/index.php?rest_route=\/wp\/v2\/pages\/8089","targetHints":{"allow":["GET"]}}],"collection":[{"href":"https:\/\/parafiabierzwnik.pl\/index.php?rest_route=\/wp\/v2\/pages"}],"about":[{"href":"https:\/\/parafiabierzwnik.pl\/index.php?rest_route=\/wp\/v2\/types\/page"}],"author":[{"embeddable":true,"href":"https:\/\/parafiabierzwnik.pl\/index.php?rest_route=\/wp\/v2\/users\/1"}],"replies":[{"embeddable":true,"href":"https:\/\/parafiabierzwnik.pl\/index.php?rest_route=%2Fwp%2Fv2%2Fcomments&post=8089"}],"version-history":[{"count":2,"href":"https:\/\/parafiabierzwnik.pl\/index.php?rest_route=\/wp\/v2\/pages\/8089\/revisions"}],"predecessor-version":[{"id":8092,"href":"https:\/\/parafiabierzwnik.pl\/index.php?rest_route=\/wp\/v2\/pages\/8089\/revisions\/8092"}],"wp:featuredmedia":[{"embeddable":true,"href":"https:\/\/parafiabierzwnik.pl\/index.php?rest_route=\/wp\/v2\/media\/2158"}],"wp:attachment":[{"href":"https:\/\/parafiabierzwnik.pl\/index.php?rest_route=%2Fwp%2Fv2%2Fmedia&parent=8089"}],"wp:term":[{"taxonomy":"folder","embeddable":true,"href":"https:\/\/parafiabierzwnik.pl\/index.php?rest_route=%2Fwp%2Fv2%2Ffolder&post=8089"}],"curies":[{"name":"wp","href":"https:\/\/api.w.org\/{rel}","templated":true}]}}