{"id":6483,"date":"2024-04-03T13:02:23","date_gmt":"2024-04-03T11:02:23","guid":{"rendered":"https:\/\/parafiabierzwnik.pl\/?page_id=6483"},"modified":"2024-04-03T13:02:24","modified_gmt":"2024-04-03T11:02:24","slug":"galeria-wystroj-wielkanocny-2024-kosciol-w-bierzwniku","status":"publish","type":"page","link":"https:\/\/parafiabierzwnik.pl\/?page_id=6483","title":{"rendered":"Galeria: Wystr\u00f3j Wielkanocny 2024 &#8211; ko\u015bci\u00f3\u0142 w Bierzwniku"},"content":{"rendered":"<style type=\"text\/css\">\n#foogallery-gallery-6482.fg-justified .fg-item { margin-right: 2px; margin-bottom: 2px; }\n#foogallery-gallery-6482.fg-justified .fg-image { height: 150px; }<\/style>\n\t\t\t<div class=\"foogallery foogallery-container foogallery-justified foogallery-lightbox-foobox fg-justified fg-ready fg-light fg-shadow-outline fg-loading-default fg-loaded-fade-in fg-caption-always fg-hover-fade fg-hover-zoom2\" id=\"foogallery-gallery-6482\" data-foogallery=\"{&quot;item&quot;:{&quot;showCaptionTitle&quot;:true,&quot;showCaptionDescription&quot;:false},&quot;lazy&quot;:true,&quot;template&quot;:{&quot;rowHeight&quot;:150,&quot;maxRowHeight&quot;:150,&quot;margins&quot;:2,&quot;align&quot;:&quot;center&quot;,&quot;lastRow&quot;:&quot;smart&quot;}}\" style=\"--fg-title-line-clamp: 0; --fg-description-line-clamp: 0;\" >\n\t<div class=\"fg-item fg-type-image fg-idle\"><figure class=\"fg-item-inner\"><a href=\"https:\/\/parafiabierzwnik.pl\/wp-content\/uploads\/2024\/04\/wystroj-wn2024-bierzwnik-03.jpg\" data-attachment-id=\"6434\" data-type=\"image\" class=\"fg-thumb\"><span class=\"fg-image-wrap\"><img decoding=\"async\" height=\"150\" width=\"113\" class=\"skip-lazy fg-image\" data-src-fg=\"https:\/\/parafiabierzwnik.pl\/wp-content\/uploads\/2024\/04\/wystroj-wn2024-bierzwnik-03.jpg\" src=\"data:image\/svg+xml,%3Csvg%20xmlns%3D%22http%3A%2F%2Fwww.w3.org%2F2000%2Fsvg%22%20width%3D%22113%22%20height%3D%22150%22%20viewBox%3D%220%200%20113%20150%22%3E%3C%2Fsvg%3E\" loading=\"eager\"><\/span><span class=\"fg-image-overlay\"><\/span><\/a><\/figure><div class=\"fg-loader\"><\/div><\/div><div class=\"fg-item fg-type-image fg-idle\"><figure class=\"fg-item-inner\"><a href=\"https:\/\/parafiabierzwnik.pl\/wp-content\/uploads\/2024\/04\/wystroj-wn2024-bierzwnik-02.jpg\" data-attachment-id=\"6433\" data-type=\"image\" class=\"fg-thumb\"><span class=\"fg-image-wrap\"><img decoding=\"async\" height=\"150\" width=\"113\" class=\"skip-lazy fg-image\" data-src-fg=\"https:\/\/parafiabierzwnik.pl\/wp-content\/uploads\/2024\/04\/wystroj-wn2024-bierzwnik-02.jpg\" src=\"data:image\/svg+xml,%3Csvg%20xmlns%3D%22http%3A%2F%2Fwww.w3.org%2F2000%2Fsvg%22%20width%3D%22113%22%20height%3D%22150%22%20viewBox%3D%220%200%20113%20150%22%3E%3C%2Fsvg%3E\" loading=\"eager\"><\/span><span class=\"fg-image-overlay\"><\/span><\/a><\/figure><div class=\"fg-loader\"><\/div><\/div><div class=\"fg-item fg-type-image fg-idle\"><figure class=\"fg-item-inner\"><a href=\"https:\/\/parafiabierzwnik.pl\/wp-content\/uploads\/2024\/04\/wystroj-wn2024-bierzwnik-01.jpg\" data-attachment-id=\"6430\" data-type=\"image\" class=\"fg-thumb\"><span class=\"fg-image-wrap\"><img decoding=\"async\" height=\"150\" width=\"113\" class=\"skip-lazy fg-image\" data-src-fg=\"https:\/\/parafiabierzwnik.pl\/wp-content\/uploads\/2024\/04\/wystroj-wn2024-bierzwnik-01.jpg\" src=\"data:image\/svg+xml,%3Csvg%20xmlns%3D%22http%3A%2F%2Fwww.w3.org%2F2000%2Fsvg%22%20width%3D%22113%22%20height%3D%22150%22%20viewBox%3D%220%200%20113%20150%22%3E%3C%2Fsvg%3E\" loading=\"eager\"><\/span><span class=\"fg-image-overlay\"><\/span><\/a><\/figure><div class=\"fg-loader\"><\/div><\/div><div class=\"fg-item fg-type-image fg-idle\"><figure class=\"fg-item-inner\"><a href=\"https:\/\/parafiabierzwnik.pl\/wp-content\/uploads\/2024\/04\/wystroj-wn2024-bierzwnik-09.jpg\" data-attachment-id=\"6411\" data-type=\"image\" class=\"fg-thumb\"><span class=\"fg-image-wrap\"><img decoding=\"async\" height=\"150\" width=\"113\" class=\"skip-lazy fg-image\" data-src-fg=\"https:\/\/parafiabierzwnik.pl\/wp-content\/uploads\/2024\/04\/wystroj-wn2024-bierzwnik-09.jpg\" src=\"data:image\/svg+xml,%3Csvg%20xmlns%3D%22http%3A%2F%2Fwww.w3.org%2F2000%2Fsvg%22%20width%3D%22113%22%20height%3D%22150%22%20viewBox%3D%220%200%20113%20150%22%3E%3C%2Fsvg%3E\" loading=\"eager\"><\/span><span class=\"fg-image-overlay\"><\/span><\/a><\/figure><div class=\"fg-loader\"><\/div><\/div><div class=\"fg-item fg-type-image fg-idle\"><figure class=\"fg-item-inner\"><a href=\"https:\/\/parafiabierzwnik.pl\/wp-content\/uploads\/2024\/04\/wystroj-wn2024-bierzwnik-08.jpg\" data-attachment-id=\"6446\" data-type=\"image\" class=\"fg-thumb\"><span class=\"fg-image-wrap\"><img decoding=\"async\" height=\"150\" width=\"113\" class=\"skip-lazy fg-image\" data-src-fg=\"https:\/\/parafiabierzwnik.pl\/wp-content\/uploads\/2024\/04\/wystroj-wn2024-bierzwnik-08.jpg\" src=\"data:image\/svg+xml,%3Csvg%20xmlns%3D%22http%3A%2F%2Fwww.w3.org%2F2000%2Fsvg%22%20width%3D%22113%22%20height%3D%22150%22%20viewBox%3D%220%200%20113%20150%22%3E%3C%2Fsvg%3E\" loading=\"eager\"><\/span><span class=\"fg-image-overlay\"><\/span><\/a><\/figure><div class=\"fg-loader\"><\/div><\/div><div class=\"fg-item fg-type-image fg-idle\"><figure class=\"fg-item-inner\"><a href=\"https:\/\/parafiabierzwnik.pl\/wp-content\/uploads\/2024\/04\/wystroj-wn2024-bierzwnik-07.jpg\" data-attachment-id=\"6445\" data-type=\"image\" class=\"fg-thumb\"><span class=\"fg-image-wrap\"><img decoding=\"async\" height=\"150\" width=\"113\" class=\"skip-lazy fg-image\" data-src-fg=\"https:\/\/parafiabierzwnik.pl\/wp-content\/uploads\/2024\/04\/wystroj-wn2024-bierzwnik-07.jpg\" src=\"data:image\/svg+xml,%3Csvg%20xmlns%3D%22http%3A%2F%2Fwww.w3.org%2F2000%2Fsvg%22%20width%3D%22113%22%20height%3D%22150%22%20viewBox%3D%220%200%20113%20150%22%3E%3C%2Fsvg%3E\" loading=\"eager\"><\/span><span class=\"fg-image-overlay\"><\/span><\/a><\/figure><div class=\"fg-loader\"><\/div><\/div><div class=\"fg-item fg-type-image fg-idle\"><figure class=\"fg-item-inner\"><a href=\"https:\/\/parafiabierzwnik.pl\/wp-content\/uploads\/2024\/04\/wystroj-wn2024-bierzwnik-10.jpg\" data-attachment-id=\"6412\" data-type=\"image\" class=\"fg-thumb\"><span class=\"fg-image-wrap\"><img decoding=\"async\" height=\"150\" width=\"113\" class=\"skip-lazy fg-image\" data-src-fg=\"https:\/\/parafiabierzwnik.pl\/wp-content\/uploads\/2024\/04\/wystroj-wn2024-bierzwnik-10.jpg\" src=\"data:image\/svg+xml,%3Csvg%20xmlns%3D%22http%3A%2F%2Fwww.w3.org%2F2000%2Fsvg%22%20width%3D%22113%22%20height%3D%22150%22%20viewBox%3D%220%200%20113%20150%22%3E%3C%2Fsvg%3E\" loading=\"eager\"><\/span><span class=\"fg-image-overlay\"><\/span><\/a><\/figure><div class=\"fg-loader\"><\/div><\/div><div class=\"fg-item fg-type-image fg-idle\"><figure class=\"fg-item-inner\"><a href=\"https:\/\/parafiabierzwnik.pl\/wp-content\/uploads\/2024\/04\/wystroj-wn2024-bierzwnik-06.jpg\" data-attachment-id=\"6440\" data-type=\"image\" class=\"fg-thumb\"><span class=\"fg-image-wrap\"><img decoding=\"async\" height=\"150\" width=\"113\" class=\"skip-lazy fg-image\" data-src-fg=\"https:\/\/parafiabierzwnik.pl\/wp-content\/uploads\/2024\/04\/wystroj-wn2024-bierzwnik-06.jpg\" src=\"data:image\/svg+xml,%3Csvg%20xmlns%3D%22http%3A%2F%2Fwww.w3.org%2F2000%2Fsvg%22%20width%3D%22113%22%20height%3D%22150%22%20viewBox%3D%220%200%20113%20150%22%3E%3C%2Fsvg%3E\" loading=\"eager\"><\/span><span class=\"fg-image-overlay\"><\/span><\/a><\/figure><div class=\"fg-loader\"><\/div><\/div><div class=\"fg-item fg-type-image fg-idle\"><figure class=\"fg-item-inner\"><a href=\"https:\/\/parafiabierzwnik.pl\/wp-content\/uploads\/2024\/04\/wystroj-wn2024-bierzwnik-05.jpg\" data-attachment-id=\"6439\" data-type=\"image\" class=\"fg-thumb\"><span class=\"fg-image-wrap\"><img decoding=\"async\" height=\"150\" width=\"113\" class=\"skip-lazy fg-image\" data-src-fg=\"https:\/\/parafiabierzwnik.pl\/wp-content\/uploads\/2024\/04\/wystroj-wn2024-bierzwnik-05.jpg\" src=\"data:image\/svg+xml,%3Csvg%20xmlns%3D%22http%3A%2F%2Fwww.w3.org%2F2000%2Fsvg%22%20width%3D%22113%22%20height%3D%22150%22%20viewBox%3D%220%200%20113%20150%22%3E%3C%2Fsvg%3E\" loading=\"eager\"><\/span><span class=\"fg-image-overlay\"><\/span><\/a><\/figure><div class=\"fg-loader\"><\/div><\/div><div class=\"fg-item fg-type-image fg-idle\"><figure class=\"fg-item-inner\"><a href=\"https:\/\/parafiabierzwnik.pl\/wp-content\/uploads\/2024\/04\/wystroj-wn2024-bierzwnik-04.jpg\" data-attachment-id=\"6438\" data-type=\"image\" class=\"fg-thumb\"><span class=\"fg-image-wrap\"><img decoding=\"async\" height=\"150\" width=\"113\" class=\"skip-lazy fg-image\" data-src-fg=\"https:\/\/parafiabierzwnik.pl\/wp-content\/uploads\/2024\/04\/wystroj-wn2024-bierzwnik-04.jpg\" src=\"data:image\/svg+xml,%3Csvg%20xmlns%3D%22http%3A%2F%2Fwww.w3.org%2F2000%2Fsvg%22%20width%3D%22113%22%20height%3D%22150%22%20viewBox%3D%220%200%20113%20150%22%3E%3C%2Fsvg%3E\" loading=\"eager\"><\/span><span class=\"fg-image-overlay\"><\/span><\/a><\/figure><div class=\"fg-loader\"><\/div><\/div><div class=\"fg-item fg-type-image fg-idle\"><figure class=\"fg-item-inner\"><a href=\"https:\/\/parafiabierzwnik.pl\/wp-content\/uploads\/2024\/04\/wystroj-wn2024-bierzwnik-24.jpg\" data-attachment-id=\"6426\" data-type=\"image\" class=\"fg-thumb\"><span class=\"fg-image-wrap\"><img decoding=\"async\" height=\"150\" width=\"113\" class=\"skip-lazy fg-image\" data-src-fg=\"https:\/\/parafiabierzwnik.pl\/wp-content\/uploads\/2024\/04\/wystroj-wn2024-bierzwnik-24.jpg\" src=\"data:image\/svg+xml,%3Csvg%20xmlns%3D%22http%3A%2F%2Fwww.w3.org%2F2000%2Fsvg%22%20width%3D%22113%22%20height%3D%22150%22%20viewBox%3D%220%200%20113%20150%22%3E%3C%2Fsvg%3E\" loading=\"eager\"><\/span><span class=\"fg-image-overlay\"><\/span><\/a><\/figure><div class=\"fg-loader\"><\/div><\/div><div class=\"fg-item fg-type-image fg-idle\"><figure class=\"fg-item-inner\"><a href=\"https:\/\/parafiabierzwnik.pl\/wp-content\/uploads\/2024\/04\/wystroj-wn2024-bierzwnik-14.jpg\" data-attachment-id=\"6416\" data-type=\"image\" class=\"fg-thumb\"><span class=\"fg-image-wrap\"><img decoding=\"async\" height=\"150\" width=\"113\" class=\"skip-lazy fg-image\" data-src-fg=\"https:\/\/parafiabierzwnik.pl\/wp-content\/uploads\/2024\/04\/wystroj-wn2024-bierzwnik-14.jpg\" src=\"data:image\/svg+xml,%3Csvg%20xmlns%3D%22http%3A%2F%2Fwww.w3.org%2F2000%2Fsvg%22%20width%3D%22113%22%20height%3D%22150%22%20viewBox%3D%220%200%20113%20150%22%3E%3C%2Fsvg%3E\" loading=\"eager\"><\/span><span class=\"fg-image-overlay\"><\/span><\/a><\/figure><div class=\"fg-loader\"><\/div><\/div><div class=\"fg-item fg-type-image fg-idle\"><figure class=\"fg-item-inner\"><a href=\"https:\/\/parafiabierzwnik.pl\/wp-content\/uploads\/2024\/04\/wystroj-wn2024-bierzwnik-25.jpg\" data-attachment-id=\"6427\" data-type=\"image\" class=\"fg-thumb\"><span class=\"fg-image-wrap\"><img decoding=\"async\" height=\"150\" width=\"113\" class=\"skip-lazy fg-image\" data-src-fg=\"https:\/\/parafiabierzwnik.pl\/wp-content\/uploads\/2024\/04\/wystroj-wn2024-bierzwnik-25.jpg\" src=\"data:image\/svg+xml,%3Csvg%20xmlns%3D%22http%3A%2F%2Fwww.w3.org%2F2000%2Fsvg%22%20width%3D%22113%22%20height%3D%22150%22%20viewBox%3D%220%200%20113%20150%22%3E%3C%2Fsvg%3E\" loading=\"eager\"><\/span><span class=\"fg-image-overlay\"><\/span><\/a><\/figure><div class=\"fg-loader\"><\/div><\/div><div class=\"fg-item fg-type-image fg-idle\"><figure class=\"fg-item-inner\"><a href=\"https:\/\/parafiabierzwnik.pl\/wp-content\/uploads\/2024\/04\/wystroj-wn2024-bierzwnik-23.jpg\" data-attachment-id=\"6425\" data-type=\"image\" class=\"fg-thumb\"><span class=\"fg-image-wrap\"><img decoding=\"async\" height=\"150\" width=\"113\" class=\"skip-lazy fg-image\" data-src-fg=\"https:\/\/parafiabierzwnik.pl\/wp-content\/uploads\/2024\/04\/wystroj-wn2024-bierzwnik-23.jpg\" src=\"data:image\/svg+xml,%3Csvg%20xmlns%3D%22http%3A%2F%2Fwww.w3.org%2F2000%2Fsvg%22%20width%3D%22113%22%20height%3D%22150%22%20viewBox%3D%220%200%20113%20150%22%3E%3C%2Fsvg%3E\" loading=\"eager\"><\/span><span class=\"fg-image-overlay\"><\/span><\/a><\/figure><div class=\"fg-loader\"><\/div><\/div><div class=\"fg-item fg-type-image fg-idle\"><figure class=\"fg-item-inner\"><a href=\"https:\/\/parafiabierzwnik.pl\/wp-content\/uploads\/2024\/04\/wystroj-wn2024-bierzwnik-22.jpg\" data-attachment-id=\"6424\" data-type=\"image\" class=\"fg-thumb\"><span class=\"fg-image-wrap\"><img decoding=\"async\" height=\"150\" width=\"113\" class=\"skip-lazy fg-image\" data-src-fg=\"https:\/\/parafiabierzwnik.pl\/wp-content\/uploads\/2024\/04\/wystroj-wn2024-bierzwnik-22.jpg\" src=\"data:image\/svg+xml,%3Csvg%20xmlns%3D%22http%3A%2F%2Fwww.w3.org%2F2000%2Fsvg%22%20width%3D%22113%22%20height%3D%22150%22%20viewBox%3D%220%200%20113%20150%22%3E%3C%2Fsvg%3E\" loading=\"eager\"><\/span><span class=\"fg-image-overlay\"><\/span><\/a><\/figure><div class=\"fg-loader\"><\/div><\/div><div class=\"fg-item fg-type-image fg-idle\"><figure class=\"fg-item-inner\"><a href=\"https:\/\/parafiabierzwnik.pl\/wp-content\/uploads\/2024\/04\/wystroj-wn2024-bierzwnik-21.jpg\" data-attachment-id=\"6423\" data-type=\"image\" class=\"fg-thumb\"><span class=\"fg-image-wrap\"><img decoding=\"async\" height=\"150\" width=\"113\" class=\"skip-lazy fg-image\" data-src-fg=\"https:\/\/parafiabierzwnik.pl\/wp-content\/uploads\/2024\/04\/wystroj-wn2024-bierzwnik-21.jpg\" src=\"data:image\/svg+xml,%3Csvg%20xmlns%3D%22http%3A%2F%2Fwww.w3.org%2F2000%2Fsvg%22%20width%3D%22113%22%20height%3D%22150%22%20viewBox%3D%220%200%20113%20150%22%3E%3C%2Fsvg%3E\" loading=\"eager\"><\/span><span class=\"fg-image-overlay\"><\/span><\/a><\/figure><div class=\"fg-loader\"><\/div><\/div><div class=\"fg-item fg-type-image fg-idle\"><figure class=\"fg-item-inner\"><a href=\"https:\/\/parafiabierzwnik.pl\/wp-content\/uploads\/2024\/04\/wystroj-wn2024-bierzwnik-20.jpg\" data-attachment-id=\"6422\" data-type=\"image\" class=\"fg-thumb\"><span class=\"fg-image-wrap\"><img decoding=\"async\" height=\"150\" width=\"113\" class=\"skip-lazy fg-image\" data-src-fg=\"https:\/\/parafiabierzwnik.pl\/wp-content\/uploads\/2024\/04\/wystroj-wn2024-bierzwnik-20.jpg\" src=\"data:image\/svg+xml,%3Csvg%20xmlns%3D%22http%3A%2F%2Fwww.w3.org%2F2000%2Fsvg%22%20width%3D%22113%22%20height%3D%22150%22%20viewBox%3D%220%200%20113%20150%22%3E%3C%2Fsvg%3E\" loading=\"eager\"><\/span><span class=\"fg-image-overlay\"><\/span><\/a><\/figure><div class=\"fg-loader\"><\/div><\/div><div class=\"fg-item fg-type-image fg-idle\"><figure class=\"fg-item-inner\"><a href=\"https:\/\/parafiabierzwnik.pl\/wp-content\/uploads\/2024\/04\/wystroj-wn2024-bierzwnik-19.jpg\" data-attachment-id=\"6421\" data-type=\"image\" class=\"fg-thumb\"><span class=\"fg-image-wrap\"><img decoding=\"async\" height=\"150\" width=\"113\" class=\"skip-lazy fg-image\" data-src-fg=\"https:\/\/parafiabierzwnik.pl\/wp-content\/uploads\/2024\/04\/wystroj-wn2024-bierzwnik-19.jpg\" src=\"data:image\/svg+xml,%3Csvg%20xmlns%3D%22http%3A%2F%2Fwww.w3.org%2F2000%2Fsvg%22%20width%3D%22113%22%20height%3D%22150%22%20viewBox%3D%220%200%20113%20150%22%3E%3C%2Fsvg%3E\" loading=\"eager\"><\/span><span class=\"fg-image-overlay\"><\/span><\/a><\/figure><div class=\"fg-loader\"><\/div><\/div><div class=\"fg-item fg-type-image fg-idle\"><figure class=\"fg-item-inner\"><a href=\"https:\/\/parafiabierzwnik.pl\/wp-content\/uploads\/2024\/04\/wystroj-wn2024-bierzwnik-15.jpg\" data-attachment-id=\"6417\" data-type=\"image\" class=\"fg-thumb\"><span class=\"fg-image-wrap\"><img decoding=\"async\" height=\"150\" width=\"113\" class=\"skip-lazy fg-image\" data-src-fg=\"https:\/\/parafiabierzwnik.pl\/wp-content\/uploads\/2024\/04\/wystroj-wn2024-bierzwnik-15.jpg\" src=\"data:image\/svg+xml,%3Csvg%20xmlns%3D%22http%3A%2F%2Fwww.w3.org%2F2000%2Fsvg%22%20width%3D%22113%22%20height%3D%22150%22%20viewBox%3D%220%200%20113%20150%22%3E%3C%2Fsvg%3E\" loading=\"eager\"><\/span><span class=\"fg-image-overlay\"><\/span><\/a><\/figure><div class=\"fg-loader\"><\/div><\/div><div class=\"fg-item fg-type-image fg-idle\"><figure class=\"fg-item-inner\"><a href=\"https:\/\/parafiabierzwnik.pl\/wp-content\/uploads\/2024\/04\/wystroj-wn2024-bierzwnik-16.jpg\" data-attachment-id=\"6418\" data-type=\"image\" class=\"fg-thumb\"><span class=\"fg-image-wrap\"><img decoding=\"async\" height=\"150\" width=\"113\" class=\"skip-lazy fg-image\" data-src-fg=\"https:\/\/parafiabierzwnik.pl\/wp-content\/uploads\/2024\/04\/wystroj-wn2024-bierzwnik-16.jpg\" src=\"data:image\/svg+xml,%3Csvg%20xmlns%3D%22http%3A%2F%2Fwww.w3.org%2F2000%2Fsvg%22%20width%3D%22113%22%20height%3D%22150%22%20viewBox%3D%220%200%20113%20150%22%3E%3C%2Fsvg%3E\" loading=\"eager\"><\/span><span class=\"fg-image-overlay\"><\/span><\/a><\/figure><div class=\"fg-loader\"><\/div><\/div><div class=\"fg-item fg-type-image fg-idle\"><figure class=\"fg-item-inner\"><a href=\"https:\/\/parafiabierzwnik.pl\/wp-content\/uploads\/2024\/04\/wystroj-wn2024-bierzwnik-11.jpg\" data-attachment-id=\"6413\" data-type=\"image\" class=\"fg-thumb\"><span class=\"fg-image-wrap\"><img decoding=\"async\" height=\"150\" width=\"113\" class=\"skip-lazy fg-image\" data-src-fg=\"https:\/\/parafiabierzwnik.pl\/wp-content\/uploads\/2024\/04\/wystroj-wn2024-bierzwnik-11.jpg\" src=\"data:image\/svg+xml,%3Csvg%20xmlns%3D%22http%3A%2F%2Fwww.w3.org%2F2000%2Fsvg%22%20width%3D%22113%22%20height%3D%22150%22%20viewBox%3D%220%200%20113%20150%22%3E%3C%2Fsvg%3E\" loading=\"eager\"><\/span><span class=\"fg-image-overlay\"><\/span><\/a><\/figure><div class=\"fg-loader\"><\/div><\/div><div class=\"fg-item fg-type-image fg-idle\"><figure class=\"fg-item-inner\"><a href=\"https:\/\/parafiabierzwnik.pl\/wp-content\/uploads\/2024\/04\/wystroj-wn2024-bierzwnik-12.jpg\" data-attachment-id=\"6414\" data-type=\"image\" class=\"fg-thumb\"><span class=\"fg-image-wrap\"><img decoding=\"async\" height=\"150\" width=\"113\" class=\"skip-lazy fg-image\" data-src-fg=\"https:\/\/parafiabierzwnik.pl\/wp-content\/uploads\/2024\/04\/wystroj-wn2024-bierzwnik-12.jpg\" src=\"data:image\/svg+xml,%3Csvg%20xmlns%3D%22http%3A%2F%2Fwww.w3.org%2F2000%2Fsvg%22%20width%3D%22113%22%20height%3D%22150%22%20viewBox%3D%220%200%20113%20150%22%3E%3C%2Fsvg%3E\" loading=\"eager\"><\/span><span class=\"fg-image-overlay\"><\/span><\/a><\/figure><div class=\"fg-loader\"><\/div><\/div><div class=\"fg-item fg-type-image fg-idle\"><figure class=\"fg-item-inner\"><a href=\"https:\/\/parafiabierzwnik.pl\/wp-content\/uploads\/2024\/04\/wystroj-wn2024-bierzwnik-17.jpg\" data-attachment-id=\"6419\" data-type=\"image\" class=\"fg-thumb\"><span class=\"fg-image-wrap\"><img decoding=\"async\" height=\"150\" width=\"113\" class=\"skip-lazy fg-image\" data-src-fg=\"https:\/\/parafiabierzwnik.pl\/wp-content\/uploads\/2024\/04\/wystroj-wn2024-bierzwnik-17.jpg\" src=\"data:image\/svg+xml,%3Csvg%20xmlns%3D%22http%3A%2F%2Fwww.w3.org%2F2000%2Fsvg%22%20width%3D%22113%22%20height%3D%22150%22%20viewBox%3D%220%200%20113%20150%22%3E%3C%2Fsvg%3E\" loading=\"eager\"><\/span><span class=\"fg-image-overlay\"><\/span><\/a><\/figure><div class=\"fg-loader\"><\/div><\/div><div class=\"fg-item fg-type-image fg-idle\"><figure class=\"fg-item-inner\"><a href=\"https:\/\/parafiabierzwnik.pl\/wp-content\/uploads\/2024\/04\/wystroj-wn2024-bierzwnik-18.jpg\" data-attachment-id=\"6420\" data-type=\"image\" class=\"fg-thumb\"><span class=\"fg-image-wrap\"><img decoding=\"async\" height=\"150\" width=\"113\" class=\"skip-lazy fg-image\" data-src-fg=\"https:\/\/parafiabierzwnik.pl\/wp-content\/uploads\/2024\/04\/wystroj-wn2024-bierzwnik-18.jpg\" src=\"data:image\/svg+xml,%3Csvg%20xmlns%3D%22http%3A%2F%2Fwww.w3.org%2F2000%2Fsvg%22%20width%3D%22113%22%20height%3D%22150%22%20viewBox%3D%220%200%20113%20150%22%3E%3C%2Fsvg%3E\" loading=\"eager\"><\/span><span class=\"fg-image-overlay\"><\/span><\/a><\/figure><div class=\"fg-loader\"><\/div><\/div><div class=\"fg-item fg-type-image fg-idle\"><figure class=\"fg-item-inner\"><a href=\"https:\/\/parafiabierzwnik.pl\/wp-content\/uploads\/2024\/04\/wystroj-wn2024-bierzwnik-13.jpg\" data-attachment-id=\"6415\" data-type=\"image\" class=\"fg-thumb\"><span class=\"fg-image-wrap\"><img decoding=\"async\" height=\"150\" width=\"113\" class=\"skip-lazy fg-image\" data-src-fg=\"https:\/\/parafiabierzwnik.pl\/wp-content\/uploads\/2024\/04\/wystroj-wn2024-bierzwnik-13.jpg\" src=\"data:image\/svg+xml,%3Csvg%20xmlns%3D%22http%3A%2F%2Fwww.w3.org%2F2000%2Fsvg%22%20width%3D%22113%22%20height%3D%22150%22%20viewBox%3D%220%200%20113%20150%22%3E%3C%2Fsvg%3E\" loading=\"eager\"><\/span><span class=\"fg-image-overlay\"><\/span><\/a><\/figure><div class=\"fg-loader\"><\/div><\/div><\/div>\n\n","protected":false},"excerpt":{"rendered":"<div class=\"mh-excerpt\"><\/div>","protected":false},"author":1,"featured_media":2158,"parent":0,"menu_order":0,"comment_status":"closed","ping_status":"closed","template":"","meta":{"_monsterinsights_skip_tracking":false,"_monsterinsights_sitenote_active":false,"_monsterinsights_sitenote_note":"","_monsterinsights_sitenote_category":0,"footnotes":""},"folder":[19],"class_list":["post-6483","page","type-page","status-publish","has-post-thumbnail","hentry"],"_links":{"self":[{"href":"https:\/\/parafiabierzwnik.pl\/index.php?rest_route=\/wp\/v2\/pages\/6483","targetHints":{"allow":["GET"]}}],"collection":[{"href":"https:\/\/parafiabierzwnik.pl\/index.php?rest_route=\/wp\/v2\/pages"}],"about":[{"href":"https:\/\/parafiabierzwnik.pl\/index.php?rest_route=\/wp\/v2\/types\/page"}],"author":[{"embeddable":true,"href":"https:\/\/parafiabierzwnik.pl\/index.php?rest_route=\/wp\/v2\/users\/1"}],"replies":[{"embeddable":true,"href":"https:\/\/parafiabierzwnik.pl\/index.php?rest_route=%2Fwp%2Fv2%2Fcomments&post=6483"}],"version-history":[{"count":1,"href":"https:\/\/parafiabierzwnik.pl\/index.php?rest_route=\/wp\/v2\/pages\/6483\/revisions"}],"predecessor-version":[{"id":6484,"href":"https:\/\/parafiabierzwnik.pl\/index.php?rest_route=\/wp\/v2\/pages\/6483\/revisions\/6484"}],"wp:featuredmedia":[{"embeddable":true,"href":"https:\/\/parafiabierzwnik.pl\/index.php?rest_route=\/wp\/v2\/media\/2158"}],"wp:attachment":[{"href":"https:\/\/parafiabierzwnik.pl\/index.php?rest_route=%2Fwp%2Fv2%2Fmedia&parent=6483"}],"wp:term":[{"taxonomy":"folder","embeddable":true,"href":"https:\/\/parafiabierzwnik.pl\/index.php?rest_route=%2Fwp%2Fv2%2Ffolder&post=6483"}],"curies":[{"name":"wp","href":"https:\/\/api.w.org\/{rel}","templated":true}]}}