{"id":6219,"date":"2024-02-15T10:25:47","date_gmt":"2024-02-15T09:25:47","guid":{"rendered":"https:\/\/parafiabierzwnik.pl\/?page_id=6219"},"modified":"2024-02-27T21:46:41","modified_gmt":"2024-02-27T20:46:41","slug":"gorzkie-zale","status":"publish","type":"page","link":"https:\/\/parafiabierzwnik.pl\/?page_id=6219","title":{"rendered":"Gorzkie \u017cale"},"content":{"rendered":"\n<h4><span style=\"font-family: tahoma, arial, helvetica, sans-serif;\"><b>Pobudka<\/b><\/span><\/h4>\n<p><span style=\"font-family: tahoma, arial, helvetica, sans-serif;\">Gorzkie \u017cale, przybywajcie, Serca nasze przenikajcie, Serca nasze przenikajcie, Rozp\u0142y\u0144cie si\u0119, me \u017arenice, Toczcie smutnych \u0142ez krynice.<\/span><br \/><span style=\"font-family: tahoma, arial, helvetica, sans-serif;\">S\u0142o\u0144ce, gwiazdy omdlewaj\u0105, \u017ba\u0142ob\u0105 si\u0119 pokrywaj\u0105, P\u0142acz\u0105 rzewnie Anio\u0142owie, A kt\u00f3\u017c \u017ca\u0142o\u015b\u0107 ich wypowie, A kt\u00f3\u017c \u017ca\u0142o\u015b\u0107 ich wypowie?<\/span><br \/><span style=\"font-family: tahoma, arial, helvetica, sans-serif;\">Opoki si\u0119 twarde kraj\u0105, Z grob\u00f3w umarli powstaj\u0105, C\u00f3\u017c jest, pytam, co si\u0119 dzieje? Wszystko stworzenie truchleje!<\/span><br \/><span style=\"font-family: tahoma, arial, helvetica, sans-serif;\">Na b\u00f3l M\u0119ki Chrystusowej, \u017bal przejmuje bez wymowy, Uderz, Jezu, bez odw\u0142oki, W twarde serc naszych opoki!<\/span><br \/><span style=\"font-family: tahoma, arial, helvetica, sans-serif;\">Jezu m\u00f3j, we krwi ran Swoich, Obmyj dusz\u0119 z grzech\u00f3w moich! Upa\u0142 serca swego ch\u0142odz\u0119, Gdy w przepa\u015b\u0107 M\u0119ki Twej wchodz\u0119.<\/span><\/p>\n<h3><span style=\"font-family: tahoma, arial, helvetica, sans-serif;\"><b>CZ\u0118\u015a\u0106 PIERWSZA<\/b><\/span><\/h3>\n<h4><span style=\"font-family: tahoma, arial, helvetica, sans-serif;\"><b>Intencja<\/b><\/span><\/h4>\n<p><span style=\"font-family: tahoma, arial, helvetica, sans-serif;\">Przy pomocy \u0142aski Bo\u017cej przyst\u0119pujemy do rozwa\u017cania m\u0119ki Pana naszego Jezusa Chrystusa.<\/span><br \/><span style=\"font-family: tahoma, arial, helvetica, sans-serif;\">W pierwszej cz\u0119\u015bci b\u0119dziemy rozwa\u017cali, co Pan Jezus wycierpia\u0142 od modlitwy w Ogr\u00f3jcu a\u017c do nies\u0142usznego oskar\u017cenia przed s\u0105dem. Te zniewagi i zel\u017cywo\u015bci temu\u017c Panu za nas bolej\u0105cemu ofiarujmy: za Ko\u015bci\u00f3\u0142 \u015bwi\u0119ty katolicki, za najwy\u017cszego Pasterza z ca\u0142ym duchowie\u0144stwem, nadto za nieprzyjaci\u00f3\u0142 krzy\u017ca Chrystusowego i wszystkich niewiernych, aby im Pan B\u00f3g da\u0142 \u0142ask\u0119 nawr\u00f3cenia i opami\u0119tania.<\/span><\/p>\n<h4><span style=\"font-family: tahoma, arial, helvetica, sans-serif;\"><b>Hymn<\/b><\/span><\/h4>\n<p><span style=\"font-family: tahoma, arial, helvetica, sans-serif;\">\u017bal dusz\u0119 \u015bciska, serce bole\u015b\u0107 czuje,<\/span><br \/><span style=\"font-family: tahoma, arial, helvetica, sans-serif;\">Gdy s\u0142odki Jezus na \u015bmier\u0107 si\u0119 gotuje;<\/span><br \/><span style=\"font-family: tahoma, arial, helvetica, sans-serif;\">Kl\u0119czy w Ogr\u00f3jcu, gdy krwawy pot leje,<\/span><br \/><span style=\"font-family: tahoma, arial, helvetica, sans-serif;\">Me serce mdleje.<\/span><\/p>\n<p><span style=\"font-family: tahoma, arial, helvetica, sans-serif;\">Pana \u015bwi\u0119to\u015bci ucze\u0144 z\u0142y ca\u0142uje,<\/span><br \/><span style=\"font-family: tahoma, arial, helvetica, sans-serif;\">\u017bo\u0142nierz okrutny powr\u00f3zmi kr\u0119puje,<\/span><br \/><span style=\"font-family: tahoma, arial, helvetica, sans-serif;\">Jezus tym wi\u0119zom dla nas si\u0119 poddaje,<\/span><br \/><span style=\"font-family: tahoma, arial, helvetica, sans-serif;\">Na \u015bmier\u0107 wydaje.<\/span><\/p>\n<p><span style=\"font-family: tahoma, arial, helvetica, sans-serif;\">Bije, popycha t\u0142um nieposkromiony<\/span><br \/><span style=\"font-family: tahoma, arial, helvetica, sans-serif;\">Nielito\u015bciwie z tej i owej strony,<\/span><br \/><span style=\"font-family: tahoma, arial, helvetica, sans-serif;\">Za w\u0142osy targa; znosi w cierpliwo\u015bci<\/span><br \/><span style=\"font-family: tahoma, arial, helvetica, sans-serif;\">Kr\u00f3l z wysoko\u015bci.<\/span><\/p>\n<p><span style=\"font-family: tahoma, arial, helvetica, sans-serif;\">Zsinia\u0142e przedtem krwi\u0105 zachodz\u0105 usta,<\/span><br \/><span style=\"font-family: tahoma, arial, helvetica, sans-serif;\">Gdy zbrojn\u0105 \u017co\u0142nierz r\u0119kawic\u0105 chlusta;<\/span><br \/><span style=\"font-family: tahoma, arial, helvetica, sans-serif;\">Wnet si\u0119 zmieni\u0142o w p\u0142aczliwe wzdychanie<\/span><br \/><span style=\"font-family: tahoma, arial, helvetica, sans-serif;\">Serca kochanie.<\/span><\/p>\n<p><span style=\"font-family: tahoma, arial, helvetica, sans-serif;\">Oby si\u0119 serce we \u0142zy rozp\u0142ywa\u0142o,<\/span><br \/><span style=\"font-family: tahoma, arial, helvetica, sans-serif;\">\u017be Ci\u0119, m\u00f3j Jezu, spro\u015bnie obra\u017ca\u0142o!<\/span><br \/><span style=\"font-family: tahoma, arial, helvetica, sans-serif;\">\u017bal mi, ach, \u017cal mi ci\u0119\u017ckich moich z\u0142o\u015bci<\/span><br \/><span style=\"font-family: tahoma, arial, helvetica, sans-serif;\">Dla Twej mi\u0142o\u015bci.<\/span><\/p>\n<h4><span style=\"font-family: tahoma, arial, helvetica, sans-serif;\"><b>Lament duszy nad cierpi\u0105cym Jezusem<\/b><\/span><\/h4>\n<p><span style=\"font-family: tahoma, arial, helvetica, sans-serif;\">Jezu, na zabicie okrutne, Cichy Baranku od wrog\u00f3w szukany, Jezu m\u00f3j kochany!<\/span><br \/><span style=\"font-family: tahoma, arial, helvetica, sans-serif;\">Jezu, za trzydzie\u015bci srebrnik\u00f3w, od niewdzi\u0119cznego ucznia zaprzedany, Jezu m\u00f3j kochany!<\/span><br \/><span style=\"font-family: tahoma, arial, helvetica, sans-serif;\">Jezu, w ci\u0119\u017ckim smutku \u017ca\u0142o\u015bci\u0105, Jako\u015b sam wyzna\u0142 przed \u015bmierci\u0105 n\u0119kany, Jezu m\u00f3j kochany!<\/span><br \/><span style=\"font-family: tahoma, arial, helvetica, sans-serif;\">Jezu, na modlitwie w Ogr\u00f3jcu, strumieniem potu krwawego zalany, Jezu m\u00f3j kochany!<\/span><br \/><span style=\"font-family: tahoma, arial, helvetica, sans-serif;\">Jezu, ca\u0142owaniem zdradliwym, od niegodnego Judasza wydany, Jezu m\u00f3j kochany!<\/span><br \/><span style=\"font-family: tahoma, arial, helvetica, sans-serif;\">Jezu, powrozami grubymi, od swawolnego \u017co\u0142dactwa zwi\u0105zany, Jezu m\u00f3j kochany!<\/span><br \/><span style=\"font-family: tahoma, arial, helvetica, sans-serif;\">Jezu, od posp\u00f3lstwa zel\u017cywie, Przed Annaszowym s\u0105dem zniewa\u017cany, Jezu m\u00f3j kochany!<\/span><br \/><span style=\"font-family: tahoma, arial, helvetica, sans-serif;\">Jezu, przez ulice sromotnie, Przed s\u0105d Kajfasza za w\u0142osy targany, Jezu m\u00f3j kochany!<\/span><br \/><span style=\"font-family: tahoma, arial, helvetica, sans-serif;\">Jezu, od Malchusa srogiego, R\u0119k\u0105 zbrodnicz\u0105 wypoliczkowany, Jezu m\u00f3j kochany!<\/span><br \/><span style=\"font-family: tahoma, arial, helvetica, sans-serif;\">Jezu, od fa\u0142szywych dw\u00f3ch \u015bwiadk\u00f3w, Za zwodziciela nies\u0142usznie podany, Jezu m\u00f3j kochany!<\/span><\/p>\n<p><span style=\"font-family: tahoma, arial, helvetica, sans-serif;\">B\u0105d\u017a pozdrowiony, b\u0105d\u017a pochwalony, dla nas zel\u017cony i poha\u0144biony!<\/span><br \/><span style=\"font-family: tahoma, arial, helvetica, sans-serif;\">B\u0105d\u017a uwielbiony, b\u0105d\u017a wys\u0142awiony, Bo\u017ce niesko\u0144czony!<\/span><\/p>\n<h4><span style=\"font-family: tahoma, arial, helvetica, sans-serif;\"><b>Rozmowa duszy z Matk\u0105 Bolesn\u0105<\/b><\/span><\/h4>\n<p><span style=\"font-family: tahoma, arial, helvetica, sans-serif;\">Ach! Ja Matka tak \u017ca\u0142osna! Bole\u015b\u0107 Mnie \u015bciska niezno\u015bna,<\/span><br \/><span style=\"font-family: tahoma, arial, helvetica, sans-serif;\">Miecz Me serce przenika, Miecz Me serce przenika.<\/span><br \/><span style=\"font-family: tahoma, arial, helvetica, sans-serif;\">Czemu\u015b, Matko ukochana, Ci\u0119\u017cko na sercu stroskana? Czemu wszystka truchlejesz?<\/span><br \/><span style=\"font-family: tahoma, arial, helvetica, sans-serif;\">Co mi\u0119 pytasz, wszystkam w md\u0142o\u015bci, M\u00f3wi\u0107 nie mog\u0119 z \u017ca\u0142o\u015bci, Krew mi serce zalewa.<\/span><br \/><span style=\"font-family: tahoma, arial, helvetica, sans-serif;\">Powiedz mi, o Panno moja, Czemu blednieje twarz Twoja? Czemu gorzkie \u0142zy lejesz?<\/span><br \/><span style=\"font-family: tahoma, arial, helvetica, sans-serif;\">Widz\u0119, \u017ce Syn ukochany, W Ogr\u00f3jcu ca\u0142y zalany, Potu krwawym potokiem.<\/span><br \/><span style=\"font-family: tahoma, arial, helvetica, sans-serif;\">O Matko, \u017ar\u00f3d\u0142o mi\u0142o\u015bci, Niech czuj\u0119 gwa\u0142t Twej \u017ca\u0142o\u015bci! Dozw\u00f3l mi z sob\u0105 p\u0142aka\u0107!<\/span><\/p>\n<p><span style=\"font-family: tahoma, arial, helvetica, sans-serif;\">(Je\u017celi si\u0119 \u015bpiewa jedn\u0105 tylko cz\u0119\u015b\u0107, dodaje si\u0119 3 razy:\u00a0<i>Kt\u00f3ry\u015b za nas cierpia\u0142 rany<\/i>)<\/span><\/p>\n<h3><span style=\"font-family: tahoma, arial, helvetica, sans-serif;\"><b>CZ\u0118\u015a\u0106 DRUGA<\/b><\/span><\/h3>\n<p><span style=\"font-family: tahoma, arial, helvetica, sans-serif;\"><i>Gorzkie \u017cale przybywajcie&#8230;<\/i><\/span><\/p>\n<h4><span style=\"font-family: tahoma, arial, helvetica, sans-serif;\"><b>Intencja<\/b><\/span><\/h4>\n<p><span style=\"font-family: tahoma, arial, helvetica, sans-serif;\">W drugiej cz\u0119\u015bci rozmy\u015blania M\u0119ki Pa\u0144skiej b\u0119dziemy rozwa\u017cali, co Pan Jezus wycierpia\u0142 od nies\u0142usznego przed s\u0105dem oskar\u017cenia a\u017c do okrutnego cierniem ukoronowania. Te za\u015b rany, zniewagi i zel\u017cywo\u015bci temu\u017c Jezusowi cierpi\u0105cemu ofiarujemy, prosz\u0105c Go o pomy\u015blno\u015b\u0107 dla Ojczyzny naszej, o pok\u00f3j , o zgod\u0119 dla wszystkich narod\u00f3w, a dla siebie o odpuszczenie grzech\u00f3w, oddalenie kl\u0119sk i nieszcz\u0119\u015b\u0107 doczesnych, a szczeg\u00f3lnie: zarazy, g\u0142odu , ognia i wojny.<\/span><\/p>\n<h4><span style=\"font-family: tahoma, arial, helvetica, sans-serif;\"><b>Hymn<\/b><\/span><\/h4>\n<p><span style=\"font-family: tahoma, arial, helvetica, sans-serif;\">Przypatrz si\u0119, duszo, jak ci\u0119 B\u00f3g mi\u0142uje,<\/span><br \/><span style=\"font-family: tahoma, arial, helvetica, sans-serif;\">Jako dla ciebie sobie nie folguje.<\/span><br \/><span style=\"font-family: tahoma, arial, helvetica, sans-serif;\">Przecie\u017c Go bardziej ni\u017c katowska dr\u0119czy,<\/span><br \/><span style=\"font-family: tahoma, arial, helvetica, sans-serif;\">Z\u0142o\u015b\u0107 twoja m\u0119czy.<\/span><\/p>\n<p><span style=\"font-family: tahoma, arial, helvetica, sans-serif;\">Stoi przed s\u0119dzi\u0105 Pan wszego stworzenia,<\/span><br \/><span style=\"font-family: tahoma, arial, helvetica, sans-serif;\">Cichy Baranek, z wielkiego wzgardzenia<\/span><br \/><span style=\"font-family: tahoma, arial, helvetica, sans-serif;\">Dla bia\u0142ej szaty, kt\u00f3r\u0105 jest odziany,<\/span><br \/><span style=\"font-family: tahoma, arial, helvetica, sans-serif;\">G\u0142upim nazwany.<\/span><\/p>\n<p><span style=\"font-family: tahoma, arial, helvetica, sans-serif;\">Za moje z\u0142o\u015bci grzbiet srodze biczuj\u0105;<\/span><br \/><span style=\"font-family: tahoma, arial, helvetica, sans-serif;\">P\u00f3jd\u017amy\u017c, grzesznicy, oto nam gotuj\u0105<\/span><br \/><span style=\"font-family: tahoma, arial, helvetica, sans-serif;\">Ze Krwi Jezusa dla serca och\u0142ody<\/span><br \/><span style=\"font-family: tahoma, arial, helvetica, sans-serif;\">Zdr\u00f3j \u017cywej wody.<\/span><\/p>\n<p><span style=\"font-family: tahoma, arial, helvetica, sans-serif;\">Pycha \u015bwiatowa niechaj, co chce, wr\u00f3\u017cy,<\/span><br \/><span style=\"font-family: tahoma, arial, helvetica, sans-serif;\">Co na swe skronie wije wieniec z r\u00f3\u017cy,<\/span><br \/><span style=\"font-family: tahoma, arial, helvetica, sans-serif;\">W szkar\u0142at na po\u015bmiech, cierniem Kr\u00f3l zraniony<\/span><br \/><span style=\"font-family: tahoma, arial, helvetica, sans-serif;\">Jest ozdobiony!<\/span><\/p>\n<p><span style=\"font-family: tahoma, arial, helvetica, sans-serif;\">Oby si\u0119 serce we \u0142zy rozp\u0142ywa\u0142o,<\/span><br \/><span style=\"font-family: tahoma, arial, helvetica, sans-serif;\">\u017be Ci\u0119 m\u00f3j Jezu, spro\u015bnie obra\u017ca\u0142o!<\/span><br \/><span style=\"font-family: tahoma, arial, helvetica, sans-serif;\">\u017bal mi, ach, \u017cal mi ci\u0119\u017ckich moich z\u0142o\u015bci<\/span><br \/><span style=\"font-family: tahoma, arial, helvetica, sans-serif;\">Dla Twej mi\u0142o\u015bci!<\/span><\/p>\n<h4><span style=\"font-family: tahoma, arial, helvetica, sans-serif;\"><b>Lament duszy nad cierpi\u0105cym Jezusem<\/b><\/span><\/h4>\n<p><span style=\"font-family: tahoma, arial, helvetica, sans-serif;\">Jezu, od posp\u00f3lstwa niewinnie, Jako \u0142otr godzien \u015bmierci obwo\u0142any, Jezu m\u00f3j kochany!<\/span><br \/><span style=\"font-family: tahoma, arial, helvetica, sans-serif;\">Jezu, od z\u0142o\u015bliwych morderc\u00f3w, Po \u015blicznej twarzy tak spro\u015bnie zeplwany, Jezu m\u00f3j kochany!<\/span><br \/><span style=\"font-family: tahoma, arial, helvetica, sans-serif;\">Jezu, pod przysi\u0119g\u0105 od Piotra, Po trzykro\u0107 z wielkiej boja\u017ani zaprzany, Jezu m\u00f3j kochany!<\/span><br \/><span style=\"font-family: tahoma, arial, helvetica, sans-serif;\">Jezu, od okrutnych oprawc\u00f3w, Na s\u0105d Pi\u0142ata jak zb\u00f3jca szarpany, Jezu m\u00f3j kochany!<\/span><br \/><span style=\"font-family: tahoma, arial, helvetica, sans-serif;\">Jezu, od Heroda i dworzan, Kr\u00f3lu niebieski, zel\u017cywie wy\u015bmiany, Jezu m\u00f3j kochany!<\/span><br \/><span style=\"font-family: tahoma, arial, helvetica, sans-serif;\">Jezu, w bia\u0142\u0105 szat\u0119 szydersko, na wi\u0119kszy po\u015bmiech i ha\u0144b\u0119 ubrany, Jezu m\u00f3j kochany!<\/span><br \/><span style=\"font-family: tahoma, arial, helvetica, sans-serif;\">Jezu, u kamiennego s\u0142upa, Niemi\u0142osiernie biczami wysmagany, Jezu m\u00f3j kochany!<\/span><br \/><span style=\"font-family: tahoma, arial, helvetica, sans-serif;\">Jezu, przez szyderstwo okrutne, cierniowym wie\u0144cem ukoronowany, Jezu m\u00f3j kochany!<\/span><br \/><span style=\"font-family: tahoma, arial, helvetica, sans-serif;\">Jezu, od \u017co\u0142nierzy niegodnie, Na po\u015bmiewisko purpur\u0105 odziany, Jezu m\u00f3j kochany!<\/span><br \/><span style=\"font-family: tahoma, arial, helvetica, sans-serif;\">Jezu, trzcin\u0105 po g\u0142owie bity, Kr\u00f3lu bole\u015bci, przez lud wyszydzany, Jezu m\u00f3j kochany!<\/span><\/p>\n<p><span style=\"font-family: tahoma, arial, helvetica, sans-serif;\">B\u0105d\u017a pozdrowiony, b\u0105d\u017a pochwalony, dla nas zel\u017cony i poha\u0144biony!<\/span><br \/><span style=\"font-family: tahoma, arial, helvetica, sans-serif;\">B\u0105d\u017a uwielbiony, b\u0105d\u017a wys\u0142awiony, Bo\u017ce niesko\u0144czony!<\/span><\/p>\n<h4><span style=\"font-family: tahoma, arial, helvetica, sans-serif;\"><b>Rozmowa duszy z Matk\u0105 Bolesn\u0105<\/b><\/span><\/h4>\n<p><span style=\"font-family: tahoma, arial, helvetica, sans-serif;\">Ach, widz\u0119 Syna mojego, Przy s\u0142upie obna\u017conego, R\u00f3zgami zsieczonego!<\/span><br \/><span style=\"font-family: tahoma, arial, helvetica, sans-serif;\">\u015awi\u0119ta Panno, upro\u015b dla mnie, Bym ran Syna Twego znami\u0119, Mia\u0142 na sercu wyryte!<\/span><br \/><span style=\"font-family: tahoma, arial, helvetica, sans-serif;\">Ach, widz\u0119 jako niezmiernie, Ostre g\u0142ow\u0119 rani ciernie! Dusza moja ustaje.<\/span><br \/><span style=\"font-family: tahoma, arial, helvetica, sans-serif;\">O Maryjo, Syna swego, Ostrym cierniem zranionego, Podziel\u017ce ze mn\u0105 m\u0119k\u0119!<\/span><br \/><span style=\"font-family: tahoma, arial, helvetica, sans-serif;\">Obym ja, Matka strapiona, Mog\u0142a na swoje ramiona, Z\u0142o\u017cy\u0107 krzy\u017c Tw\u00f3j, Synu m\u00f3j!<\/span><br \/><span style=\"font-family: tahoma, arial, helvetica, sans-serif;\">Prosz\u0119, o Panno jedyna, Niechaj krzy\u017c Twojego Syna, Zawsze w sercu swym nosz\u0119!<\/span><\/p>\n<p><span style=\"font-family: tahoma, arial, helvetica, sans-serif;\">( 3 razy:\u00a0<i>Kt\u00f3ry\u015b za nas cierpia\u0142 rany<\/i>)<\/span><\/p>\n<h3><span style=\"font-family: tahoma, arial, helvetica, sans-serif;\"><b>CZ\u0118\u015a\u0106 TRZECIA<\/b><\/span><\/h3>\n<p><span style=\"font-family: tahoma, arial, helvetica, sans-serif;\"><i>Gorzkie \u017cale przybywajcie&#8230;<\/i><\/span><\/p>\n<h4><span style=\"font-family: tahoma, arial, helvetica, sans-serif;\"><b>Intencja<\/b><\/span><\/h4>\n<p><span style=\"font-family: tahoma, arial, helvetica, sans-serif;\">W ostatniej cz\u0119\u015bci b\u0119dziemy rozwa\u017cali, co Pan Jezus cierpia\u0142 od chwili ukoronowania a\u017c do ci\u0119\u017ckiego skonania na krzy\u017cu. Te blu\u017anierstwa, zel\u017cywo\u015bci i zniewagi, jakie Mu wyrz\u0105dzono, ofiarujemy za grzesznik\u00f3w zatwardzia\u0142ych, aby Zbawiciel pobudzi\u0142 ich serca zb\u0142\u0105kane do pokuty i prawdziwej poprawy \u017cycia, oraz za dusze w czy\u015b\u0107cu cierpi\u0105ce, aby im lito\u015bciwy Jezus Krwi\u0105 swoj\u0105 \u015bwi\u0119t\u0105 ogie\u0144 zgasi\u0142; pro\u015bmy nadto, by i nam wyjedna\u0142 na godzin\u0119 \u015bmierci skruch\u0119 za grzechy i szcz\u0119\u015bliwe w \u0142asce Bo\u017cej wytrwanie.<\/span><\/p>\n<h4><span style=\"font-family: tahoma, arial, helvetica, sans-serif;\"><b>Hymn<\/b><\/span><\/h4>\n<p><span style=\"font-family: tahoma, arial, helvetica, sans-serif;\">Duszo ozi\u0119b\u0142a, czemu nie gorejesz?<\/span><br \/><span style=\"font-family: tahoma, arial, helvetica, sans-serif;\">Serce me, czemu ca\u0142e nie truchlejesz?<\/span><br \/><span style=\"font-family: tahoma, arial, helvetica, sans-serif;\">Toczy tw\u00f3j Jezus z ognistej mi\u0142o\u015bci<\/span><br \/><span style=\"font-family: tahoma, arial, helvetica, sans-serif;\">Krew w obfito\u015bci.<\/span><\/p>\n<p><span style=\"font-family: tahoma, arial, helvetica, sans-serif;\">Ogie\u0144 mi\u0142o\u015bci, gdy Go tak rozpala,<\/span><br \/><span style=\"font-family: tahoma, arial, helvetica, sans-serif;\">Sromotne drzewo na ramiona zwala;<\/span><br \/><span style=\"font-family: tahoma, arial, helvetica, sans-serif;\">Zemdlony Jezus pod krzy\u017cem ukl\u0119ka,<\/span><br \/><span style=\"font-family: tahoma, arial, helvetica, sans-serif;\">J\u0119czy i st\u0119ka.<\/span><br \/><span style=\"font-family: tahoma, arial, helvetica, sans-serif;\">Okrutnym katom pos\u0142uszny si\u0119 staje,<\/span><br \/><span style=\"font-family: tahoma, arial, helvetica, sans-serif;\">R\u0119ce i nogi przebi\u0107 sobie daje,<\/span><br \/><span style=\"font-family: tahoma, arial, helvetica, sans-serif;\">Wisi na krzy\u017cu, b\u00f3l ponosi srogi<\/span><br \/><span style=\"font-family: tahoma, arial, helvetica, sans-serif;\">Nasz Zbawca drogi.<\/span><\/p>\n<p><span style=\"font-family: tahoma, arial, helvetica, sans-serif;\">O s\u0142odkie drzewo, spu\u015b\u0107\u017ce nam ju\u017c cia\u0142o,<\/span><br \/><span style=\"font-family: tahoma, arial, helvetica, sans-serif;\">Aby na tobie d\u0142u\u017cej nie wisia\u0142o!<\/span><br \/><span style=\"font-family: tahoma, arial, helvetica, sans-serif;\">My je uczciwie w grobie po\u0142o\u017cymy,<\/span><br \/><span style=\"font-family: tahoma, arial, helvetica, sans-serif;\">P\u0142acz uczynimy.<\/span><\/p>\n<p><span style=\"font-family: tahoma, arial, helvetica, sans-serif;\">Oby si\u0119 serce we \u0142zy rozp\u0142ywa\u0142o,<\/span><br \/><span style=\"font-family: tahoma, arial, helvetica, sans-serif;\">\u017be Ci\u0119, m\u00f3j Jezu, spro\u015bnie obra\u017ca\u0142o!<\/span><br \/><span style=\"font-family: tahoma, arial, helvetica, sans-serif;\">\u017bal mi, ach \u017cal mi ci\u0119\u017ckich moich z\u0142o\u015bci<\/span><br \/><span style=\"font-family: tahoma, arial, helvetica, sans-serif;\">Dla Twej mi\u0142o\u015bci!<\/span><\/p>\n<p><span style=\"font-family: tahoma, arial, helvetica, sans-serif;\">Niech Ci, m\u00f3j Jezu, cze\u015b\u0107 b\u0119dzie w wieczno\u015bci<\/span><br \/><span style=\"font-family: tahoma, arial, helvetica, sans-serif;\">Za Twe obelgi, m\u0119ki, zel\u017cywo\u015bci,<\/span><br \/><span style=\"font-family: tahoma, arial, helvetica, sans-serif;\">Kt\u00f3re\u015b ochotnie, Syn Boga jedyny,<\/span><br \/><span style=\"font-family: tahoma, arial, helvetica, sans-serif;\">Cierpia\u0142 bez winy!<\/span><\/p>\n<h4><span style=\"font-family: tahoma, arial, helvetica, sans-serif;\"><b>Lament duszy nad cierpi\u0105cym Jezusem<\/b><\/span><\/h4>\n<p><span style=\"font-family: tahoma, arial, helvetica, sans-serif;\">Jezu, od posp\u00f3lstwa niezbo\u017cnie, Jako z\u0142oczy\u0144ca z \u0142otry por\u00f3wnany, Jezu m\u00f3j kochany!<\/span><br \/><span style=\"font-family: tahoma, arial, helvetica, sans-serif;\">Jezu, od Pi\u0142ata nies\u0142usznie, Na \u015bmier\u0107 krzy\u017cow\u0105 za ludzi skazany, Jezu m\u00f3j kochany!<\/span><br \/><span style=\"font-family: tahoma, arial, helvetica, sans-serif;\">Jezu, srogim krzy\u017ca ci\u0119\u017carem, Na kalwaryjskiej drodze zmordowany, Jezu m\u00f3j kochany!<\/span><br \/><span style=\"font-family: tahoma, arial, helvetica, sans-serif;\">Jezu, do sromotnego drzewa, Przyt\u0119pionymi gwo\u017ad\u017ami przykowany, Jezu m\u00f3j kochany!<\/span><br \/><span style=\"font-family: tahoma, arial, helvetica, sans-serif;\">Jezu, jawnie po\u015br\u00f3d dwu \u0142otr\u00f3w, Na drzewie ha\u0144by ukrzy\u017cowany, Jezu m\u00f3j kochany!<\/span><br \/><span style=\"font-family: tahoma, arial, helvetica, sans-serif;\">Jezu, od stoj\u0105cych woko\u0142o, I od przechodz\u0105cych szyderczo wy\u015bmiany, Jezu m\u00f3j kochany!<\/span><br \/><span style=\"font-family: tahoma, arial, helvetica, sans-serif;\">Jezu, blu\u017anierstwami od z\u0142ego, Wsp\u00f3\u0142wisz\u0105cego \u0142otra wyszydzany, Jezu m\u00f3j kochany!<\/span><br \/><span style=\"font-family: tahoma, arial, helvetica, sans-serif;\">Jezu, gorzk\u0105 \u017c\u00f3\u0142ci\u0105 i octem, W wielkim pragnieniu swoim napawany, Jezu m\u00f3j kochany!<\/span><br \/><span style=\"font-family: tahoma, arial, helvetica, sans-serif;\">Jezu, w swej mi\u0142o\u015bci niezmiernej, Jeszcze po \u015bmierci w\u0142\u00f3czni\u0105 przeorany, Jezu m\u00f3j kochany!<\/span><br \/><span style=\"font-family: tahoma, arial, helvetica, sans-serif;\">Jezu, od J\u00f3zefa uczciwie, I od Nikodema w grobie pochowany, Jezu m\u00f3j kochany!<\/span><\/p>\n<p><span style=\"font-family: tahoma, arial, helvetica, sans-serif;\">B\u0105d\u017a pozdrowiony, b\u0105d\u017a pochwalony, dla nas zel\u017cony i poha\u0144biony!<\/span><br \/><span style=\"font-family: tahoma, arial, helvetica, sans-serif;\">B\u0105d\u017a uwielbiony, b\u0105d\u017a wys\u0142awiony, Bo\u017ce niesko\u0144czony!<\/span><\/p>\n<h4><span style=\"font-family: tahoma, arial, helvetica, sans-serif;\"><b>Rozmowa duszy z Matk\u0105 Bolesn\u0105<\/b><\/span><\/h4>\n<p><span style=\"font-family: tahoma, arial, helvetica, sans-serif;\">Ach, ja Matka bole\u015bciwa, Pod krzy\u017cem stoj\u0119 smutliwa, Serce \u017ca\u0142o\u015b\u0107 przejmuje.<\/span><br \/><span style=\"font-family: tahoma, arial, helvetica, sans-serif;\">O Matko, niechaj prawdziwie, Patrz\u0105c na krzy\u017c \u017ca\u0142o\u015bliwie, P\u0142acz\u0119 z Tob\u0105 rzewliwie!<\/span><br \/><span style=\"font-family: tahoma, arial, helvetica, sans-serif;\">Ju\u017cci, ju\u017c moje Kochanie, Gotuje si\u0119 na konanie! To\u0107 i ja z Nim umieram!<\/span><br \/><span style=\"font-family: tahoma, arial, helvetica, sans-serif;\">Pragn\u0119, Matko zosta\u0107 z Tob\u0105, Dzieli\u0107 si\u0119 Twoj\u0105 \u017ca\u0142ob\u0105, \u015amierci Syna Twojego.<\/span><br \/><span style=\"font-family: tahoma, arial, helvetica, sans-serif;\">Zamkn\u0105\u0142 s\u0142odk\u0105 Jezus mow\u0119, Ju\u017c ku ziemi sk\u0142ania g\u0142ow\u0119, \u017begna ju\u017c Matk\u0119 swoj\u0105!<\/span><br \/><span style=\"font-family: tahoma, arial, helvetica, sans-serif;\">O Maryjo, Ciebie prosz\u0119, Niech Jezusa rany nosz\u0119, I serdecznie rozwa\u017cam.<\/span><\/p>\n<p><span style=\"font-family: tahoma, arial, helvetica, sans-serif;\">Potem kl\u0119cz\u0105c trzy razy \u015bpiewa si\u0119:<\/span><\/p>\n<p><span style=\"font-family: tahoma, arial, helvetica, sans-serif;\"><i>Kt\u00f3ry\u015b za nas cierpia\u0142 rany,<br \/>Jezu Chryste zmi\u0142uj si\u0119 nad nami!<\/i><\/span><\/p>\n","protected":false},"excerpt":{"rendered":"<div class=\"mh-excerpt\"><p>Pobudka Gorzkie \u017cale, przybywajcie, Serca nasze przenikajcie, Serca nasze przenikajcie, Rozp\u0142y\u0144cie si\u0119, me \u017arenice, Toczcie smutnych \u0142ez krynice.S\u0142o\u0144ce, gwiazdy omdlewaj\u0105, \u017ba\u0142ob\u0105 si\u0119 pokrywaj\u0105, P\u0142acz\u0105 rzewnie <a class=\"mh-excerpt-more\" href=\"https:\/\/parafiabierzwnik.pl\/?page_id=6219\" title=\"Gorzkie \u017cale\">[&#8230;]<\/a><\/p>\n<\/div>","protected":false},"author":1,"featured_media":3466,"parent":0,"menu_order":0,"comment_status":"closed","ping_status":"closed","template":"","meta":{"_monsterinsights_skip_tracking":false,"_monsterinsights_sitenote_active":false,"_monsterinsights_sitenote_note":"","_monsterinsights_sitenote_category":0,"footnotes":""},"folder":[33],"class_list":["post-6219","page","type-page","status-publish","has-post-thumbnail","hentry"],"_links":{"self":[{"href":"https:\/\/parafiabierzwnik.pl\/index.php?rest_route=\/wp\/v2\/pages\/6219","targetHints":{"allow":["GET"]}}],"collection":[{"href":"https:\/\/parafiabierzwnik.pl\/index.php?rest_route=\/wp\/v2\/pages"}],"about":[{"href":"https:\/\/parafiabierzwnik.pl\/index.php?rest_route=\/wp\/v2\/types\/page"}],"author":[{"embeddable":true,"href":"https:\/\/parafiabierzwnik.pl\/index.php?rest_route=\/wp\/v2\/users\/1"}],"replies":[{"embeddable":true,"href":"https:\/\/parafiabierzwnik.pl\/index.php?rest_route=%2Fwp%2Fv2%2Fcomments&post=6219"}],"version-history":[{"count":4,"href":"https:\/\/parafiabierzwnik.pl\/index.php?rest_route=\/wp\/v2\/pages\/6219\/revisions"}],"predecessor-version":[{"id":6265,"href":"https:\/\/parafiabierzwnik.pl\/index.php?rest_route=\/wp\/v2\/pages\/6219\/revisions\/6265"}],"wp:featuredmedia":[{"embeddable":true,"href":"https:\/\/parafiabierzwnik.pl\/index.php?rest_route=\/wp\/v2\/media\/3466"}],"wp:attachment":[{"href":"https:\/\/parafiabierzwnik.pl\/index.php?rest_route=%2Fwp%2Fv2%2Fmedia&parent=6219"}],"wp:term":[{"taxonomy":"folder","embeddable":true,"href":"https:\/\/parafiabierzwnik.pl\/index.php?rest_route=%2Fwp%2Fv2%2Ffolder&post=6219"}],"curies":[{"name":"wp","href":"https:\/\/api.w.org\/{rel}","templated":true}]}}