{"id":3837,"date":"2023-07-19T10:06:28","date_gmt":"2023-07-19T08:06:28","guid":{"rendered":"https:\/\/parafiabierzwnik.pl\/?page_id=3837"},"modified":"2023-08-05T21:52:30","modified_gmt":"2023-08-05T19:52:30","slug":"przywileje-i-obowiazki","status":"publish","type":"page","link":"https:\/\/parafiabierzwnik.pl\/?page_id=3837","title":{"rendered":"Przywileje i obowi\u0105zki"},"content":{"rendered":"<h3><span style=\"font-family: tahoma, arial, helvetica, sans-serif;\">Przywileje Szkaplerza karmelita\u0144skiego<\/span><\/h3>\n<ul>\n<li><span style=\"font-family: tahoma, arial, helvetica, sans-serif;\">Kto umrze odziany Szkaplerzem \u015bwi\u0119tym, nie zostanie pot\u0119piony.<\/span><\/li>\n<li><span style=\"font-size: revert; color: initial; font-family: tahoma, arial, helvetica, sans-serif;\">Nosz\u0105cy(a) Szkaplerz jako czciciel(ka) Matki Bo\u017cej zapewnia sobie Jej opiek\u0119 co do duszy i cia\u0142a w tym \u017cyciu i szczeg\u00f3ln\u0105 pomoc w godzinie \u015bmierci.<\/span><\/li>\n<li><span style=\"font-size: revert; color: initial; font-family: tahoma, arial, helvetica, sans-serif;\">Ka\u017cdy(a), kto pobo\u017cnie nosi Szkaplerz \u015bwi\u0119ty i zachowuje czysto\u015b\u0107 wed\u0142ug stanu, zostanie wyprowadzony(a) z czy\u015b\u0107ca osobi\u015bcie przez Matk\u0119 Bo\u017c\u0105 w pierwsza sobot\u0119 po swej \u015bmierci.<\/span><\/li>\n<li><span style=\"font-size: revert; color: initial; font-family: tahoma, arial, helvetica, sans-serif;\"><span style=\"font-size: revert; color: initial; font-family: tahoma, arial, helvetica, sans-serif;\">Ci, kt\u00f3rzy nale\u017c\u0105 do Bractwa Szkaplerznego s\u0105 duchowo z\u0142\u0105czeni z zakonem Karmelita\u0144skim i maj\u0105 udzia\u0142 w jego duchowych dobrach za \u017cycia i po \u015bmierci, a wi\u0119c; we Mszach \u015bwi\u0119tych, Komuniach \u015bwi\u0119tych, umartwieniach, modlitwach, postach itp.<\/span><\/span><\/li>\n<\/ul>\n<h3><span style=\"font-family: tahoma, arial, helvetica, sans-serif;\">Obowi\u0105zki nale\u017c\u0105cych do Bractwa Szkaplerznego<\/span><\/h3>\n<ul>\n<li><span style=\"font-family: tahoma, arial, helvetica, sans-serif;\">Przyj\u0105\u0107 Szkaplerz karmelita\u0144ski z r\u0105k kap\u0142ana.<\/span><\/li>\n<li><span style=\"font-family: tahoma, arial, helvetica, sans-serif;\">Wpisa\u0107 si\u0119 do ksi\u0119gi Bractwa Szkaplerznego.<\/span><\/li>\n<li><span style=\"font-family: tahoma, arial, helvetica, sans-serif;\">W dzie\u0144 i w nocy nosi\u0107 na sobie Szkaplerz \u015bwi\u0119ty.<\/span><\/li>\n<li><span style=\"font-family: tahoma, arial, helvetica, sans-serif;\">Odmawia\u0107 codziennie modlitw\u0119 naznaczon\u0105 w dniu przyj\u0119cia do Bractwa<br \/>\n(zazwyczaj \u201ePod Twoj\u0105 obron\u0119&#8230;&#8221;)<\/span><\/li>\n<li><span style=\"font-family: tahoma, arial, helvetica, sans-serif;\"><span style=\"font-family: tahoma, arial, helvetica, sans-serif;\">Na\u015bladowa\u0107 cnoty Matki Naj\u015bwi\u0119tszej i szerzy\u0107 Jej kult (cze\u015b\u0107).<\/span><\/span><\/li>\n<\/ul>\n<h3><span style=\"font-family: tahoma, arial, helvetica, sans-serif;\">Praktyki zalecane nosz\u0105cym Szkaplerz \u015bwi\u0119ty<\/span><\/h3>\n<ul>\n<li><span style=\"font-family: tahoma, arial, helvetica, sans-serif;\">Przynajmniej raz w miesi\u0105cu, je\u017celi pozwol\u0105 na to warunki, oraz w \u015bwi\u0119ta Matki Bo\u017cej przyst\u0119powa\u0107 do spowiedzi i Komunii \u015bwi\u0119tej.<\/span><\/li>\n<li><span style=\"font-family: tahoma, arial, helvetica, sans-serif;\">Nawiedza\u0107 cz\u0119sto ko\u015bci\u00f3\u0142 i przynajmniej przez kilka minut modli\u0107 si\u0119 do Matki Bo\u017cej.<\/span><\/li>\n<li><span style=\"font-family: tahoma, arial, helvetica, sans-serif;\"><span style=\"font-family: tahoma, arial, helvetica, sans-serif;\">Od czasu do czasu z mi\u0142o\u015bci do Matki Bo\u017cej wyrzec si\u0119 czego\u015b dozwolonego (drobne umartwienie).<\/span><\/span><\/li>\n<\/ul>\n<h3><span style=\"font-family: tahoma, arial, helvetica, sans-serif;\">Praktyczne uwagi dla przyjmuj\u0105cych Szkaplerz<\/span><\/h3>\n<p><span style=\"font-family: tahoma, arial, helvetica, sans-serif;\">Szkaplerz sukienny i medalik maj\u0105 tak\u0105 sam\u0105 warto\u015b\u0107 duchow\u0105. Chocia\u017c przyj\u0119cie powinno dokonywa\u0107 si\u0119 przy pomocy szkaplerza sukiennego, mo\u017cna go p\u00f3\u017aniej, wed\u0142ug osobistego uznania, zast\u0105pi\u0107 medalikiem szkaplerznym, kt\u00f3ry z jednej strony powinien mie\u0107 wizerunek Naj\u015bw. Serca Pana Jezusa, a z drugiej strony wizerunek Matki Bo\u017cej.<\/span><\/p>\n<p><span style=\"font-family: tahoma, arial, helvetica, sans-serif;\">Przyj\u0119cia do Szkaplerza dokonuje si\u0119 tylko jeden raz. Gdy zniszczy si\u0119 sukienny Szkaplerz albo zgubi si\u0119 medalik, nabywa si\u0119 nowy i nak\u0142ada si\u0119 prywatnie. Nie jest wymagane po\u015bwiecenie nowego szkaplerza. Gdyby jednak tego pragn\u0105\u0142 zainteresowany, mo\u017ce to uczyni\u0107 ka\u017cdy kap\u0142an lub diakon.<\/span><\/p>\n<p><span style=\"font-family: tahoma, arial, helvetica, sans-serif;\">Nie przyjmuje si\u0119 do Szkaplerza os\u00f3b nieobecnych. Wyj\u0105tek stanowi\u0105 osoby ci\u0119\u017cko chore, \u017co\u0142nierze lub wi\u0119\u017aniowie. Mo\u017cna im przes\u0142a\u0107 po\u015bwi\u0119cony Szkaplerz, a dane personalne przekazuje do Ksi\u0119gi Przyj\u0119tych do Szkaplerza.<\/span><\/p>\n<p><span style=\"font-family: tahoma, arial, helvetica, sans-serif;\">Zniszczony sukienny Szkaplerz najlepiej spali\u0107. Nie powinno si\u0119 go wyrzuca\u0107 do \u015bmieci, gdy\u017c by\u0142oby to \u015bwiadectwem braku czci dla samego znaku, jak i dla Tej, od kt\u00f3rej go otrzymali\u015bmy.<\/span><\/p>\n<p><span style=\"font-family: tahoma, arial, helvetica, sans-serif;\">Je\u015bli kto\u015b przyj\u0105wszy Szkaplerz, nie nosi\u0142 go d\u0142u\u017cszy czas czy to z zapomnienia, czy z niedbalstwa, czy z powodu zgubienia go, nie musi go na nowo przyjmowa\u0107 z rak kap\u0142ana. Wystarczy, \u017ce sam sobie go ponownie za\u0142o\u017cy, \u017ca\u0142uj\u0105c za zaniedbania i podejmie wymogi nabo\u017ce\u0144stwa. Gdy kto\u015b odrzuci Szkaplerz z pogardy, a zrozumiawszy, \u017ce \u017ale uczyni\u0142 i chce ponownie wr\u00f3ci\u0107 do praktyki nabo\u017ce\u0144stwa, obrz\u0119d na\u0142o\u017cenia przez kap\u0142ana musi by\u0107 powt\u00f3rzony. Je\u015bli kto\u015b przyj\u0105\u0142 Szkaplerz, ale zdj\u0105\u0142 go z powodu grzesznego \u017cycia, a nast\u0119pnie nawr\u00f3ci\u0142 si\u0119, wyspowiada\u0142 i chce czyni\u0107 pokut\u0119, to wystarczy tylko ze skruch\u0105 uca\u0142owa\u0107 sw\u00f3j dawny szkaplerz i na\u0142o\u017cy\u0107 go samemu odnawiaj\u0105c pragnienie \u017cycia zobowi\u0105zaniami szkaplerznymi. Je\u015bli kto\u015b \u017cy\u0142 w grzechu i nosi\u0142 Szkaplerz, a nagle otrzyma\u0142 \u0142ask\u0119 opami\u0119tania i nawraca si\u0119, to niech podzi\u0119kuje Maryi \u017ce w og\u00f3le powr\u00f3ci\u0142! Niech odnowi swoje przyrzeczenia szkaplerzne po spowiedzi i Komunii \u015bw. Niech odda si\u0119 na nowo Maryi i uca\u0142uje Szkaplerz z postanowieniem godnego noszenia Jej habitu.<\/span><\/p>\n<p><span style=\"font-family: tahoma, arial, helvetica, sans-serif;\">Stolica \u015awi\u0119ta nie widzi przeszk\u00f3d, aby Szkaplerzem odziewa\u0107 r\u00f3wnie\u017c ma\u0142e dzieci. Zaleca si\u0119 jednak, aby by\u0142y ju\u017c w takim wieku, by mog\u0142y zrozumie\u0107 podstawowe prawdy wiary. Wiedz\u0105c, kim jest Maryja, owocniej b\u0119d\u0105 mog\u0142y przyj\u0105\u0107 dar macierzy\u0144skiej mi\u0142o\u015bci.<\/span><\/p>\n<p><span style=\"font-family: tahoma, arial, helvetica, sans-serif;\">Szkaplerz najlepiej nosi\u0107 na szyi. Nie czyni zado\u015b\u0107 obowi\u0105zkom nabo\u017ce\u0144stwa ten, kto przyj\u0105wszy Szkaplerz wiesza go w mieszkaniu, np. na \u015bcianie. Wielko\u015b\u0107 \u0142ask obiecanych poprzez Maryj\u0119 domaga si\u0119 od nas noszenia Szkaplerza w spos\u00f3b godny.<\/span><\/p>\n","protected":false},"excerpt":{"rendered":"<div class=\"mh-excerpt\"><p>Przywileje Szkaplerza karmelita\u0144skiego Kto umrze odziany Szkaplerzem \u015bwi\u0119tym, nie zostanie pot\u0119piony. Nosz\u0105cy(a) Szkaplerz jako czciciel(ka) Matki Bo\u017cej zapewnia sobie Jej opiek\u0119 co do duszy i <a class=\"mh-excerpt-more\" href=\"https:\/\/parafiabierzwnik.pl\/?page_id=3837\" title=\"Przywileje i obowi\u0105zki\">[&#8230;]<\/a><\/p>\n<\/div>","protected":false},"author":1,"featured_media":3832,"parent":0,"menu_order":0,"comment_status":"closed","ping_status":"closed","template":"","meta":{"_monsterinsights_skip_tracking":false,"_monsterinsights_sitenote_active":false,"_monsterinsights_sitenote_note":"","_monsterinsights_sitenote_category":0,"footnotes":""},"folder":[36],"class_list":["post-3837","page","type-page","status-publish","has-post-thumbnail","hentry"],"_links":{"self":[{"href":"https:\/\/parafiabierzwnik.pl\/index.php?rest_route=\/wp\/v2\/pages\/3837","targetHints":{"allow":["GET"]}}],"collection":[{"href":"https:\/\/parafiabierzwnik.pl\/index.php?rest_route=\/wp\/v2\/pages"}],"about":[{"href":"https:\/\/parafiabierzwnik.pl\/index.php?rest_route=\/wp\/v2\/types\/page"}],"author":[{"embeddable":true,"href":"https:\/\/parafiabierzwnik.pl\/index.php?rest_route=\/wp\/v2\/users\/1"}],"replies":[{"embeddable":true,"href":"https:\/\/parafiabierzwnik.pl\/index.php?rest_route=%2Fwp%2Fv2%2Fcomments&post=3837"}],"version-history":[{"count":8,"href":"https:\/\/parafiabierzwnik.pl\/index.php?rest_route=\/wp\/v2\/pages\/3837\/revisions"}],"predecessor-version":[{"id":3878,"href":"https:\/\/parafiabierzwnik.pl\/index.php?rest_route=\/wp\/v2\/pages\/3837\/revisions\/3878"}],"wp:featuredmedia":[{"embeddable":true,"href":"https:\/\/parafiabierzwnik.pl\/index.php?rest_route=\/wp\/v2\/media\/3832"}],"wp:attachment":[{"href":"https:\/\/parafiabierzwnik.pl\/index.php?rest_route=%2Fwp%2Fv2%2Fmedia&parent=3837"}],"wp:term":[{"taxonomy":"folder","embeddable":true,"href":"https:\/\/parafiabierzwnik.pl\/index.php?rest_route=%2Fwp%2Fv2%2Ffolder&post=3837"}],"curies":[{"name":"wp","href":"https:\/\/api.w.org\/{rel}","templated":true}]}}