{"id":3606,"date":"2023-07-05T16:06:08","date_gmt":"2023-07-05T14:06:08","guid":{"rendered":"https:\/\/parafiabierzwnik.pl\/?page_id=3606"},"modified":"2026-01-19T17:21:39","modified_gmt":"2026-01-19T16:21:39","slug":"nowenna-do-matki-bozej-nieustajacej-pomocy","status":"publish","type":"page","link":"https:\/\/parafiabierzwnik.pl\/?page_id=3606","title":{"rendered":"Nowenna do Matki Bo\u017cej Nieustaj\u0105cej Pomocy"},"content":{"rendered":"<h3><span style=\"font-family: tahoma, arial, helvetica, sans-serif;\">Nowenna do Matki Bo\u017cej Nieustaj\u0105cej Pomocy<\/span><br \/>\n<span style=\"font-family: tahoma, arial, helvetica, sans-serif;\">(\u015broda, 17:00\/18:00)<\/span><\/h3>\n<p><span style=\"font-family: tahoma, arial, helvetica, sans-serif; font-size: 12pt;\">O Matko Nieustaj\u0105cej Pomocy, z najwi\u0119ksz\u0105 ufno\u015bci\u0105 przychodz\u0119 dzisiaj do Ciebie, aby b\u0142aga\u0107 o Twoj\u0105 pomoc. Nie licz\u0119 na moje zas\u0142ugi ani na moje dobre uczynki, ale tylko na niesko\u0144czone zas\u0142ugi Pana Jezusa i na Twoj\u0105 niezr\u00f3wnan\u0105 mi\u0142o\u015b\u0107 macierzy\u0144sk\u0105. Ty\u015b patrzy\u0142a, o Matko, na rany Odkupiciela i na krew Jego wylan\u0105 na krzy\u017cu dla naszego zbawienia. Ten\u017ce Syn Tw\u00f3j umieraj\u0105c, da\u0142 nam Ciebie za Matk\u0119. Czy\u017c wi\u0119c nie b\u0119dziesz dla nas, jak g\u0142osi Tw\u00f3j s\u0142odki tytu\u0142, Nieustaj\u0105c\u0105 Wspomo\u017cycielk\u0105?<\/span><br \/>\n<span style=\"font-family: tahoma, arial, helvetica, sans-serif; font-size: 12pt;\">Ciebie wi\u0119c, o Matko Nieustaj\u0105cej Pomocy, przez bolesn\u0105 m\u0119k\u0119 i \u015bmier\u0107 Twojego Boskiego Syna, przez niewypowiedziane cierpienia Twego Serca, o Wsp\u00f3\u0142odkupicielko, b\u0142agam najgor\u0119cej, by\u015b wyprosi\u0142a mi u Syna Twego t\u0119 \u0142ask\u0119, kt\u00f3rej tak bardzo pragn\u0119 i tak bardzo potrzebuj\u0119<\/span><br \/>\n<span style=\"font-family: tahoma, arial, helvetica, sans-serif; font-size: 12pt;\">\u2026 (<strong>przedstaw Matce Bo\u017cej swoje pro\u015bby<\/strong>) \u2026<\/span><\/p>\n<p><span style=\"font-family: tahoma, arial, helvetica, sans-serif; font-size: 12pt;\">Ty wiesz, o Matko Przeb\u0142ogos\u0142awiona, jak bardzo Jezus Odkupiciel nasz pragnie udzieli\u0107 nam wszelkich owoc\u00f3w odkupienia. Ty wiesz, \u017ce skarby te zosta\u0142y z\u0142o\u017cone w Twoje r\u0119ce, aby\u015b je nam rozdziela\u0142a. Wyjednaj mi przeto, o Naj\u0142askawsza Matko, u Serca Jezusowego t\u0119 \u0142ask\u0119, o kt\u00f3r\u0105 w tej nowennie pokornie prosz\u0119, a ja z rado\u015bci\u0105 wychwala\u0107 b\u0119d\u0119 Twoje mi\u0142osierdzie przez ca\u0142\u0105 wieczno\u015b\u0107. Amen.<\/span><\/p>\n<h3><span style=\"font-family: tahoma, arial, helvetica, sans-serif; font-size: 12pt;\">Wsp\u00f3lne podzi\u0119kowania<\/span><\/h3>\n<p><span style=\"font-family: tahoma, arial, helvetica, sans-serif; font-size: 12pt;\">Za uzdrowionych z choroby,\u00a0dzi\u0119kujemy Ci, Matko Nieustaj\u0105cej Pomocy,<\/span><br \/>\n<span style=\"font-family: tahoma, arial, helvetica, sans-serif; font-size: 12pt;\">Za pocieszonych w strapieniu,<\/span><br \/>\n<span style=\"font-family: tahoma, arial, helvetica, sans-serif; font-size: 12pt;\">Za ocalonych z rozpaczy,<\/span><br \/>\n<span style=\"font-family: tahoma, arial, helvetica, sans-serif; font-size: 12pt;\">Za wyzwolonych z mocy grzechu,<\/span><br \/>\n<span style=\"font-family: tahoma, arial, helvetica, sans-serif; font-size: 12pt;\">Za wys\u0142uchanych w b\u0142aganiu,<\/span><br \/>\n<span style=\"font-family: tahoma, arial, helvetica, sans-serif; font-size: 12pt;\">Za lito\u015b\u0107 nam okazan\u0105,<\/span><br \/>\n<span style=\"font-family: tahoma, arial, helvetica, sans-serif; font-size: 12pt;\">Za mi\u0142o\u015b\u0107 Tw\u0105 macierzy\u0144sk\u0105,<\/span><br \/>\n<span style=\"font-family: tahoma, arial, helvetica, sans-serif; font-size: 12pt;\">Za dobro\u0107 Tw\u0105 niezr\u00f3wnan\u0105,<\/span><br \/>\n<span style=\"font-family: tahoma, arial, helvetica, sans-serif; font-size: 12pt;\">Za wszystkie \u0142aski nam i innym wy\u015bwiadczone.<\/span><\/p>\n<h3><span style=\"font-family: tahoma, arial, helvetica, sans-serif; font-size: 12pt;\">Wsp\u00f3lne b\u0142agania<\/span><\/h3>\n<p><span style=\"font-family: tahoma, arial, helvetica, sans-serif; font-size: 12pt;\">Za chorych, aby\u015b ich uzdrowi\u0142a,\u00a0b\u0142agamy Ci\u0119, Matko Nieustaj\u0105cej Pomocy,<\/span><br \/>\n<span style=\"font-family: tahoma, arial, helvetica, sans-serif; font-size: 12pt;\">Za strapionych, aby\u015b ich pocieszy\u0142a,<\/span><br \/>\n<span style=\"font-family: tahoma, arial, helvetica, sans-serif; font-size: 12pt;\">Za p\u0142acz\u0105cych, aby\u015b im \u0142zy otar\u0142a,<\/span><br \/>\n<span style=\"font-family: tahoma, arial, helvetica, sans-serif; font-size: 12pt;\">Za sieroty i opuszczonych, aby\u015b im Matk\u0105 by\u0142a,<\/span><br \/>\n<span style=\"font-family: tahoma, arial, helvetica, sans-serif; font-size: 12pt;\">Za biednych i potrzebuj\u0105cych, aby\u015b ich wspomaga\u0142a,<\/span><br \/>\n<span style=\"font-family: tahoma, arial, helvetica, sans-serif; font-size: 12pt;\">Za b\u0142\u0105dz\u0105cych, aby\u015b ich na drog\u0119 prawdy sprowadzi\u0142a,<\/span><br \/>\n<span style=\"font-family: tahoma, arial, helvetica, sans-serif; font-size: 12pt;\">Za kuszonych, aby\u015b ich z side\u0142 szata\u0144skich wybawi\u0142a,<\/span><br \/>\n<span style=\"font-family: tahoma, arial, helvetica, sans-serif; font-size: 12pt;\">Za upadaj\u0105cych, aby\u015b ich w dobrym podtrzymywa\u0142a,<\/span><br \/>\n<span style=\"font-family: tahoma, arial, helvetica, sans-serif; font-size: 12pt;\">Za grzesznik\u00f3w, aby\u015b im \u017cal i \u0142ask\u0119 spowiedzi wyjedna\u0142a,<\/span><br \/>\n<span style=\"font-family: tahoma, arial, helvetica, sans-serif; font-size: 12pt;\">O wys\u0142uchanie wszystkich pr\u00f3\u015bb naszych.<\/span><\/p>\n<h3><span style=\"font-family: tahoma, arial, helvetica, sans-serif; font-size: 12pt;\">Wsp\u00f3lne pro\u015bby<\/span><\/h3>\n<p><span style=\"font-family: tahoma, arial, helvetica, sans-serif; font-size: 12pt;\">Maryjo, Matko Nieustaj\u0105cej Pomocy, kt\u00f3ra z tak\u0105 czu\u0142o\u015bci\u0105 na nas spogl\u0105dasz, z dzieci\u0119c\u0105 ufno\u015bci\u0105 spieszymy do Twych st\u00f3p z naszymi wsp\u00f3lnymi pro\u015bbami. Racz spojrze\u0107 na nas \u0142askawie i wys\u0142ucha\u0107 naszych b\u0142aga\u0144, przyjd\u017a nam z pomoc\u0105 w wielorakich potrzebach naszych.<\/span><\/p>\n<p><span style=\"font-family: tahoma, arial, helvetica, sans-serif; font-size: 12pt;\">Wielka Matko Bo\u017ca,\u00a0<em><strong>pomagaj nam nieustannie,<\/strong><\/em><\/span><br \/>\n<span style=\"font-family: tahoma, arial, helvetica, sans-serif; font-size: 12pt;\">Matko nasza najlepsza,<\/span><br \/>\n<span style=\"font-family: tahoma, arial, helvetica, sans-serif; font-size: 12pt;\">Po\u015bredniczko nasza u Boga,<\/span><br \/>\n<span style=\"font-family: tahoma, arial, helvetica, sans-serif; font-size: 12pt;\">Szafarko \u0142ask wszelkich,<\/span><br \/>\n<span style=\"font-family: tahoma, arial, helvetica, sans-serif; font-size: 12pt;\">Matko \u015bwi\u0119tej wytrwa\u0142o\u015bci,<\/span><br \/>\n<span style=\"font-family: tahoma, arial, helvetica, sans-serif; font-size: 12pt;\">Tronie Mi\u0142osierdzia Bo\u017cego,<\/span><br \/>\n<span style=\"font-family: tahoma, arial, helvetica, sans-serif; font-size: 12pt;\">Wszechmocy b\u0142agaj\u0105ca,<\/span><br \/>\n<span style=\"font-family: tahoma, arial, helvetica, sans-serif; font-size: 12pt;\">Por\u0119ko naszego zbawienia,<\/span><br \/>\n<span style=\"font-family: tahoma, arial, helvetica, sans-serif; font-size: 12pt;\">Pogromczyni mocy piekielnych,<\/span><br \/>\n<span style=\"font-family: tahoma, arial, helvetica, sans-serif; font-size: 12pt;\">Kotwico naszej nadziei,<\/span><br \/>\n<span style=\"font-family: tahoma, arial, helvetica, sans-serif; font-size: 12pt;\">Umocnienie s\u0142abych,<\/span><br \/>\n<span style=\"font-family: tahoma, arial, helvetica, sans-serif; font-size: 12pt;\">Ucieczko uci\u015bnionych,<\/span><br \/>\n<span style=\"font-family: tahoma, arial, helvetica, sans-serif; font-size: 12pt;\">\u017bywicielko g\u0142odnych,<\/span><br \/>\n<span style=\"font-family: tahoma, arial, helvetica, sans-serif; font-size: 12pt;\">Opatrzno\u015bci ubogich,<\/span><br \/>\n<span style=\"font-family: tahoma, arial, helvetica, sans-serif; font-size: 12pt;\">Cudowna Lekarko w chorobach,<\/span><br \/>\n<span style=\"font-family: tahoma, arial, helvetica, sans-serif; font-size: 12pt;\">Ratunku gin\u0105cych grzesznik\u00f3w,<\/span><br \/>\n<span style=\"font-family: tahoma, arial, helvetica, sans-serif; font-size: 12pt;\">Nadziejo zrozpaczonych,<\/span><br \/>\n<span style=\"font-family: tahoma, arial, helvetica, sans-serif; font-size: 12pt;\">Patronko misji \u015bwi\u0119tych,<\/span><br \/>\n<span style=\"font-family: tahoma, arial, helvetica, sans-serif; font-size: 12pt;\">Wychowawczyni powo\u0142a\u0144 kap\u0142a\u0144skich,<\/span><br \/>\n<span style=\"font-family: tahoma, arial, helvetica, sans-serif; font-size: 12pt;\">Mistrzyni \u017cycia duchowego,<\/span><br \/>\n<span style=\"font-family: tahoma, arial, helvetica, sans-serif; font-size: 12pt;\">Stra\u017cniczko czysto\u015bci,<\/span><br \/>\n<span style=\"font-family: tahoma, arial, helvetica, sans-serif; font-size: 12pt;\">Opiekunko rodzin,<\/span><br \/>\n<span style=\"font-family: tahoma, arial, helvetica, sans-serif; font-size: 12pt;\">Czu\u0142a Matko sierot,<\/span><br \/>\n<span style=\"font-family: tahoma, arial, helvetica, sans-serif; font-size: 12pt;\">Zbawienie umieraj\u0105cych,<\/span><br \/>\n<span style=\"font-family: tahoma, arial, helvetica, sans-serif; font-size: 12pt;\">Pani naszych los\u00f3w,<\/span><br \/>\n<span style=\"font-family: tahoma, arial, helvetica, sans-serif; font-size: 12pt;\">Przewodniczko pewna do nieba,<\/span><br \/>\n<span style=\"font-family: tahoma, arial, helvetica, sans-serif; font-size: 12pt;\">Obrona nasza na S\u0105dzie,<\/span><br \/>\n<span style=\"font-family: tahoma, arial, helvetica, sans-serif; font-size: 12pt;\">Wybawicielko z czy\u015b\u0107ca.<\/span><\/p>\n<p><span style=\"font-family: tahoma, arial, helvetica, sans-serif; font-size: 12pt;\">W.\u00a0Ty\u015b nasz\u0105 ucieczk\u0105, o Pani!<\/span><br \/>\n<span style=\"font-family: tahoma, arial, helvetica, sans-serif; font-size: 12pt;\">O.\u00a0Pomoc\u0105 w ucisku i smutku!<\/span><\/p>\n<p><span style=\"font-family: tahoma, arial, helvetica, sans-serif; font-size: 12pt;\"><strong>M\u00f3dlmy si\u0119:<\/strong><\/span><br \/>\n<span style=\"font-family: tahoma, arial, helvetica, sans-serif; font-size: 12pt;\">Panie Jezu Chryste, Ty da\u0142e\u015b nam Rodzicielk\u0119 swoj\u0105 Maryj\u0119, kt\u00f3rej przes\u0142awny obraz czci\u0105 otaczamy, za Matk\u0119 nieustannie pomaga\u0107 nam gotow\u0105, pozw\u00f3l, prosimy, aby\u015bmy ustawicznie Jej macierzy\u0144skiej pomocy wzywaj\u0105c, zas\u0142u\u017cyli doznawa\u0107 owoc\u00f3w Twego odkupienia. Kt\u00f3ry \u017cyjesz i kr\u00f3lujesz na wieki wiek\u00f3w.\u00a0Amen.<\/span><\/p>\n","protected":false},"excerpt":{"rendered":"<div class=\"mh-excerpt\"><p>Nowenna do Matki Bo\u017cej Nieustaj\u0105cej Pomocy (\u015broda, 17:00\/18:00) O Matko Nieustaj\u0105cej Pomocy, z najwi\u0119ksz\u0105 ufno\u015bci\u0105 przychodz\u0119 dzisiaj do Ciebie, aby b\u0142aga\u0107 o Twoj\u0105 pomoc. Nie <a class=\"mh-excerpt-more\" href=\"https:\/\/parafiabierzwnik.pl\/?page_id=3606\" title=\"Nowenna do Matki Bo\u017cej Nieustaj\u0105cej Pomocy\">[&#8230;]<\/a><\/p>\n<\/div>","protected":false},"author":1,"featured_media":3466,"parent":0,"menu_order":0,"comment_status":"closed","ping_status":"closed","template":"","meta":{"_monsterinsights_skip_tracking":false,"_monsterinsights_sitenote_active":false,"_monsterinsights_sitenote_note":"","_monsterinsights_sitenote_category":0,"footnotes":""},"folder":[33],"class_list":["post-3606","page","type-page","status-publish","has-post-thumbnail","hentry"],"_links":{"self":[{"href":"https:\/\/parafiabierzwnik.pl\/index.php?rest_route=\/wp\/v2\/pages\/3606","targetHints":{"allow":["GET"]}}],"collection":[{"href":"https:\/\/parafiabierzwnik.pl\/index.php?rest_route=\/wp\/v2\/pages"}],"about":[{"href":"https:\/\/parafiabierzwnik.pl\/index.php?rest_route=\/wp\/v2\/types\/page"}],"author":[{"embeddable":true,"href":"https:\/\/parafiabierzwnik.pl\/index.php?rest_route=\/wp\/v2\/users\/1"}],"replies":[{"embeddable":true,"href":"https:\/\/parafiabierzwnik.pl\/index.php?rest_route=%2Fwp%2Fv2%2Fcomments&post=3606"}],"version-history":[{"count":17,"href":"https:\/\/parafiabierzwnik.pl\/index.php?rest_route=\/wp\/v2\/pages\/3606\/revisions"}],"predecessor-version":[{"id":9010,"href":"https:\/\/parafiabierzwnik.pl\/index.php?rest_route=\/wp\/v2\/pages\/3606\/revisions\/9010"}],"wp:featuredmedia":[{"embeddable":true,"href":"https:\/\/parafiabierzwnik.pl\/index.php?rest_route=\/wp\/v2\/media\/3466"}],"wp:attachment":[{"href":"https:\/\/parafiabierzwnik.pl\/index.php?rest_route=%2Fwp%2Fv2%2Fmedia&parent=3606"}],"wp:term":[{"taxonomy":"folder","embeddable":true,"href":"https:\/\/parafiabierzwnik.pl\/index.php?rest_route=%2Fwp%2Fv2%2Ffolder&post=3606"}],"curies":[{"name":"wp","href":"https:\/\/api.w.org\/{rel}","templated":true}]}}