{"id":3474,"date":"2023-06-29T09:58:26","date_gmt":"2023-06-29T07:58:26","guid":{"rendered":"https:\/\/parafiabierzwnik.pl\/?page_id=3474"},"modified":"2023-07-19T19:56:43","modified_gmt":"2023-07-19T17:56:43","slug":"przykazania","status":"publish","type":"page","link":"https:\/\/parafiabierzwnik.pl\/?page_id=3474","title":{"rendered":"Przykazania"},"content":{"rendered":"<h3><span style=\"font-family: tahoma, arial, helvetica, sans-serif;\">Przykazanie mi\u0142o\u015bci<\/span><\/h3>\n<p><span style=\"font-family: tahoma, arial, helvetica, sans-serif;\">B\u0119dziesz mi\u0142owa\u0142 Pana Boga twego z ca\u0142ego serca swego, z ca\u0142ej duszy swojej i ze wszystkich si\u0142 swoich, a bli\u017aniego swego jak siebie samego.<\/span><\/p>\n<h3><span style=\"font-family: tahoma, arial, helvetica, sans-serif; color: revert; font-size: revert; font-weight: revert;\">Dziesi\u0119\u0107 przykaza\u0144 Bo\u017cych (Dekalog)<\/span><\/h3>\n<p><span style=\"font-family: tahoma, arial, helvetica, sans-serif;\">1. Nie b\u0119dziesz mia\u0142 bog\u00f3w cudzych przede Mn\u0105.<\/span><br \/>\n<span style=\"font-family: tahoma, arial, helvetica, sans-serif;\">2. Nie b\u0119dziesz bra\u0142 imienia Pana Boga twego na daremno.<\/span><br \/>\n<span style=\"font-family: tahoma, arial, helvetica, sans-serif;\">3. Pami\u0119taj, aby\u015b dzie\u0144 \u015bwi\u0119ty \u015bwi\u0119ci\u0142.<\/span><br \/>\n<span style=\"font-family: tahoma, arial, helvetica, sans-serif;\">4. Czcij ojca swego i matk\u0119 swoj\u0105, aby\u015b d\u0142ugo \u017cy\u0142 i dobrze ci si\u0119 powodzi\u0142o na ziemi.<\/span><br \/>\n<span style=\"font-family: tahoma, arial, helvetica, sans-serif;\">5. Nie zabijaj.<\/span><br \/>\n<span style=\"font-family: tahoma, arial, helvetica, sans-serif;\">6. Nie cudzo\u0142\u00f3\u017c.<\/span><br \/>\n<span style=\"font-family: tahoma, arial, helvetica, sans-serif;\">7. Nie kradnij.<\/span><br \/>\n<span style=\"font-family: tahoma, arial, helvetica, sans-serif;\">8. Nie m\u00f3w fa\u0142szywego \u015bwiadectwa przeciw bli\u017aniemu swemu.<\/span><br \/>\n<span style=\"font-family: tahoma, arial, helvetica, sans-serif;\">9. Nie po\u017c\u0105daj \u017cony bli\u017aniego swego.<\/span><br \/>\n<span style=\"font-family: tahoma, arial, helvetica, sans-serif;\">10. Ani \u017cadnej rzeczy, kt\u00f3ra jego jest.<\/span><\/p>\n<h3><span style=\"font-family: tahoma, arial, helvetica, sans-serif;\">Pi\u0119\u0107 przykaza\u0144 ko\u015bcielnych<\/span><\/h3>\n<p><span style=\"font-family: tahoma, arial, helvetica, sans-serif;\">1. W niedziel\u0119 i \u015bwi\u0119ta nakazane uczestniczy\u0107 we Mszy \u015bwi\u0119tej i powstrzymywa\u0107 si\u0119 od prac niekoniecznych.<\/span><br \/>\n<span style=\"font-family: tahoma, arial, helvetica, sans-serif;\">2. Przynajmniej raz w roku przyst\u0105pi\u0107 do sakramentu pokuty.<\/span><br \/>\n<span style=\"font-family: tahoma, arial, helvetica, sans-serif;\">3. Przynajmniej raz w roku, w okresie wielkanocnym, przyj\u0105\u0107 Komuni\u0119 \u015awi\u0119t\u0105.<\/span><br \/>\n<span style=\"font-family: tahoma, arial, helvetica, sans-serif;\">4. Zachowywa\u0107 nakazane posty i wstrzemi\u0119\u017aliwo\u015b\u0107 od pokarm\u00f3w mi\u0119snych, a w czasie Wielkiego Postu powstrzymywa\u0107 si\u0119 od udzia\u0142u w zabawach.<\/span><br \/>\n<span style=\"font-family: tahoma, arial, helvetica, sans-serif;\">5. Troszczy\u0107 si\u0119 o potrzeby wsp\u00f3lnoty Ko\u015bcio\u0142a.<\/span><\/p>\n<h3><span style=\"font-family: tahoma, arial, helvetica, sans-serif;\">Pi\u0119\u0107 warunk\u00f3w Sakramentu Pokuty<\/span><\/h3>\n<p><span style=\"font-family: tahoma, arial, helvetica, sans-serif;\">1. Rachunek sumienia.<\/span><br \/>\n<span style=\"font-family: tahoma, arial, helvetica, sans-serif;\">2. \u017bal za grzechy.<\/span><br \/>\n<span style=\"font-family: tahoma, arial, helvetica, sans-serif;\">3. Mocne postanowienie poprawy.<\/span><br \/>\n<span style=\"font-family: tahoma, arial, helvetica, sans-serif;\">4. Szczera spowied\u017a.<\/span><br \/>\n<span style=\"font-family: tahoma, arial, helvetica, sans-serif;\">5. Zado\u015b\u0107uczynienie Panu Bogu i bli\u017aniemu.<\/span><\/p>\n<h3><span style=\"font-family: tahoma, arial, helvetica, sans-serif;\">G\u0142\u00f3wne prawdy wiary<\/span><\/h3>\n<p><span style=\"font-family: tahoma, arial, helvetica, sans-serif;\">1. Jest jeden B\u00f3g.<\/span><br \/>\n<span style=\"font-family: tahoma, arial, helvetica, sans-serif;\">2. B\u00f3g jest S\u0119dzi\u0105 sprawiedliwym, kt\u00f3ry za dobre wynagradza, a za z\u0142e karze.<\/span><br \/>\n<span style=\"font-family: tahoma, arial, helvetica, sans-serif;\">3. S\u0105 trzy Osoby Boskie: B\u00f3g Ojciec, Syn Bo\u017cy i Duch \u015awi\u0119ty.<\/span><br \/>\n<span style=\"font-family: tahoma, arial, helvetica, sans-serif;\">4. Syn Bo\u017cy sta\u0142 si\u0119 cz\u0142owiekiem i umar\u0142 na krzy\u017cu dla naszego zbawienia.<\/span><br \/>\n<span style=\"font-family: tahoma, arial, helvetica, sans-serif;\">5. Dusza ludzka jest nie\u015bmiertelna.<\/span><br \/>\n<span style=\"font-family: tahoma, arial, helvetica, sans-serif;\">6. \u0141aska Boska jest do zbawienia koniecznie potrzebna.<\/span><\/p>\n<h3><span style=\"font-family: tahoma, arial, helvetica, sans-serif;\">Siedem sakrament\u00f3w \u015bwi\u0119tych<\/span><\/h3>\n<p><span style=\"font-family: tahoma, arial, helvetica, sans-serif;\">1. Chrzest.<\/span><br \/>\n<span style=\"font-family: tahoma, arial, helvetica, sans-serif;\">2. Bierzmowanie.<\/span><br \/>\n<span style=\"font-family: tahoma, arial, helvetica, sans-serif;\">3. Eucharystia.<\/span><br \/>\n<span style=\"font-family: tahoma, arial, helvetica, sans-serif;\">4. Pokuta.<\/span><br \/>\n<span style=\"font-family: tahoma, arial, helvetica, sans-serif;\">5. Namaszczenie chorych.<\/span><br \/>\n<span style=\"font-family: tahoma, arial, helvetica, sans-serif;\">6. Kap\u0142a\u0144stwo.<\/span><br \/>\n<span style=\"font-family: tahoma, arial, helvetica, sans-serif;\">7. Ma\u0142\u017ce\u0144stwo.<\/span><\/p>\n<h3><span style=\"font-family: tahoma, arial, helvetica, sans-serif;\">Siedem grzech\u00f3w g\u0142\u00f3wnych<\/span><\/h3>\n<p><span style=\"font-family: tahoma, arial, helvetica, sans-serif;\">1. Pycha.<\/span><br \/>\n<span style=\"font-family: tahoma, arial, helvetica, sans-serif;\">2. Chciwo\u015b\u0107.<\/span><br \/>\n<span style=\"font-family: tahoma, arial, helvetica, sans-serif;\">3. Nieczysto\u015b\u0107.<\/span><br \/>\n<span style=\"font-family: tahoma, arial, helvetica, sans-serif;\">4. Zazdro\u015b\u0107.<\/span><br \/>\n<span style=\"font-family: tahoma, arial, helvetica, sans-serif;\">5. Nieumiarkowanie w jedzeniu i piciu.<\/span><br \/>\n<span style=\"font-family: tahoma, arial, helvetica, sans-serif;\">6. Gniew.<\/span><br \/>\n<span style=\"font-family: tahoma, arial, helvetica, sans-serif;\">7. Lenistwo.<\/span><\/p>\n<h3><span style=\"font-family: tahoma, arial, helvetica, sans-serif;\">Uczynki mi\u0142osierne wobec cia\u0142a<\/span><\/h3>\n<p><span style=\"font-family: tahoma, arial, helvetica, sans-serif;\">1. G\u0142odnych nakarmi\u0107.<\/span><br \/>\n<span style=\"font-family: tahoma, arial, helvetica, sans-serif;\">2. Spragnionych napoi\u0107.<\/span><br \/>\n<span style=\"font-family: tahoma, arial, helvetica, sans-serif;\">3. Nagich przyodzia\u0107.<\/span><br \/>\n<span style=\"font-family: tahoma, arial, helvetica, sans-serif;\">4. Podr\u00f3\u017cnych w dom przyj\u0105\u0107.<\/span><br \/>\n<span style=\"font-family: tahoma, arial, helvetica, sans-serif;\">5. Wi\u0119\u017ani\u00f3w pociesza\u0107.<\/span><br \/>\n<span style=\"font-family: tahoma, arial, helvetica, sans-serif;\">6. Chorych nawiedza\u0107.<\/span><br \/>\n<span style=\"font-family: tahoma, arial, helvetica, sans-serif;\">7. Umar\u0142ych grzeba\u0107.<\/span><\/p>\n<h3><span style=\"font-family: tahoma, arial, helvetica, sans-serif;\">Uczynki mi\u0142osierne wobec duszy<\/span><\/h3>\n<p><span style=\"font-family: tahoma, arial, helvetica, sans-serif;\">1. Grzesz\u0105cych upomina\u0107.<\/span><br \/>\n<span style=\"font-family: tahoma, arial, helvetica, sans-serif;\">2. Nieumiej\u0119tnych poucza\u0107.<\/span><br \/>\n<span style=\"font-family: tahoma, arial, helvetica, sans-serif;\">3. W\u0105tpi\u0105cym dobrze radzi\u0107.<\/span><br \/>\n<span style=\"font-family: tahoma, arial, helvetica, sans-serif;\">4. Strapionych pociesza\u0107.<\/span><br \/>\n<span style=\"font-family: tahoma, arial, helvetica, sans-serif;\">5. Krzywdy cierpliwie znosi\u0107.<\/span><br \/>\n<span style=\"font-family: tahoma, arial, helvetica, sans-serif;\">6. Urazy ch\u0119tnie darowa\u0107.<\/span><br \/>\n<span style=\"font-family: tahoma, arial, helvetica, sans-serif;\">7. Modli\u0107 si\u0119 za \u017cywych i umar\u0142ych.<\/span><\/p>\n","protected":false},"excerpt":{"rendered":"<div class=\"mh-excerpt\"><p>Przykazanie mi\u0142o\u015bci B\u0119dziesz mi\u0142owa\u0142 Pana Boga twego z ca\u0142ego serca swego, z ca\u0142ej duszy swojej i ze wszystkich si\u0142 swoich, a bli\u017aniego swego jak siebie <a class=\"mh-excerpt-more\" href=\"https:\/\/parafiabierzwnik.pl\/?page_id=3474\" title=\"Przykazania\">[&#8230;]<\/a><\/p>\n<\/div>","protected":false},"author":1,"featured_media":3466,"parent":0,"menu_order":0,"comment_status":"closed","ping_status":"closed","template":"","meta":{"_monsterinsights_skip_tracking":false,"_monsterinsights_sitenote_active":false,"_monsterinsights_sitenote_note":"","_monsterinsights_sitenote_category":0,"footnotes":""},"folder":[33],"class_list":["post-3474","page","type-page","status-publish","has-post-thumbnail","hentry"],"_links":{"self":[{"href":"https:\/\/parafiabierzwnik.pl\/index.php?rest_route=\/wp\/v2\/pages\/3474","targetHints":{"allow":["GET"]}}],"collection":[{"href":"https:\/\/parafiabierzwnik.pl\/index.php?rest_route=\/wp\/v2\/pages"}],"about":[{"href":"https:\/\/parafiabierzwnik.pl\/index.php?rest_route=\/wp\/v2\/types\/page"}],"author":[{"embeddable":true,"href":"https:\/\/parafiabierzwnik.pl\/index.php?rest_route=\/wp\/v2\/users\/1"}],"replies":[{"embeddable":true,"href":"https:\/\/parafiabierzwnik.pl\/index.php?rest_route=%2Fwp%2Fv2%2Fcomments&post=3474"}],"version-history":[{"count":7,"href":"https:\/\/parafiabierzwnik.pl\/index.php?rest_route=\/wp\/v2\/pages\/3474\/revisions"}],"predecessor-version":[{"id":3875,"href":"https:\/\/parafiabierzwnik.pl\/index.php?rest_route=\/wp\/v2\/pages\/3474\/revisions\/3875"}],"wp:featuredmedia":[{"embeddable":true,"href":"https:\/\/parafiabierzwnik.pl\/index.php?rest_route=\/wp\/v2\/media\/3466"}],"wp:attachment":[{"href":"https:\/\/parafiabierzwnik.pl\/index.php?rest_route=%2Fwp%2Fv2%2Fmedia&parent=3474"}],"wp:term":[{"taxonomy":"folder","embeddable":true,"href":"https:\/\/parafiabierzwnik.pl\/index.php?rest_route=%2Fwp%2Fv2%2Ffolder&post=3474"}],"curies":[{"name":"wp","href":"https:\/\/api.w.org\/{rel}","templated":true}]}}