{"id":3456,"date":"2023-06-28T20:10:27","date_gmt":"2023-06-28T18:10:27","guid":{"rendered":"https:\/\/parafiabierzwnik.pl\/?page_id=3456"},"modified":"2025-02-02T16:32:38","modified_gmt":"2025-02-02T15:32:38","slug":"modlitwy-podstawowe","status":"publish","type":"page","link":"https:\/\/parafiabierzwnik.pl\/?page_id=3456","title":{"rendered":"Modlitwy podstawowe"},"content":{"rendered":"<h3><span style=\"font-family: tahoma, arial, helvetica, sans-serif;\">Modlitwa Pa\u0144ska<\/span><\/h3>\n<p><span style=\"font-family: tahoma, arial, helvetica, sans-serif;\">Ojcze nasz, kt\u00f3ry\u015b jest w niebie, \u015bwi\u0119\u0107 si\u0119 Imi\u0119 Twoje, przyjd\u017a Kr\u00f3lestwo Twoje, b\u0105d\u017a wola Twoja, jako w niebie, tak i na ziemi. Chleba naszego powszedniego daj nam dzisiaj i odpu\u015b\u0107 nam nasze winy, jako i my odpuszczamy naszym winowajcom, i nie w\u00f3d\u017a nas na pokuszenie, ale nas zbaw ode z\u0142ego. Amen.<\/span><\/p>\n<h3><span style=\"font-family: tahoma, arial, helvetica, sans-serif;\">Pozdrowienie Anielskie<\/span><\/h3>\n<p><span style=\"font-family: tahoma, arial, helvetica, sans-serif;\">Zdrowa\u015b Maryjo, \u0142aski pe\u0142na, Pan z Tob\u0105, b\u0142ogos\u0142awiona\u015b Ty mi\u0119dzy niewiastami i b\u0142ogos\u0142awiony owoc \u017cywota Twojego: Jezus. \u015awi\u0119ta Maryjo, Matko Bo\u017ca, m\u00f3dl si\u0119 za mani grzesznymi, teraz, i w godzin\u0119 \u015bmierci naszej. Amen.<\/span><\/p>\n<h3><span style=\"font-family: tahoma, arial, helvetica, sans-serif;\">Pod Twoj\u0105 obron\u0119<\/span><\/h3>\n<p><span style=\"font-family: tahoma, arial, helvetica, sans-serif;\">Pod Twoj\u0105 obron\u0119 uciekamy si\u0119, \u015bwi\u0119ta Bo\u017ca Rodzicielko. Naszymi pro\u015bbami racz nie gardzi\u0107 w potrzebach naszych, ale od wszelakich z\u0142ych przyg\u00f3d racz nas zawsze wybawia\u0107, Panno chwalebna i b\u0142ogos\u0142awiona. O Pani nasza, Or\u0119downiczko nasza, Po\u015bredniczko nasza, Pocieszycielko nasza. Z Synem swoim nas pojednaj, Synowi swojemu nas polecaj, swojemu Synowi nas oddawaj.<\/span><\/p>\n<h3><span style=\"font-family: tahoma, arial, helvetica, sans-serif;\">Witaj Kr\u00f3lowo (Salve Regina)<\/span><\/h3>\n<p><span style=\"font-family: tahoma, arial, helvetica, sans-serif;\">Witaj, Kr\u00f3lowo, Matko mi\u0142osierdzia, \u017cycie, s\u0142odyczy i nadziejo nasza, witaj.<\/span><br \/>\n<span style=\"font-family: tahoma, arial, helvetica, sans-serif;\">Do Ciebie wo\u0142amy wygna\u0144cy, synowie Ewy.<\/span><br \/>\n<span style=\"font-family: tahoma, arial, helvetica, sans-serif;\">Do Ciebie wzdychamy, j\u0119cz\u0105c i p\u0142acz\u0105c na tym \u0142ez padole.<\/span><br \/>\n<span style=\"font-family: tahoma, arial, helvetica, sans-serif;\">Przeto, Or\u0119downiczko nasza, one mi\u0142osierne oczy Twoje na nas zwr\u00f3\u0107.<\/span><br \/>\n<span style=\"font-family: tahoma, arial, helvetica, sans-serif;\">A Jezusa, b\u0142ogos\u0142awiony owoc \u017cywota Twojego, po tym wygnaniu nam oka\u017c.<\/span><br \/>\n<span style=\"font-family: tahoma, arial, helvetica, sans-serif;\">O \u0142askawa, o lito\u015bciwa, o s\u0142odka Panno Maryjo.<\/span><\/p>\n<h3><span style=\"font-family: tahoma, arial, helvetica, sans-serif;\">Sk\u0142ad Apostolski<\/span><\/h3>\n<p><span style=\"font-family: tahoma, arial, helvetica, sans-serif;\">Wierz\u0119 w Boga Ojca Wszechmog\u0105cego, Stworzyciela nieba i ziemi, i w Jezusa Chrystusa, Syna Jego Jedynego, Pana naszego, kt\u00f3ry si\u0119 pocz\u0105\u0142 z Ducha \u015awi\u0119tego, narodzi\u0142 si\u0119 z Maryi Panny, um\u0119czon pod Ponckim Pi\u0142atem, ukrzy\u017cowan, umar\u0142 i pogrzebion, zst\u0105pi\u0142 do piekie\u0142, trzeciego dnia zmartwychwsta\u0142, wst\u0105pi\u0142 na niebiosa, siedzi po prawicy Boga Ojca Wszechmog\u0105cego, stamt\u0105d przyjdzie s\u0105dzi\u0107 \u017cywych i umar\u0142ych. Wierz\u0119 w Ducha \u015awi\u0119tego, \u015bwi\u0119ty Ko\u015bci\u00f3\u0142 powszechny, \u015awi\u0119tych obcowanie, grzech\u00f3w odpuszczenie, cia\u0142a zmartwychwstanie, \u017cywot wieczny. Amen.<\/span><\/p>\n<h3><span style=\"font-family: tahoma, arial, helvetica, sans-serif;\">Uwielbienie Tr\u00f3jcy Przenaj\u015bwi\u0119tszej<\/span><\/h3>\n<p><span style=\"font-family: tahoma, arial, helvetica, sans-serif;\">Chwa\u0142a Ojcu i Synowi, i Duchowi \u015awi\u0119temu. Jak by\u0142a na pocz\u0105tku, teraz i zawsze, i na wieki wiek\u00f3w. Amen.<\/span><\/p>\n<h3><span style=\"font-family: tahoma, arial, helvetica, sans-serif;\">Modlitwa do \u015bw. Micha\u0142a Archanio\u0142a<\/span><\/h3>\n<p><span style=\"font-family: tahoma, arial, helvetica, sans-serif;\">\u015awi\u0119ty Michale Archaniele! Wspomagaj nas w walce, a przeciw niegodziwo\u015bci i zasadzkom z\u0142ego ducha b\u0105d\u017a nasz\u0105 obron\u0105. Oby go B\u00f3g pogromi\u0107 raczy\u0142, pokornie o to prosimy, a Ty, Wodzu niebieskich zast\u0119p\u00f3w, szatana i inne z\u0142e duchy, kt\u00f3re na zgub\u0119 dusz ludzkich po tym \u015bwiecie kr\u0105\u017c\u0105, moc\u0105 Bo\u017c\u0105 str\u0105\u0107 do piek\u0142a. Amen.<\/span><\/p>\n<h3><span style=\"font-family: tahoma, arial, helvetica, sans-serif;\">Modlitwa do Anio\u0142a Str\u00f3\u017ca<\/span><\/h3>\n<p><span style=\"font-family: tahoma, arial, helvetica, sans-serif;\">Aniele Bo\u017cy, Str\u00f3\u017cu m\u00f3j,<\/span><br \/>\n<span style=\"font-family: tahoma, arial, helvetica, sans-serif;\">Ty zawsze przy mnie st\u00f3j,<\/span><br \/>\n<span style=\"font-family: tahoma, arial, helvetica, sans-serif;\">Rano, wiecz\u00f3r, we dnie, w nocy<\/span><br \/>\n<span style=\"font-family: tahoma, arial, helvetica, sans-serif;\">B\u0105d\u017a mi zawsze do pomocy.<\/span><br \/>\n<span style=\"font-family: tahoma, arial, helvetica, sans-serif;\">Strze\u017c duszy i cia\u0142a mego<\/span><br \/>\n<span style=\"font-family: tahoma, arial, helvetica, sans-serif;\">I zaprowad\u017a mnie do \u017cywota wiecznego. Amen.<\/span><\/p>\n<h3><span style=\"font-family: tahoma, arial, helvetica, sans-serif;\">Akty: wiary, nadziei, mi\u0142o\u015bci i \u017calu<\/span><\/h3>\n<p><span style=\"font-family: tahoma, arial, helvetica, sans-serif;\"><strong>Akt wiary<\/strong><\/span><br \/>\n<span style=\"font-family: tahoma, arial, helvetica, sans-serif;\">Wierz\u0119 w Ciebie, Bo\u017ce \u017cywy, &#8211; W tr\u00f3jcy jedyny, prawdziwy.<\/span><br \/>\n<span style=\"font-family: tahoma, arial, helvetica, sans-serif;\">Wierz\u0119 w co\u015b objawi\u0142, Bo\u017ce, &#8211; Twe s\u0142owo myli\u0107 nie mo\u017ce.<\/span><br \/>\n<span style=\"font-family: tahoma, arial, helvetica, sans-serif;\"><strong>Akt nadziei<\/strong><\/span><br \/>\n<span style=\"font-family: tahoma, arial, helvetica, sans-serif;\">Ufam Tobie, bo\u015b Ty wierny, &#8211; Wszechmocny i mi\u0142osierny.<\/span><br \/>\n<span style=\"font-family: tahoma, arial, helvetica, sans-serif;\">Dasz mi grzech\u00f3w odpuszczenie, &#8211; \u0141ask\u0119 i wieczne zbawienie.<\/span><br \/>\n<span style=\"font-family: tahoma, arial, helvetica, sans-serif;\"><strong>Akt mi\u0142o\u015bci<\/strong><\/span><br \/>\n<span style=\"font-family: tahoma, arial, helvetica, sans-serif;\">Bo\u017ce, cho\u0107 Ci\u0119 nie pojmuj\u0119, &#8211; Jednak nad wszystko mi\u0142uj\u0119,<\/span><br \/>\n<span style=\"font-family: tahoma, arial, helvetica, sans-serif;\">Nad wszystko, co jest stworzone, &#8211; Bo\u015b Ty dobro niesko\u0144czone.<\/span><br \/>\n<span style=\"font-family: tahoma, arial, helvetica, sans-serif;\"><strong>Akt \u017calu<\/strong><\/span><br \/>\n<span style=\"font-family: tahoma, arial, helvetica, sans-serif;\">Ach, \u017ca\u0142uj\u0119 za me z\u0142o\u015bci, &#8211; Jedynie dla Twej mi\u0142o\u015bci,<\/span><br \/>\n<span style=\"font-family: tahoma, arial, helvetica, sans-serif;\">B\u0105d\u017a mi\u0142o\u015bciw mnie, grzesznemu, &#8211; Dla Ciebie odpuszczam bli\u017aniemu.<\/span><\/p>\n<h3><span style=\"font-family: tahoma, arial, helvetica, sans-serif;\">Stacje Drogi Krzy\u017cowej<\/span><\/h3>\n<p><span style=\"font-family: tahoma, arial, helvetica, sans-serif;\">1. Jezus na \u015bmier\u0107 skazany.<\/span><br \/>\n<span style=\"font-family: tahoma, arial, helvetica, sans-serif;\">2. Jezus bierze krzy\u017c na swe ramiona.<\/span><br \/>\n<span style=\"font-family: tahoma, arial, helvetica, sans-serif;\">3. Pierwszy upadek pod krzy\u017cem.<\/span><br \/>\n<span style=\"font-family: tahoma, arial, helvetica, sans-serif;\">4. Jezus spotyka swoj\u0105 Matk\u0119.<\/span><br \/>\n<span style=\"font-family: tahoma, arial, helvetica, sans-serif;\">5. Szymon z Cyreny pomaga d\u017awiga\u0107 krzy\u017c.<\/span><br \/>\n<span style=\"font-family: tahoma, arial, helvetica, sans-serif;\">6. Weronika ociera twarz Panu Jezusowi.<\/span><br \/>\n<span style=\"font-family: tahoma, arial, helvetica, sans-serif;\">7. Drugi upadek pod krzy\u017cem.<\/span><br \/>\n<span style=\"font-family: tahoma, arial, helvetica, sans-serif;\">8. Jezus napomina p\u0142acz\u0105ce niewiasty.<\/span><br \/>\n<span style=\"font-family: tahoma, arial, helvetica, sans-serif;\">9. Trzeci upadek pod krzy\u017cem.<\/span><br \/>\n<span style=\"font-family: tahoma, arial, helvetica, sans-serif;\">10. Obna\u017cenie z szat.<\/span><br \/>\n<span style=\"font-family: tahoma, arial, helvetica, sans-serif;\">11. Jezus przybity do krzy\u017ca.<\/span><br \/>\n<span style=\"font-family: tahoma, arial, helvetica, sans-serif;\">12. Jezus umiera na krzy\u017cu.<\/span><br \/>\n<span style=\"font-family: tahoma, arial, helvetica, sans-serif;\">13. Jezus zdj\u0119ty z krzy\u017ca.<\/span><br \/>\n<span style=\"font-family: tahoma, arial, helvetica, sans-serif;\">14. Jezus z\u0142o\u017cony do grobu.<\/span><\/p>\n<h3><span style=\"font-family: tahoma, arial, helvetica, sans-serif;\">Anio\u0142 Pa\u0144ski<\/span><\/h3>\n<p><span style=\"font-family: tahoma, arial, helvetica, sans-serif;\">*Anio\u0142 Pa\u0144ski zwiastowa\u0142 Pannie Maryi.<\/span><br \/>\n<span style=\"font-family: tahoma, arial, helvetica, sans-serif;\">&#8211; I pocz\u0119\u0142a z Ducha \u015awi\u0119tego.<\/span><br \/>\n<span style=\"font-family: tahoma, arial, helvetica, sans-serif;\">Zdrowa\u015b Maryjo&#8230;<\/span><br \/>\n<span style=\"font-family: tahoma, arial, helvetica, sans-serif;\">*Oto Ja S\u0142u\u017cebnica Pa\u0144ska.<\/span><br \/>\n<span style=\"font-family: tahoma, arial, helvetica, sans-serif;\">&#8211; Niech mi si\u0119 stanie wed\u0142ug s\u0142owa twego.<\/span><br \/>\n<span style=\"font-family: tahoma, arial, helvetica, sans-serif;\">Zdrowa\u015b Maryjo&#8230;<\/span><br \/>\n<span style=\"font-family: tahoma, arial, helvetica, sans-serif;\">*A S\u0142owo sta\u0142o si\u0119 cia\u0142em.<\/span><br \/>\n<span style=\"font-family: tahoma, arial, helvetica, sans-serif;\">&#8211; I zamieszka\u0142o mi\u0119dzy nami.<\/span><br \/>\n<span style=\"font-family: tahoma, arial, helvetica, sans-serif;\">Zdrowa\u015b Maryjo&#8230;<\/span><br \/>\n<span style=\"font-family: tahoma, arial, helvetica, sans-serif;\">M\u00f3dl si\u0119 za nami \u015bwi\u0119ta Bo\u017ca Rodzicielko.<\/span><br \/>\n<span style=\"font-family: tahoma, arial, helvetica, sans-serif;\">&#8211; Aby\u015bmy si\u0119 stali godnymi obietnic Chrystusowych.<br \/>\n<\/span><strong><span style=\"font-family: tahoma, arial, helvetica, sans-serif;\">M\u00f3dlmy si\u0119:<\/span><\/strong><br \/>\n<span style=\"font-family: tahoma, arial, helvetica, sans-serif;\">Wszechmog\u0105cy Bo\u017ce, przez zwiastowanie anielskie poznali\u015bmy wcielenie Chrystusa, Twojego Syna, prosimy Ci\u0119, wlej w nasze serca swoj\u0105 \u0142ask\u0119, aby\u015bmy przez Jego m\u0119k\u0119 i krzy\u017c zostali doprowadzeni do chwa\u0142y zmartwychwstania. Przez Chrystusa, Pana naszego. Amen.<\/span><\/p>\n<h3><span style=\"font-family: tahoma, arial, helvetica, sans-serif;\"><strong>Regina caeli <\/strong><\/span><\/h3>\n<p><span style=\"font-family: tahoma, arial, helvetica, sans-serif;\"><strong>(Odmawia si\u0119 w okresie wielkanocnym zamiast \u201eAnio\u0142 Pa\u0144ski\u201d)<\/strong><\/span><\/p>\n<p><span style=\"font-family: tahoma, arial, helvetica, sans-serif;\">Kr\u00f3lowo nieba, wesel si\u0119, Alleluja,<\/span><br \/>\n<span style=\"font-family: tahoma, arial, helvetica, sans-serif;\">Bo ten, kt\u00f3rego\u015b nosi\u0142a, Alleluja<\/span><br \/>\n<span style=\"font-family: tahoma, arial, helvetica, sans-serif;\">Zmartwychwsta\u0142, jak powiedzia\u0142, Alleluja,<\/span><br \/>\n<span style=\"font-family: tahoma, arial, helvetica, sans-serif;\">M\u00f3dl si\u0119 za nami do Boga, Alleluja.<\/span><br \/>\n<span style=\"font-family: tahoma, arial, helvetica, sans-serif;\">Raduj si\u0119 i wesel, Panno Maryjo, Alleluja.<\/span><br \/>\n<span style=\"font-family: tahoma, arial, helvetica, sans-serif;\">&#8211; Bo zmartwychwsta\u0142 Pan prawdziwie, Alleluja.<\/span><br \/>\n<strong><span style=\"font-family: tahoma, arial, helvetica, sans-serif;\">M\u00f3dlmy si\u0119:<\/span><\/strong><br \/>\n<span style=\"font-family: tahoma, arial, helvetica, sans-serif;\">Bo\u017ce, kt\u00f3ry\u015b raczy\u0142 uweseli\u0107 \u015bwiat przez Zmartwychwstanie Syna Twego, Pana naszego Jezusa Chrystusa, daj, prosimy, aby\u015bmy przez Jego Rodzicielk\u0119, Maryj\u0119 Pann\u0119, dost\u0105pili rado\u015bci \u017cycia wiecznego. Przez tego\u017c Chrystusa, Pana naszego. Amen.<\/span><\/p>\n","protected":false},"excerpt":{"rendered":"<div class=\"mh-excerpt\"><p>Modlitwa Pa\u0144ska Ojcze nasz, kt\u00f3ry\u015b jest w niebie, \u015bwi\u0119\u0107 si\u0119 Imi\u0119 Twoje, przyjd\u017a Kr\u00f3lestwo Twoje, b\u0105d\u017a wola Twoja, jako w niebie, tak i na ziemi. <a class=\"mh-excerpt-more\" href=\"https:\/\/parafiabierzwnik.pl\/?page_id=3456\" title=\"Modlitwy podstawowe\">[&#8230;]<\/a><\/p>\n<\/div>","protected":false},"author":1,"featured_media":3466,"parent":0,"menu_order":0,"comment_status":"closed","ping_status":"closed","template":"","meta":{"_monsterinsights_skip_tracking":false,"_monsterinsights_sitenote_active":false,"_monsterinsights_sitenote_note":"","_monsterinsights_sitenote_category":0,"footnotes":""},"folder":[33],"class_list":["post-3456","page","type-page","status-publish","has-post-thumbnail","hentry"],"_links":{"self":[{"href":"https:\/\/parafiabierzwnik.pl\/index.php?rest_route=\/wp\/v2\/pages\/3456","targetHints":{"allow":["GET"]}}],"collection":[{"href":"https:\/\/parafiabierzwnik.pl\/index.php?rest_route=\/wp\/v2\/pages"}],"about":[{"href":"https:\/\/parafiabierzwnik.pl\/index.php?rest_route=\/wp\/v2\/types\/page"}],"author":[{"embeddable":true,"href":"https:\/\/parafiabierzwnik.pl\/index.php?rest_route=\/wp\/v2\/users\/1"}],"replies":[{"embeddable":true,"href":"https:\/\/parafiabierzwnik.pl\/index.php?rest_route=%2Fwp%2Fv2%2Fcomments&post=3456"}],"version-history":[{"count":21,"href":"https:\/\/parafiabierzwnik.pl\/index.php?rest_route=\/wp\/v2\/pages\/3456\/revisions"}],"predecessor-version":[{"id":7152,"href":"https:\/\/parafiabierzwnik.pl\/index.php?rest_route=\/wp\/v2\/pages\/3456\/revisions\/7152"}],"wp:featuredmedia":[{"embeddable":true,"href":"https:\/\/parafiabierzwnik.pl\/index.php?rest_route=\/wp\/v2\/media\/3466"}],"wp:attachment":[{"href":"https:\/\/parafiabierzwnik.pl\/index.php?rest_route=%2Fwp%2Fv2%2Fmedia&parent=3456"}],"wp:term":[{"taxonomy":"folder","embeddable":true,"href":"https:\/\/parafiabierzwnik.pl\/index.php?rest_route=%2Fwp%2Fv2%2Ffolder&post=3456"}],"curies":[{"name":"wp","href":"https:\/\/api.w.org\/{rel}","templated":true}]}}