{"id":33,"date":"2022-04-10T17:13:12","date_gmt":"2022-04-10T15:13:12","guid":{"rendered":"https:\/\/parafiabierzwnik.pl\/?page_id=33"},"modified":"2026-03-16T11:52:05","modified_gmt":"2026-03-16T10:52:05","slug":"liturgia-i-nabozenstwa","status":"publish","type":"page","link":"https:\/\/parafiabierzwnik.pl\/?page_id=33","title":{"rendered":"Liturgie i nabo\u017ce\u0144stwa"},"content":{"rendered":"<h3><span style=\"font-family: tahoma, arial, helvetica, sans-serif;\">Msze \u015bwi\u0119te w niedziele i \u015bwi\u0119ta<\/span><\/h3>\n<p><span style=\"font-family: tahoma, arial, helvetica, sans-serif;\">Bierzwnik &#8211; 8:30, 12:30<\/span><br \/>\n<span style=\"font-family: tahoma, arial, helvetica, sans-serif;\">Kolsk &#8211; 10:00<\/span><br \/>\n<span style=\"font-family: tahoma, arial, helvetica, sans-serif;\">G\u00f3rzno &#8211; 11:15<\/span><\/p>\n<h3><span style=\"font-family: tahoma, arial, helvetica, sans-serif;\">Msze \u015bwi\u0119te w dni powszednie<\/span><\/h3>\n<p><span style=\"font-family: tahoma, arial, helvetica, sans-serif;\">Bierzwnik &#8211; od poniedzia\u0142ku do pi\u0105tku &#8211; 18:00 (latem) \/ 17:00 (zim\u0105), sobota &#8211; 9:00<\/span><br \/>\n<span style=\"font-family: tahoma, arial, helvetica, sans-serif;\">Kolsk &#8211; pi\u0105tek 16:00<\/span><\/p>\n<p><span style=\"font-family: tahoma, arial, helvetica, sans-serif;\"><strong>Okazja do spowiedzi w Bierzwniku \u2013 30 min. przed Msz\u0105 \u015bw.<\/strong><\/span><\/p>\n<h3><span style=\"font-family: tahoma, arial, helvetica, sans-serif;\">Nabo\u017ce\u0144stwa Majowe, Czerwcowe<br \/>\ni R\u00f3\u017ca\u0144cowe (pa\u017adziernik)<\/span><\/h3>\n<p><span style=\"font-family: tahoma, arial, helvetica, sans-serif;\">Bierzwnik &#8211; <span style=\"color: initial;\">w dni powszednie &#8211; 30 minut przed Msz\u0105 \u015bw.; w<\/span><span style=\"color: initial;\"> niedziele &#8211; 20 minut przed Msz\u0105 \u015bw. po\u0142udniow\u0105<\/span><\/span><\/p>\n<h3><span style=\"font-family: tahoma, arial, helvetica, sans-serif;\">Nowenna do Matki Bo\u017cej Nieustaj\u0105cej Pomocy<\/span><\/h3>\n<p><span style=\"font-family: tahoma, arial, helvetica, sans-serif;\">Bierzwnik &#8211; ka\u017cda \u015broda &#8211; 18:00 (latem) \/ 17:00 (zim\u0105) (<span style=\"color: initial;\">Msza \u015bw.<\/span> po nowennie)<\/span><\/p>\n<h3><span style=\"font-family: tahoma, arial, helvetica, sans-serif;\">Nabo\u017ce\u0144stwa Fatimskie<\/span><\/h3>\n<p><span style=\"font-family: tahoma, arial, helvetica, sans-serif;\">Bierzwnik &#8211; ka\u017cdego 13. dnia miesi\u0105ca, od maja do pa\u017adziernika &#8211; 18:00 (R\u00f3\u017caniec, <span style=\"color: initial;\">Msza \u015bw.<\/span>, procesja Fatimska)<\/span><\/p>\n<h3><span style=\"font-family: tahoma, arial, helvetica, sans-serif;\">Droga Krzy\u017cowa<\/span><\/h3>\n<p><span style=\"font-family: tahoma, arial, helvetica, sans-serif;\">Bierzwnik &#8211; w pi\u0105tki Wielkiego Postu po <span style=\"color: initial;\">Mszy \u015bw.<\/span><\/span><\/p>\n<h3><span style=\"font-family: tahoma, arial, helvetica, sans-serif;\">Gorzkie \u017bale<\/span><\/h3>\n<p><span style=\"font-family: tahoma, arial, helvetica, sans-serif;\">Bierzwnik &#8211; w niedziele Wielkiego Postu &#8211; 16:00<\/span><\/p>\n<hr \/>\n<p><span style=\"font-family: tahoma, arial, helvetica, sans-serif;\">Na bie\u017c\u0105co informacje publikowane s\u0105 w ramach <a href=\"https:\/\/parafiabierzwnik.pl\/?cat=5\">Og\u0142osze\u0144 duszpasterskich<\/a>.<\/span><\/p>\n","protected":false},"excerpt":{"rendered":"<div class=\"mh-excerpt\"><p>Msze \u015bwi\u0119te w niedziele i \u015bwi\u0119ta Bierzwnik &#8211; 8:30, 12:30 Kolsk &#8211; 10:00 G\u00f3rzno &#8211; 11:15 Msze \u015bwi\u0119te w dni powszednie Bierzwnik &#8211; od poniedzia\u0142ku <a class=\"mh-excerpt-more\" href=\"https:\/\/parafiabierzwnik.pl\/?page_id=33\" title=\"Liturgie i nabo\u017ce\u0144stwa\">[&#8230;]<\/a><\/p>\n<\/div>","protected":false},"author":1,"featured_media":2144,"parent":0,"menu_order":0,"comment_status":"closed","ping_status":"closed","template":"","meta":{"_monsterinsights_skip_tracking":false,"_monsterinsights_sitenote_active":false,"_monsterinsights_sitenote_note":"","_monsterinsights_sitenote_category":0,"footnotes":""},"folder":[51],"class_list":["post-33","page","type-page","status-publish","has-post-thumbnail","hentry"],"_links":{"self":[{"href":"https:\/\/parafiabierzwnik.pl\/index.php?rest_route=\/wp\/v2\/pages\/33","targetHints":{"allow":["GET"]}}],"collection":[{"href":"https:\/\/parafiabierzwnik.pl\/index.php?rest_route=\/wp\/v2\/pages"}],"about":[{"href":"https:\/\/parafiabierzwnik.pl\/index.php?rest_route=\/wp\/v2\/types\/page"}],"author":[{"embeddable":true,"href":"https:\/\/parafiabierzwnik.pl\/index.php?rest_route=\/wp\/v2\/users\/1"}],"replies":[{"embeddable":true,"href":"https:\/\/parafiabierzwnik.pl\/index.php?rest_route=%2Fwp%2Fv2%2Fcomments&post=33"}],"version-history":[{"count":40,"href":"https:\/\/parafiabierzwnik.pl\/index.php?rest_route=\/wp\/v2\/pages\/33\/revisions"}],"predecessor-version":[{"id":9205,"href":"https:\/\/parafiabierzwnik.pl\/index.php?rest_route=\/wp\/v2\/pages\/33\/revisions\/9205"}],"wp:featuredmedia":[{"embeddable":true,"href":"https:\/\/parafiabierzwnik.pl\/index.php?rest_route=\/wp\/v2\/media\/2144"}],"wp:attachment":[{"href":"https:\/\/parafiabierzwnik.pl\/index.php?rest_route=%2Fwp%2Fv2%2Fmedia&parent=33"}],"wp:term":[{"taxonomy":"folder","embeddable":true,"href":"https:\/\/parafiabierzwnik.pl\/index.php?rest_route=%2Fwp%2Fv2%2Ffolder&post=33"}],"curies":[{"name":"wp","href":"https:\/\/api.w.org\/{rel}","templated":true}]}}