{"id":2632,"date":"2023-06-03T15:59:08","date_gmt":"2023-06-03T13:59:08","guid":{"rendered":"https:\/\/parafiabierzwnik.pl\/?page_id=2632"},"modified":"2023-06-03T16:36:37","modified_gmt":"2023-06-03T14:36:37","slug":"malzenstwo","status":"publish","type":"page","link":"https:\/\/parafiabierzwnik.pl\/?page_id=2632","title":{"rendered":"Ma\u0142\u017ce\u0144stwo"},"content":{"rendered":"<p>Zgodnie z\u00a0<strong>Instrukcj\u0105 Episkopatu Polski<\/strong>, przygotowanie do przyj\u0119cia tego sakramentu odbywa si\u0119 w kilku etapach.<\/p>\n<p>Tzw.\u00a0<strong>przygotowanie dalsze<\/strong>\u00a0odbywa si\u0119 w rodzinie, ju\u017c od lat dzieci\u0119cych, kiedy to rodzice i wychowawcy powinni stara\u0107 si\u0119 o rozwijanie cech ludzkich dziecka, kt\u00f3re pozwol\u0105 mu w przysz\u0142o\u015bci na podj\u0119cie dojrza\u0142ej decyzji o wyborze drogi \u017cycia.<\/p>\n<p><strong>Przygotowanie bli\u017csze (potocznie zwane kursem przedma\u0142\u017ce\u0144skim)<\/strong> odbywa si\u0119 podczas katechezy szkolnej lub parafialnej.<\/p>\n<p><strong>Przygotowanie bezpo\u015brednie<\/strong>\u00a0dotyczy ostatniego ju\u017c okresu, najcz\u0119\u015bciej na kilka miesi\u0119cy przed planowan\u0105 dat\u0105 \u015blubu. Co najmniej 3 miesi\u0105ce przed ta dat\u0105, nale\u017cy zg\u0142osi\u0107 si\u0119 do biura parafialnego (w parafii miejsca zamieszkania jednego z narzeczonych), by odby\u0107 tzw. kanoniczne badanie narzeczonych. Wyra\u017cana jest w\u00f3wczas wola narzeczonych przyj\u0119cia tego sakramentu, zgodnie z nauk\u0105 Ko\u015bcio\u0142a. Jest ona nast\u0119pnie publicznie og\u0142aszana w miejscu zamieszkania narzeczonych (tzw. zapowiedzi).<\/p>\n<p><strong>Wymagane dokumenty<\/strong>: dow\u00f3d osobisty; aktualne metryki chrztu narzeczonych (wystawione nie wcze\u015bniej, ni\u017c 6 miesi\u0119cy przed planowan\u0105 dat\u0105 \u015blubu) \u2013 dla tych, kt\u00f3rych chrzest by\u0142 poza parafi\u0105; \u015bwiadectwa uko\u0144czenia kursu przedma\u0142\u017ce\u0144skiego (lub ostatnie \u015bwiadectwo z nauki religii w szkole \u015bredniej, je\u015bli kurs by\u0142 przeprowadzony w szkole); dokumenty z Urz\u0119du Stanu Cywilnego (tzw. \u015blub konkordatowy).<\/p>\n","protected":false},"excerpt":{"rendered":"<div class=\"mh-excerpt\"><p>Zgodnie z\u00a0Instrukcj\u0105 Episkopatu Polski, przygotowanie do przyj\u0119cia tego sakramentu odbywa si\u0119 w kilku etapach. Tzw.\u00a0przygotowanie dalsze\u00a0odbywa si\u0119 w rodzinie, ju\u017c od lat dzieci\u0119cych, kiedy to <a class=\"mh-excerpt-more\" href=\"https:\/\/parafiabierzwnik.pl\/?page_id=2632\" title=\"Ma\u0142\u017ce\u0144stwo\">[&#8230;]<\/a><\/p>\n<\/div>","protected":false},"author":1,"featured_media":2644,"parent":0,"menu_order":0,"comment_status":"closed","ping_status":"closed","template":"","meta":{"_monsterinsights_skip_tracking":false,"_monsterinsights_sitenote_active":false,"_monsterinsights_sitenote_note":"","_monsterinsights_sitenote_category":0,"footnotes":""},"folder":[30],"class_list":["post-2632","page","type-page","status-publish","has-post-thumbnail","hentry"],"_links":{"self":[{"href":"https:\/\/parafiabierzwnik.pl\/index.php?rest_route=\/wp\/v2\/pages\/2632","targetHints":{"allow":["GET"]}}],"collection":[{"href":"https:\/\/parafiabierzwnik.pl\/index.php?rest_route=\/wp\/v2\/pages"}],"about":[{"href":"https:\/\/parafiabierzwnik.pl\/index.php?rest_route=\/wp\/v2\/types\/page"}],"author":[{"embeddable":true,"href":"https:\/\/parafiabierzwnik.pl\/index.php?rest_route=\/wp\/v2\/users\/1"}],"replies":[{"embeddable":true,"href":"https:\/\/parafiabierzwnik.pl\/index.php?rest_route=%2Fwp%2Fv2%2Fcomments&post=2632"}],"version-history":[{"count":1,"href":"https:\/\/parafiabierzwnik.pl\/index.php?rest_route=\/wp\/v2\/pages\/2632\/revisions"}],"predecessor-version":[{"id":2633,"href":"https:\/\/parafiabierzwnik.pl\/index.php?rest_route=\/wp\/v2\/pages\/2632\/revisions\/2633"}],"wp:featuredmedia":[{"embeddable":true,"href":"https:\/\/parafiabierzwnik.pl\/index.php?rest_route=\/wp\/v2\/media\/2644"}],"wp:attachment":[{"href":"https:\/\/parafiabierzwnik.pl\/index.php?rest_route=%2Fwp%2Fv2%2Fmedia&parent=2632"}],"wp:term":[{"taxonomy":"folder","embeddable":true,"href":"https:\/\/parafiabierzwnik.pl\/index.php?rest_route=%2Fwp%2Fv2%2Ffolder&post=2632"}],"curies":[{"name":"wp","href":"https:\/\/api.w.org\/{rel}","templated":true}]}}