{"id":2629,"date":"2023-06-03T15:51:14","date_gmt":"2023-06-03T13:51:14","guid":{"rendered":"https:\/\/parafiabierzwnik.pl\/?page_id=2629"},"modified":"2024-02-27T21:48:49","modified_gmt":"2024-02-27T20:48:49","slug":"spowiedz","status":"publish","type":"page","link":"https:\/\/parafiabierzwnik.pl\/?page_id=2629","title":{"rendered":"Spowied\u017a"},"content":{"rendered":"<p><span style=\"font-family: tahoma, arial, helvetica, sans-serif;\">Cz\u0142owiek\u00a0<strong>podczas ziemskiego \u017cycia traci jednak \u0142ask\u0119 u\u015bwi\u0119caj\u0105c\u0105 uzyskan\u0105 na chrzcie<\/strong>. Z pomoc\u0105 przychodzi mu wi\u0119c kolejny sakrament \u2013\u00a0<strong>zwany potocznie spowiedzi\u0105\u00a0<\/strong>(cho\u0107 spowied\u017a \u2013 czyli wyznanie grzech\u00f3w stanowi tylko cz\u0119\u015b\u0107 obrz\u0119du !). Jest nim\u00a0<strong>sakrament pokuty.<\/strong>\u00a0Po wyznaniu grzech\u00f3w oraz wype\u0142nieniu warunk\u00f3w dobrej spowiedzi kap\u0142an udziela rozgrzeszenia wymawiaj\u0105c nad spowiadanym (tzw. penitentem) s\u0142owa:\u00a0<em>B\u00f3g, Ojciec mi\u0142osierdzia, kt\u00f3ry pojedna\u0142 \u015bwiat ze Sob\u0105 przez \u015bmier\u0107 i zmartwychwstanie Swojego Syna i zes\u0142a\u0142 Ducha \u015awi\u0119tego na odpuszczenie grzech\u00f3w, niech ci udzieli przebaczenia i pokoju przez pos\u0142ug\u0119 Ko\u015bcio\u0142a I ja odpuszczam tobie grzechy w imi\u0119 Ojca, i Syna, i Ducha \u015awi\u0119tego<\/em>. Ta formu\u0142a absolucji jest w\u0142a\u015bnie sakramentalnym aktem rozgrzeszenia.\u00a0<strong>Nie zawsze jednak kap\u0142an mo\u017ce rozgrzeszy\u0107 penitenta.<\/strong>\u00a0W szczeg\u00f3lno\u015bci, gdy wierny nie jest odpowiednio dysponowany: nie \u017ca\u0142uje za grzechy i uwa\u017ca \u017ce b\u0119dzie je \u015bwiadomie nadal pope\u0142nia\u0142, nie wykazuje woli poprawy (np. grzeszy\u0142 poprzez cudzo\u0142\u00f3stwo \u2013 jednak ci\u0105gle mieszka z osob\u0105 z kt\u00f3r\u0105 grzeszy\u0142, przez co istnieje ci\u0105g\u0142a pokusa do grzechu \u2013 a wi\u0119c brak woli \u201emocnego postanowienia poprawy\u201d). Pewne grzechy s\u0105 te\u017c zastrze\u017cone i mog\u0105 by\u0107 odpuszczane jedynie przez wybranych kap\u0142an\u00f3w (np. aborcja \u2013 gdy odnios\u0142a skutek \u2013 wobec wszystkich czynnie si\u0119 do niej pomagaj\u0105cych i inne).<\/span><\/p>\n<p><span style=\"font-family: tahoma, arial, helvetica, sans-serif;\"><strong>Przygotowuj\u0105c si\u0119 do spowiedzi warto przypomnie\u0107 sobie wcze\u015bniej:<\/strong><\/span><\/p>\n<ol>\n<li><span style=\"font-family: tahoma, arial, helvetica, sans-serif;\">Kiedy ostatnio by\u0142o si\u0119 u spowiedzi<\/span><\/li>\n<li><span style=\"font-family: tahoma, arial, helvetica, sans-serif;\">Jakie grzechy si\u0119 od tego czasu pope\u0142ni\u0142o (ci\u0119\u017ckie i lekkie) [zrobi\u0107 rachunek sumienia]<\/span><\/li>\n<li><span style=\"font-family: tahoma, arial, helvetica, sans-serif;\">Czy uzyska\u0142o si\u0119 wtedy rozgrzeszenie<\/span><\/li>\n<li><span style=\"font-family: tahoma, arial, helvetica, sans-serif;\">Czy jakie\u015b grzechy wtedy si\u0119 zatai\u0142o lub zapomnia\u0142o wyzna\u0107<\/span><\/li>\n<\/ol>\n<p><span style=\"font-family: tahoma, arial, helvetica, sans-serif;\"><strong>Dobrze jest r\u00f3wnie\u017c sobie samemu odpowiedzie\u0107 na pytanie, w czym poprawi\u0142em\/poprawi\u0142am si\u0119 od ostatniej spowiedzi, jakiego grzechu wcze\u015bniej obecnego w moim \u017cyciu uda\u0142o mi si\u0119 unikn\u0105\u0107.<\/strong><\/span><\/p>\n<p><span style=\"font-family: tahoma, arial, helvetica, sans-serif;\"><strong>Do sakramentu pokuty nale\u017cy przyst\u0119powa\u0107 zawsze i mo\u017cliwie szybko, gdy pope\u0142ni si\u0119 grzech ci\u0119\u017cki<\/strong>, oraz mo\u017cna i zaleca si\u0119 (szczeg\u00f3lnie w przypadku os\u00f3b cz\u0119sto przyst\u0119puj\u0105cych do Komunii \u015bw.) spowiadanie si\u0119 co jaki\u015b okre\u015blony czas (2 tygodnie, miesi\u0105c) r\u00f3wnie\u017c z samych grzech\u00f3w lekkich.<\/span><\/p>\n","protected":false},"excerpt":{"rendered":"<div class=\"mh-excerpt\"><p>Cz\u0142owiek\u00a0podczas ziemskiego \u017cycia traci jednak \u0142ask\u0119 u\u015bwi\u0119caj\u0105c\u0105 uzyskan\u0105 na chrzcie. Z pomoc\u0105 przychodzi mu wi\u0119c kolejny sakrament \u2013\u00a0zwany potocznie spowiedzi\u0105\u00a0(cho\u0107 spowied\u017a \u2013 czyli wyznanie grzech\u00f3w <a class=\"mh-excerpt-more\" href=\"https:\/\/parafiabierzwnik.pl\/?page_id=2629\" title=\"Spowied\u017a\">[&#8230;]<\/a><\/p>\n<\/div>","protected":false},"author":1,"featured_media":2642,"parent":0,"menu_order":0,"comment_status":"closed","ping_status":"closed","template":"","meta":{"_monsterinsights_skip_tracking":false,"_monsterinsights_sitenote_active":false,"_monsterinsights_sitenote_note":"","_monsterinsights_sitenote_category":0,"footnotes":""},"folder":[30],"class_list":["post-2629","page","type-page","status-publish","has-post-thumbnail","hentry"],"_links":{"self":[{"href":"https:\/\/parafiabierzwnik.pl\/index.php?rest_route=\/wp\/v2\/pages\/2629","targetHints":{"allow":["GET"]}}],"collection":[{"href":"https:\/\/parafiabierzwnik.pl\/index.php?rest_route=\/wp\/v2\/pages"}],"about":[{"href":"https:\/\/parafiabierzwnik.pl\/index.php?rest_route=\/wp\/v2\/types\/page"}],"author":[{"embeddable":true,"href":"https:\/\/parafiabierzwnik.pl\/index.php?rest_route=\/wp\/v2\/users\/1"}],"replies":[{"embeddable":true,"href":"https:\/\/parafiabierzwnik.pl\/index.php?rest_route=%2Fwp%2Fv2%2Fcomments&post=2629"}],"version-history":[{"count":3,"href":"https:\/\/parafiabierzwnik.pl\/index.php?rest_route=\/wp\/v2\/pages\/2629\/revisions"}],"predecessor-version":[{"id":6266,"href":"https:\/\/parafiabierzwnik.pl\/index.php?rest_route=\/wp\/v2\/pages\/2629\/revisions\/6266"}],"wp:featuredmedia":[{"embeddable":true,"href":"https:\/\/parafiabierzwnik.pl\/index.php?rest_route=\/wp\/v2\/media\/2642"}],"wp:attachment":[{"href":"https:\/\/parafiabierzwnik.pl\/index.php?rest_route=%2Fwp%2Fv2%2Fmedia&parent=2629"}],"wp:term":[{"taxonomy":"folder","embeddable":true,"href":"https:\/\/parafiabierzwnik.pl\/index.php?rest_route=%2Fwp%2Fv2%2Ffolder&post=2629"}],"curies":[{"name":"wp","href":"https:\/\/api.w.org\/{rel}","templated":true}]}}