{"id":2627,"date":"2023-06-03T15:46:13","date_gmt":"2023-06-03T13:46:13","guid":{"rendered":"https:\/\/parafiabierzwnik.pl\/?page_id=2627"},"modified":"2024-03-29T16:49:38","modified_gmt":"2024-03-29T15:49:38","slug":"eucharystia","status":"publish","type":"page","link":"https:\/\/parafiabierzwnik.pl\/?page_id=2627","title":{"rendered":"Eucharystia"},"content":{"rendered":"<p><span style=\"font-family: tahoma, arial, helvetica, sans-serif;\">Eucharystia jest to \u017cywy, prawdziwy i materialny Chrystus obecny pod postaciami chleba i wina, ofiaruj\u0105cy siebie samego Ojcu oraz daj\u0105cy siebie jako pokarm duchowy wiernym z\u0142\u0105czonym w Jego ofierze.<\/span><\/p>\n<p><span style=\"font-family: tahoma, arial, helvetica, sans-serif;\"><strong>Sakrament Eucharystii mo\u017cna rozwa\u017ca\u0107 jako:<\/strong><\/span><br \/>\n<span style=\"font-family: tahoma, arial, helvetica, sans-serif;\">a)\u00a0sakrament stawania si\u0119 \u2013 podczas Mszy \u015bwi\u0119tej chleb i wino zostaj\u0105 przemienione moc\u0105 Ducha \u015awi\u0119tego w prawdziwe Cia\u0142o i Krew Jezusa Chrystusa<\/span><br \/>\n<span style=\"font-family: tahoma, arial, helvetica, sans-serif;\">b)\u00a0obecno\u015b\u0107 Chrystusa pod postaciami chleba i wina. Dzi\u0119ki temu mo\u017cna adorowa\u0107 Chrystusa obecnego pod postaci\u0105 chleba w tabernakulum, podczas Adoracji Naj\u015bwi\u0119tszego Sakramentu<\/span><br \/>\n<span style=\"font-family: tahoma, arial, helvetica, sans-serif;\">c)\u00a0przyjmowanie Cia\u0142a i Krwi Pa\u0144skiej jako pokarmu daj\u0105cego \u017cycie wieczne \u2013 w Komunii \u015bwi\u0119tej.<\/span><\/p>\n<p><span style=\"font-family: tahoma, arial, helvetica, sans-serif;\"><strong>Konieczno\u015b\u0107 uczestniczenia w Eucharystii i przyjmowania Komunii \u015awi\u0119tej:<\/strong><\/span><br \/>\n<span style=\"font-family: tahoma, arial, helvetica, sans-serif;\">a) Sam Chrystus naucza\u0142: &#8222;Bierzcie i jedzcie, to jest Cia\u0142o moje [&#8230;] Pijcie z niego wszyscy, bo to jest moja Krew Przymierza, kt\u00f3ra za wielu b\u0119dzie wylana na odpuszczenie grzech\u00f3w&#8221; (Mt 26,26-28); Zaprawd\u0119 powiadam wam: Je\u017celi nie b\u0119dziecie jedli Cia\u0142a Syna Cz\u0142owieczego ani pili Krwi Jego, nie b\u0119dziecie mieli \u017cycia w sobie. Kto spo\u017cywa moje Cia\u0142o i pije moj\u0105 Krew, ma \u017cycie wieczne, a Ja go wskrzesz\u0119 w dniu ostatecznym\u2026(J 6,53-54n).<\/span><br \/>\n<span style=\"font-family: tahoma, arial, helvetica, sans-serif;\">b)\u00a0R\u00f3wnie\u017c Ko\u015bci\u00f3\u0142 przejmuj\u0105c pouczenia Chrystusa wzywa wiernych, podaj\u0105c\u00a0Przykazania ko\u015bcielne, do uczestniczenia we Mszy \u015bwi\u0119tej i przyjmowania Komunii \u015bwi\u0119tej:\u00a0Pierwsze przykazanie (\u201eW niedziele i \u015bwi\u0119ta we Mszy \u015bwi\u0119tej uczestniczy\u0107\u201d)\u00a0domaga si\u0119 od wiernych udzia\u0142u w celebracji Niedzielnej i \u015bwi\u0105tecznej Eucharystii, na kt\u00f3rej gromadzi si\u0119 wsp\u00f3lnota chrze\u015bcija\u0144ska, w dniu upami\u0119tniaj\u0105cym Zmartwychwstanie Pa\u0144skie. Trzecie przykazanie (\u201ePrzynajmniej raz w roku w czasie wielkanocnym Komuni\u0119 \u015bwi\u0119t\u0105 przyj\u0105\u0107\u201d) okre\u015bla minimum w przyjmowaniu Cia\u0142a i Krwi Pa\u0144skiej w zwi\u0105zku ze \u015bwi\u0119tami wielkanocnymi, \u017ar\u00f3d\u0142em i o\u015brodkiem liturgii chrze\u015bcija\u0144skiej.<\/span><\/p>\n<p><span style=\"font-family: tahoma, arial, helvetica, sans-serif;\"><strong>Dla godnego przyj\u0119cia Komunii \u015bwi\u0119tej konieczne jest odpowiednie przygotowanie zar\u00f3wno duszy, jak i cia\u0142a:<\/strong><\/span><br \/>\n<span style=\"font-family: tahoma, arial, helvetica, sans-serif;\">a)\u00a0stan \u0142aski u\u015bwi\u0119caj\u0105cej \u2013 je\u015bli sumienie komu\u015b wyrzuca grzech ci\u0119\u017cki, nie mo\u017ce przyst\u0105pi\u0107 do Komunii \u015bwi\u0119tej, ale musi wcze\u015bniej uzyska\u0107 przebaczenie grzech\u00f3w i pojednanie z Bogiem i Ko\u015bcio\u0142em w sakramencie pokuty i pojednania. Nie wystarczy wzbudzi\u0107 sobie \u017calu za grzechy (chyba w bezpo\u015brednim niebezpiecze\u0144stwie \u015bmierci) \u2013 trzeba przyst\u0105pi\u0107 do spowiedzi!<\/span><br \/>\n<span style=\"font-family: tahoma, arial, helvetica, sans-serif;\">b)\u00a0odpowiednia intencja \u2013 ka\u017cdy cz\u0142owiek przyjmuj\u0105cy Komuni\u0119 \u015bwi\u0119t\u0105 obdarowywany jest przez Boga tzw. Owocami Eucharystii. Jeden z nich mo\u017ce ofiarowa\u0107 w intencji samego siebie, innej osoby (zar\u00f3wno \u017cywej, jak i zmar\u0142ej), lub w innych dobrych intencjach.<\/span><br \/>\n<span style=\"font-family: tahoma, arial, helvetica, sans-serif;\">c)\u00a0do przyj\u0119cia Komunii \u015bwi\u0119tej nale\u017cy si\u0119 przygotowa\u0107 duchowo: wzbudzi\u0107 sobie akt wiary, nadziei i mi\u0142o\u015bci, akt \u017calu za grzechy, mo\u017cna odm\u00f3wi\u0107 inne modlitwy. Komuni\u0119 \u015bwi\u0119t\u0105 nale\u017cy przyjmowa\u0107 z jak najwi\u0119ksz\u0105 pobo\u017cno\u015bci\u0105.<\/span><br \/>\n<span style=\"font-family: tahoma, arial, helvetica, sans-serif;\">d)\u00a0przed przyj\u0119ciem Komunii \u015bwi\u0119tej nale\u017cy zachowa\u0107 jednogodzinny post (postu nie \u0142amie woda i lekarstwa).<\/span><br \/>\n<span style=\"font-family: tahoma, arial, helvetica, sans-serif;\">e)\u00a0odpowiednim przygotowaniem do uczestniczenia we Mszy \u015bwi\u0119tej i przyj\u0119cia Komunii \u015bwi\u0119tej jest r\u00f3wnie\u017c od\u015bwi\u0119tny str\u00f3j. Nale\u017cy pami\u0119ta\u0107, \u017ce przyjmuje si\u0119 do swego serca Pana nieba i ziemi, naszego Zbawiciela.<\/span><br \/>\n<span style=\"font-family: tahoma, arial, helvetica, sans-serif;\">f)\u00a0po przyj\u0119ciu Komunii \u015bwi\u0119tej nale\u017cy odprawi\u0107 odpowiednie dzi\u0119kczynienie, a wi\u0119c uwielbi\u0107 Boga za Jego dar mi\u0142o\u015bci.<\/span><br \/>\n<span style=\"font-family: tahoma, arial, helvetica, sans-serif;\">g)\u00a0w ci\u0105gu jednego dnia mo\u017cna dwa razy przyj\u0105\u0107 Komuni\u0119 \u015bwi\u0119t\u0105, pod warunkiem, \u017ce za drugim przyjmujemy Komuni\u0119 \u015bwi\u0119t\u0105 uczestnicz\u0105c w ca\u0142ej Mszy \u015bwi\u0119tej.<\/span><\/p>\n<p><span style=\"font-family: tahoma, arial, helvetica, sans-serif;\"><strong>Skutki Eucharystii jako Komunii \u015awi\u0119tej:<\/strong><\/span><br \/>\n<span style=\"font-family: tahoma, arial, helvetica, sans-serif;\">a)\u00a0uwalnia od grzech\u00f3w powszednich<\/span><br \/>\n<span style=\"font-family: tahoma, arial, helvetica, sans-serif;\">b)\u00a0chroni przed pope\u0142nianiem grzech\u00f3w ci\u0119\u017ckich<\/span><br \/>\n<span style=\"font-family: tahoma, arial, helvetica, sans-serif;\">c)\u00a0pomaga w opanowaniu instynkt\u00f3w zmys\u0142owych<\/span><br \/>\n<span style=\"font-family: tahoma, arial, helvetica, sans-serif;\">d)\u00a0jest zadatkiem wiecznego szcz\u0119\u015bcia<\/span><br \/>\n<span style=\"font-family: tahoma, arial, helvetica, sans-serif;\">e)\u00a0jest \u017ar\u00f3d\u0142em rado\u015bci duchowej<\/span><br \/>\n<span style=\"font-family: tahoma, arial, helvetica, sans-serif;\">f)\u00a0jest r\u0119kojmi\u0105 zmartwychwstania<\/span><br \/>\n<span style=\"font-family: tahoma, arial, helvetica, sans-serif;\">g)\u00a0jednoczy wiernych w Ko\u015bciele<\/span><br \/>\n<span style=\"font-family: tahoma, arial, helvetica, sans-serif;\">h)\u00a0\u015bci\u015blej jednoczy z Chrystusem<\/span><\/p>\n","protected":false},"excerpt":{"rendered":"<div class=\"mh-excerpt\"><p>Eucharystia jest to \u017cywy, prawdziwy i materialny Chrystus obecny pod postaciami chleba i wina, ofiaruj\u0105cy siebie samego Ojcu oraz daj\u0105cy siebie jako pokarm duchowy wiernym <a class=\"mh-excerpt-more\" href=\"https:\/\/parafiabierzwnik.pl\/?page_id=2627\" title=\"Eucharystia\">[&#8230;]<\/a><\/p>\n<\/div>","protected":false},"author":1,"featured_media":2640,"parent":0,"menu_order":0,"comment_status":"closed","ping_status":"closed","template":"","meta":{"_monsterinsights_skip_tracking":false,"_monsterinsights_sitenote_active":false,"_monsterinsights_sitenote_note":"","_monsterinsights_sitenote_category":0,"footnotes":""},"folder":[30],"class_list":["post-2627","page","type-page","status-publish","has-post-thumbnail","hentry"],"_links":{"self":[{"href":"https:\/\/parafiabierzwnik.pl\/index.php?rest_route=\/wp\/v2\/pages\/2627","targetHints":{"allow":["GET"]}}],"collection":[{"href":"https:\/\/parafiabierzwnik.pl\/index.php?rest_route=\/wp\/v2\/pages"}],"about":[{"href":"https:\/\/parafiabierzwnik.pl\/index.php?rest_route=\/wp\/v2\/types\/page"}],"author":[{"embeddable":true,"href":"https:\/\/parafiabierzwnik.pl\/index.php?rest_route=\/wp\/v2\/users\/1"}],"replies":[{"embeddable":true,"href":"https:\/\/parafiabierzwnik.pl\/index.php?rest_route=%2Fwp%2Fv2%2Fcomments&post=2627"}],"version-history":[{"count":3,"href":"https:\/\/parafiabierzwnik.pl\/index.php?rest_route=\/wp\/v2\/pages\/2627\/revisions"}],"predecessor-version":[{"id":6380,"href":"https:\/\/parafiabierzwnik.pl\/index.php?rest_route=\/wp\/v2\/pages\/2627\/revisions\/6380"}],"wp:featuredmedia":[{"embeddable":true,"href":"https:\/\/parafiabierzwnik.pl\/index.php?rest_route=\/wp\/v2\/media\/2640"}],"wp:attachment":[{"href":"https:\/\/parafiabierzwnik.pl\/index.php?rest_route=%2Fwp%2Fv2%2Fmedia&parent=2627"}],"wp:term":[{"taxonomy":"folder","embeddable":true,"href":"https:\/\/parafiabierzwnik.pl\/index.php?rest_route=%2Fwp%2Fv2%2Ffolder&post=2627"}],"curies":[{"name":"wp","href":"https:\/\/api.w.org\/{rel}","templated":true}]}}