{"id":2625,"date":"2023-06-03T15:39:25","date_gmt":"2023-06-03T13:39:25","guid":{"rendered":"https:\/\/parafiabierzwnik.pl\/?page_id=2625"},"modified":"2023-09-11T15:43:31","modified_gmt":"2023-09-11T13:43:31","slug":"bierzmowanie","status":"publish","type":"page","link":"https:\/\/parafiabierzwnik.pl\/?page_id=2625","title":{"rendered":"Bierzmowanie"},"content":{"rendered":"<p>Sakrament bierzmowania jest dope\u0142nieniem chrztu; zostajemy w nim obdarzeni Duchem \u015awi\u0119tym. Kto w wolno\u015bci decyduje si\u0119 na \u017cycie jako dziecko Bo\u017ce i poprzez znaki na\u0142o\u017cenia r\u0105k i namaszczenia krzy\u017cmem prosi o Ducha Bo\u017cego, otrzymuje si\u0142\u0119, aby \u015bwiadczy\u0107 o Bo\u017cej mi\u0142o\u015bci i pot\u0119dze s\u0142owem i czynem. Staje si\u0119 w\u00f3wczas pe\u0142noprawnym, odpowiedzialnym cz\u0142onkiem Ko\u015bcio\u0142a Katolickiego.<\/p>\n<p>Nazywaj\u0105c\u00a0bierzmowanie\u00a0sakramentem dojrza\u0142o\u015bci Ko\u015bci\u00f3\u0142 pragnie zaznaczy\u0107, \u017ce przyjmuj\u0105cy go chrze\u015bcijanin zostaje umocniony Bo\u017c\u0105 moc\u0105 w swym pragnieniu czynienia w \u015bwiecie dobra. Chrze\u015bcijanie wierz\u0105 w otrzymanie w tym sakramencie szczeg\u00f3lnej mocy Ducha \u015awi\u0119tego, kt\u00f3ry zach\u0119ca i uzdalnia do \u015bwiadczenia o Chrystusie w Ko\u015bciele i w \u017cyciu publicznym. Znaczenie tego sakramentu mo\u017cna przyr\u00f3wna\u0107 do wydarze\u0144 zwi\u0105zanych z zes\u0142aniem Ducha \u015awi\u0119tego w dniu Pi\u0119\u0107dziesi\u0105tnicy. Ju\u017c przed tym wydarzeniem uczniowie Jezusa byli zacz\u0105tkiem Ko\u015bcio\u0142a, wsp\u00f3lnot\u0105 wierz\u0105c\u0105 w zmartwychwsta\u0142ego Jezusa Chrystusa. Dopiero jednak wydarzenie zes\u0142ania na nich Ducha \u015awi\u0119tego spowodowa\u0142o, \u017ce wsp\u00f3lnota ta sta\u0142a si\u0119 dla \u015bwiata widzialnym znakiem udzielonego \u015bwiatu daru zbawienia (Dz 2, 1\u201447). W nast\u0119pstwie czego Aposto\u0142owie nape\u0142nieni Jego moc\u0105 odwa\u017cnie zacz\u0119li g\u0142osi\u0107 \u00f3wczesnemu \u015bwiatu dobr\u0105 nowin\u0119 o zbawieniu.<\/p>\n<p>Podobnie rzecz si\u0119 ma w \u017cyciu poszczeg\u00f3lnego chrze\u015bcijanina. Otrzymane na chrzcie nowe \u017cycie sw\u0105 pe\u0142n\u0105 moc osi\u0105ga w bierzmowaniu\u00a0(\u201ebierzmowanie\u201d znaczy \u201eumocnienie\u201d). Sakrament ten staje si\u0119 dla chrze\u015bcijanina znakiem, \u017ce Duch \u015awi\u0119ty, kt\u00f3rego Jezus przyobieca\u0142 swym uczniom (J 16, 7 \u2013 13), pragnie go ogarn\u0105\u0107 i poruszy\u0107. Niekiedy te\u017c okre\u015blamy bierzmowanie mianem \u201epiecz\u0119ci\u201d. Piecz\u0119tujemy i doskonalimy to, co zapocz\u0105tkowane zosta\u0142o na chrzcie: wsp\u00f3lnot\u0119 z Chrystusem i Jego Ko\u015bcio\u0142em i zaanga\u017cowanie w s\u0142u\u017cb\u0119 dla dobra ludzi w duchu Jezusa.<\/p>\n<p>Sakrament bierzmowania chrze\u015bcijanin otrzymuje nie tylko dla siebie, lecz tak\u017ce dla dobra innych. Otrzymany Dar Ducha \u015awi\u0119tego za po\u015brednictwem bierzmowanych winien przemienia\u0107 ludzi: powinien ich nawiedza\u0107, aby mogli do\u015bwiadczy\u0107 blisko\u015bci obdarowuj\u0105cego mi\u0142o\u015bci\u0105 i nadziej\u0105 Boga. Przekonanie to domaga si\u0119 od chrze\u015bcijanina w\u0142\u0105czania swoich uzdolnie\u0144 i umiej\u0119tno\u015bci w s\u0142u\u017cb\u0119 dobra wsp\u00f3lnoty, np. w\u0142\u0105czaj\u0105c si\u0119 przygotowanie Mszy \u015awi\u0119tej, w rozwi\u0105zywaniu problem\u00f3w spo\u0142ecznych swojego otoczenia, przez trosk\u0119 o osoby starsze, samotne czy potrzebuj\u0105ce pomocy. Takich mo\u017cliwo\u015bci dostarcza te\u017c pracy z m\u0142odzie\u017c\u0105, czy te\u017c w\u0142\u0105czanie si\u0119 w \u017cycie i dzia\u0142alno\u015b\u0107 spo\u0142eczno\u015bci parafialnej. Bierzmowany nie powinien stawia\u0107 pytania: \u201eCo za to otrzymam?\u201d, lecz \u201eKomu jestem potrzebny?\u201d<\/p>\n","protected":false},"excerpt":{"rendered":"<div class=\"mh-excerpt\"><p>Sakrament bierzmowania jest dope\u0142nieniem chrztu; zostajemy w nim obdarzeni Duchem \u015awi\u0119tym. Kto w wolno\u015bci decyduje si\u0119 na \u017cycie jako dziecko Bo\u017ce i poprzez znaki na\u0142o\u017cenia <a class=\"mh-excerpt-more\" href=\"https:\/\/parafiabierzwnik.pl\/?page_id=2625\" title=\"Bierzmowanie\">[&#8230;]<\/a><\/p>\n<\/div>","protected":false},"author":1,"featured_media":2638,"parent":0,"menu_order":0,"comment_status":"closed","ping_status":"closed","template":"","meta":{"_monsterinsights_skip_tracking":false,"_monsterinsights_sitenote_active":false,"_monsterinsights_sitenote_note":"","_monsterinsights_sitenote_category":0,"footnotes":""},"folder":[30],"class_list":["post-2625","page","type-page","status-publish","has-post-thumbnail","hentry"],"_links":{"self":[{"href":"https:\/\/parafiabierzwnik.pl\/index.php?rest_route=\/wp\/v2\/pages\/2625","targetHints":{"allow":["GET"]}}],"collection":[{"href":"https:\/\/parafiabierzwnik.pl\/index.php?rest_route=\/wp\/v2\/pages"}],"about":[{"href":"https:\/\/parafiabierzwnik.pl\/index.php?rest_route=\/wp\/v2\/types\/page"}],"author":[{"embeddable":true,"href":"https:\/\/parafiabierzwnik.pl\/index.php?rest_route=\/wp\/v2\/users\/1"}],"replies":[{"embeddable":true,"href":"https:\/\/parafiabierzwnik.pl\/index.php?rest_route=%2Fwp%2Fv2%2Fcomments&post=2625"}],"version-history":[{"count":2,"href":"https:\/\/parafiabierzwnik.pl\/index.php?rest_route=\/wp\/v2\/pages\/2625\/revisions"}],"predecessor-version":[{"id":4684,"href":"https:\/\/parafiabierzwnik.pl\/index.php?rest_route=\/wp\/v2\/pages\/2625\/revisions\/4684"}],"wp:featuredmedia":[{"embeddable":true,"href":"https:\/\/parafiabierzwnik.pl\/index.php?rest_route=\/wp\/v2\/media\/2638"}],"wp:attachment":[{"href":"https:\/\/parafiabierzwnik.pl\/index.php?rest_route=%2Fwp%2Fv2%2Fmedia&parent=2625"}],"wp:term":[{"taxonomy":"folder","embeddable":true,"href":"https:\/\/parafiabierzwnik.pl\/index.php?rest_route=%2Fwp%2Fv2%2Ffolder&post=2625"}],"curies":[{"name":"wp","href":"https:\/\/api.w.org\/{rel}","templated":true}]}}