{"id":2621,"date":"2023-06-03T15:17:42","date_gmt":"2023-06-03T13:17:42","guid":{"rendered":"https:\/\/parafiabierzwnik.pl\/?page_id=2621"},"modified":"2023-09-16T11:56:02","modified_gmt":"2023-09-16T09:56:02","slug":"chrzest","status":"publish","type":"page","link":"https:\/\/parafiabierzwnik.pl\/?page_id=2621","title":{"rendered":"Chrzest"},"content":{"rendered":"<p><span style=\"font-family: tahoma, arial, helvetica, sans-serif;\">Chrzest jest sakramentem, w kt\u00f3rym cz\u0142owiek zostaje w\u0142\u0105czony w tajemnic\u0119 paschaln\u0105 Chrystusa, zanurzony w Jego \u015bmier\u0107 i zmartwychwstanie oraz we wsp\u00f3lnot\u0119 Ko\u015bcio\u0142a przez obmycie wod\u0105 i wezwanie Tr\u00f3jcy \u015awi\u0119tej.<\/span><\/p>\n<h3><span style=\"font-family: tahoma, arial, helvetica, sans-serif;\">Skutki chrztu \u015bw.:<\/span><\/h3>\n<p><span style=\"font-family: tahoma, arial, helvetica, sans-serif;\">a)\u00a0odpuszczenie grzechu pierworodnego<\/span><br \/>\n<span style=\"font-family: tahoma, arial, helvetica, sans-serif;\">b)\u00a0odpuszczenie wszystkich grzech\u00f3w uczynkowych<\/span><br \/>\n<span style=\"font-family: tahoma, arial, helvetica, sans-serif;\">c)\u00a0odpuszczenie ca\u0142ej kary za grzechy, zar\u00f3wno wiecznej jak i doczesnej<\/span><br \/>\n<span style=\"font-family: tahoma, arial, helvetica, sans-serif;\">d)\u00a0wlanie \u0142aski u\u015bwi\u0119caj\u0105cej, cn\u00f3t teologalnych (wiary, nadziei i mi\u0142o\u015bci) oraz dar\u00f3w Ducha \u015awi\u0119tego<\/span><br \/>\n<span style=\"font-family: tahoma, arial, helvetica, sans-serif;\">e)\u00a0charakter sakramentalny, czyli niezatarte znami\u0119 przynale\u017cno\u015bci do Boga i Ko\u015bcio\u0142a.<\/span><\/p>\n<h3><span style=\"font-family: tahoma, arial, helvetica, sans-serif;\">Nadanie imienia:<\/span><\/h3>\n<p><span style=\"font-family: tahoma, arial, helvetica, sans-serif;\">Nadawania imienia dziecku jest zwi\u0105zane z obraniem \u015bwi\u0119tego patrona. Dlatego nie powinno si\u0119 wybiera\u0107 dla dzieci imion obcych chrze\u015bcija\u0144stwu, lecz maj\u0105c na wzgl\u0119dzie cnoty i wiar\u0119 \u015bwi\u0119tego patrona nada\u0107 dziecku imi\u0119 \u015bwi\u0119tego, kt\u00f3ry b\u0119dzie w spos\u00f3b szczeg\u00f3lny dzieckiem si\u0119 opiekowa\u0142.<\/span><\/p>\n<h3><span style=\"font-family: tahoma, arial, helvetica, sans-serif;\"><strong>Warunki udzielania chrztu \u015bwi\u0119tego:<\/strong><\/span><\/h3>\n<p><span style=\"font-family: tahoma, arial, helvetica, sans-serif;\">a)\u00a0Podstawowym warunkiem udzielenia sakramentu chrztu \u015bwi\u0119tego jest nie przyj\u0119cie jeszcze tego sakramentu przez danego cz\u0142owieka.<\/span><br \/>\n<span style=\"font-family: tahoma, arial, helvetica, sans-serif;\">b)\u00a0W przypadku dzieci wymagana jest zgoda rodzic\u00f3w (przynajmniej jednego) i zapewnienie o katolickim wychowaniu dziecka.<\/span><br \/>\n<span style=\"font-family: tahoma, arial, helvetica, sans-serif;\">c)\u00a0Je\u015bli nie ma nadziei na wychowanie dziecka w wierze katolickiej nie odmawia si\u0119 chrztu,\u00a0ale nale\u017cy od\u0142o\u017cy\u0107 a\u017c do momentu, gdy b\u0119d\u0105 mog\u0142y by\u0107 spe\u0142nione warunki stawiane przez Ko\u015bci\u00f3\u0142.\u00a0Je\u015bli rodzice nie mog\u0105 zapewni\u0107 katolickiego wychowania dziecka proponuje si\u0119 zapisanie dziecka do odbycia katechumenatu (czyli specjalnego przygotowania do przyj\u0119cia chrztu \u015bwi\u0119tego) w wieku szkolnym.<\/span><\/p>\n<h3>Obowi\u0105zki wyp\u0142ywaj\u0105ce z przyj\u0119cia sakramentu chrztu \u015bwi\u0119tego:<\/h3>\n<p><span style=\"font-family: tahoma, arial, helvetica, sans-serif;\">a)\u00a0Chrzest b\u0119d\u0105c wezwaniem do \u017cycia wiar\u0105 zobowi\u0105zuje do poznawania prawd wiary katolickiej.<\/span><br \/>\n<span style=\"font-family: tahoma, arial, helvetica, sans-serif;\">b)\u00a0Chrzest wzywa do \u017cycia nadziej\u0105, \u017ce cz\u0142owiek \u017cyj\u0105c dobrze osi\u0105gnie zbawienie.<\/span><br \/>\n<span style=\"font-family: tahoma, arial, helvetica, sans-serif;\">c)\u00a0Chrzest zobowi\u0105zuje do \u017cycia mi\u0142o\u015bci\u0105 wobec Boga i ludzi.<\/span><br \/>\n<span style=\"font-family: tahoma, arial, helvetica, sans-serif;\">d)\u00a0Chrzest wprowadza cz\u0142owieka we wsp\u00f3lnot\u0119 Ko\u015bcio\u0142a, st\u0105d p\u0142ynie zobowi\u0105zanie do udzia\u0142u w \u017cyciu Ko\u015bcio\u0142a (nie tylko uczestniczenie w obrz\u0119dach kultu: np. Mszy \u015bw., nabo\u017ce\u0144stwach\u2026, ale r\u00f3wnie\u017c troska o stron\u0119 materialn\u0105, jak cho\u0107by troska o utrzymanie i pi\u0119kno \u015bwi\u0105tyni).<\/span><br \/>\n<span style=\"font-family: tahoma, arial, helvetica, sans-serif;\">e)\u00a0Chrzest daje uprawnienie do przyjmowania innych sakrament\u00f3w \u015bwi\u0119tych i zobowi\u0105zuje do prowadzenia \u017cycia sakramentalnego, a wi\u0119c cz\u0119stej spowiedzi i Komunii \u015bwi\u0119tej.<\/span><\/p>\n<h3>Rodzice chrzestni:<\/h3>\n<p><span style=\"font-family: tahoma, arial, helvetica, sans-serif;\">a)\u00a0Chrzestnych wybieraj\u0105 rodzice dziecka spo\u015br\u00f3d ludzi wierz\u0105cych i prowadz\u0105cych \u017cycie religijne. Chrzestni maj\u0105 pomaga\u0107 rodzicom dziecka w wype\u0142nianiu obowi\u0105zku chrze\u015bcija\u0144skiego wychowania.<\/span><br \/>\n<span style=\"font-family: tahoma, arial, helvetica, sans-serif;\">b)\u00a0Chrzestny powinien mie\u0107 uko\u0144czone 16 lat i by\u0107 katolikiem, kt\u00f3ry przyj\u0105\u0142 sakramenty bierzmowania i Eucharystii.<\/span><br \/>\n<span style=\"font-family: tahoma, arial, helvetica, sans-serif;\">c)\u00a0Nie mog\u0105 pe\u0142ni\u0107 roli chrzestnych ci, kt\u00f3rzy s\u0105 w karach ko\u015bcielnych, kt\u00f3rzy s\u0105 niepraktykuj\u0105cy, osoby pozostaj\u0105ce w cywilnych zwi\u0105zkach ma\u0142\u017ce\u0144skich bez \u015blubu ko\u015bcielnego.<\/span><br \/>\n<span style=\"font-family: tahoma, arial, helvetica, sans-serif;\">d)\u00a0Chrzestnymi nie mog\u0105 by\u0107 rodzice dziecka.<\/span><br \/>\n<span style=\"font-family: tahoma, arial, helvetica, sans-serif;\">e)\u00a0Chrzestni powinni okaza\u0107 przed chrztem za\u015bwiadczenie ze swojej parafii, \u017ce mog\u0105 pe\u0142ni\u0107 tak\u0105 funkcj\u0119.<\/span><\/p>\n","protected":false},"excerpt":{"rendered":"<div class=\"mh-excerpt\"><p>Chrzest jest sakramentem, w kt\u00f3rym cz\u0142owiek zostaje w\u0142\u0105czony w tajemnic\u0119 paschaln\u0105 Chrystusa, zanurzony w Jego \u015bmier\u0107 i zmartwychwstanie oraz we wsp\u00f3lnot\u0119 Ko\u015bcio\u0142a przez obmycie wod\u0105 <a class=\"mh-excerpt-more\" href=\"https:\/\/parafiabierzwnik.pl\/?page_id=2621\" title=\"Chrzest\">[&#8230;]<\/a><\/p>\n<\/div>","protected":false},"author":1,"featured_media":2636,"parent":0,"menu_order":0,"comment_status":"closed","ping_status":"closed","template":"","meta":{"_monsterinsights_skip_tracking":false,"_monsterinsights_sitenote_active":false,"_monsterinsights_sitenote_note":"","_monsterinsights_sitenote_category":0,"footnotes":""},"folder":[30],"class_list":["post-2621","page","type-page","status-publish","has-post-thumbnail","hentry"],"_links":{"self":[{"href":"https:\/\/parafiabierzwnik.pl\/index.php?rest_route=\/wp\/v2\/pages\/2621","targetHints":{"allow":["GET"]}}],"collection":[{"href":"https:\/\/parafiabierzwnik.pl\/index.php?rest_route=\/wp\/v2\/pages"}],"about":[{"href":"https:\/\/parafiabierzwnik.pl\/index.php?rest_route=\/wp\/v2\/types\/page"}],"author":[{"embeddable":true,"href":"https:\/\/parafiabierzwnik.pl\/index.php?rest_route=\/wp\/v2\/users\/1"}],"replies":[{"embeddable":true,"href":"https:\/\/parafiabierzwnik.pl\/index.php?rest_route=%2Fwp%2Fv2%2Fcomments&post=2621"}],"version-history":[{"count":4,"href":"https:\/\/parafiabierzwnik.pl\/index.php?rest_route=\/wp\/v2\/pages\/2621\/revisions"}],"predecessor-version":[{"id":4936,"href":"https:\/\/parafiabierzwnik.pl\/index.php?rest_route=\/wp\/v2\/pages\/2621\/revisions\/4936"}],"wp:featuredmedia":[{"embeddable":true,"href":"https:\/\/parafiabierzwnik.pl\/index.php?rest_route=\/wp\/v2\/media\/2636"}],"wp:attachment":[{"href":"https:\/\/parafiabierzwnik.pl\/index.php?rest_route=%2Fwp%2Fv2%2Fmedia&parent=2621"}],"wp:term":[{"taxonomy":"folder","embeddable":true,"href":"https:\/\/parafiabierzwnik.pl\/index.php?rest_route=%2Fwp%2Fv2%2Ffolder&post=2621"}],"curies":[{"name":"wp","href":"https:\/\/api.w.org\/{rel}","templated":true}]}}