{"id":2441,"date":"2023-05-21T16:57:55","date_gmt":"2023-05-21T14:57:55","guid":{"rendered":"https:\/\/parafiabierzwnik.pl\/?page_id=2441"},"modified":"2023-05-21T17:08:12","modified_gmt":"2023-05-21T15:08:12","slug":"galeriakosciol-w-kolsku","status":"publish","type":"page","link":"https:\/\/parafiabierzwnik.pl\/?page_id=2441","title":{"rendered":"Galeria: Ko\u015bci\u00f3\u0142 w Kolsku"},"content":{"rendered":"<style type=\"text\/css\">\n#foogallery-gallery-2440.fg-justified .fg-item { margin-right: 2px; margin-bottom: 2px; }\n#foogallery-gallery-2440.fg-justified .fg-image { height: 150px; }<\/style>\n\t\t\t<div class=\"foogallery foogallery-container foogallery-justified foogallery-lightbox-foobox fg-justified fg-ready fg-light fg-shadow-outline fg-loading-default fg-loaded-fade-in fg-caption-always fg-hover-fade fg-hover-zoom2\" id=\"foogallery-gallery-2440\" data-foogallery=\"{&quot;item&quot;:{&quot;showCaptionTitle&quot;:true,&quot;showCaptionDescription&quot;:false},&quot;lazy&quot;:true,&quot;template&quot;:{&quot;rowHeight&quot;:150,&quot;maxRowHeight&quot;:150,&quot;margins&quot;:2,&quot;align&quot;:&quot;center&quot;,&quot;lastRow&quot;:&quot;smart&quot;}}\" style=\"--fg-title-line-clamp: 0; --fg-description-line-clamp: 0;\" >\n\t<div class=\"fg-item fg-type-image fg-idle\"><figure class=\"fg-item-inner\"><a href=\"https:\/\/parafiabierzwnik.pl\/wp-content\/uploads\/2023\/05\/kosciol-kolsk-01.jpg\" data-attachment-id=\"2419\" data-type=\"image\" class=\"fg-thumb\"><span class=\"fg-image-wrap\"><img decoding=\"async\" height=\"150\" width=\"113\" class=\"skip-lazy fg-image\" data-src-fg=\"https:\/\/parafiabierzwnik.pl\/wp-content\/uploads\/2023\/05\/kosciol-kolsk-01.jpg\" src=\"data:image\/svg+xml,%3Csvg%20xmlns%3D%22http%3A%2F%2Fwww.w3.org%2F2000%2Fsvg%22%20width%3D%22113%22%20height%3D%22150%22%20viewBox%3D%220%200%20113%20150%22%3E%3C%2Fsvg%3E\" loading=\"eager\"><\/span><span class=\"fg-image-overlay\"><\/span><\/a><\/figure><div class=\"fg-loader\"><\/div><\/div><div class=\"fg-item fg-type-image fg-idle\"><figure class=\"fg-item-inner\"><a href=\"https:\/\/parafiabierzwnik.pl\/wp-content\/uploads\/2023\/05\/kosciol-kolsk-02.jpg\" data-attachment-id=\"2420\" data-type=\"image\" class=\"fg-thumb\"><span class=\"fg-image-wrap\"><img decoding=\"async\" height=\"150\" width=\"113\" class=\"skip-lazy fg-image\" data-src-fg=\"https:\/\/parafiabierzwnik.pl\/wp-content\/uploads\/2023\/05\/kosciol-kolsk-02.jpg\" src=\"data:image\/svg+xml,%3Csvg%20xmlns%3D%22http%3A%2F%2Fwww.w3.org%2F2000%2Fsvg%22%20width%3D%22113%22%20height%3D%22150%22%20viewBox%3D%220%200%20113%20150%22%3E%3C%2Fsvg%3E\" loading=\"eager\"><\/span><span class=\"fg-image-overlay\"><\/span><\/a><\/figure><div class=\"fg-loader\"><\/div><\/div><div class=\"fg-item fg-type-image fg-idle\"><figure class=\"fg-item-inner\"><a href=\"https:\/\/parafiabierzwnik.pl\/wp-content\/uploads\/2023\/05\/kosciol-kolsk-16.jpg\" data-attachment-id=\"2437\" data-type=\"image\" class=\"fg-thumb\"><span class=\"fg-image-wrap\"><img decoding=\"async\" height=\"150\" width=\"113\" class=\"skip-lazy fg-image\" data-src-fg=\"https:\/\/parafiabierzwnik.pl\/wp-content\/uploads\/2023\/05\/kosciol-kolsk-16.jpg\" src=\"data:image\/svg+xml,%3Csvg%20xmlns%3D%22http%3A%2F%2Fwww.w3.org%2F2000%2Fsvg%22%20width%3D%22113%22%20height%3D%22150%22%20viewBox%3D%220%200%20113%20150%22%3E%3C%2Fsvg%3E\" loading=\"eager\"><\/span><span class=\"fg-image-overlay\"><\/span><\/a><\/figure><div class=\"fg-loader\"><\/div><\/div><div class=\"fg-item fg-type-image fg-idle\"><figure class=\"fg-item-inner\"><a href=\"https:\/\/parafiabierzwnik.pl\/wp-content\/uploads\/2023\/05\/kosciol-kolsk-15.jpg\" data-attachment-id=\"2436\" data-type=\"image\" class=\"fg-thumb\"><span class=\"fg-image-wrap\"><img decoding=\"async\" height=\"150\" width=\"112\" class=\"skip-lazy fg-image\" data-src-fg=\"https:\/\/parafiabierzwnik.pl\/wp-content\/uploads\/2023\/05\/kosciol-kolsk-15.jpg\" src=\"data:image\/svg+xml,%3Csvg%20xmlns%3D%22http%3A%2F%2Fwww.w3.org%2F2000%2Fsvg%22%20width%3D%22112%22%20height%3D%22150%22%20viewBox%3D%220%200%20112%20150%22%3E%3C%2Fsvg%3E\" loading=\"eager\"><\/span><span class=\"fg-image-overlay\"><\/span><\/a><\/figure><div class=\"fg-loader\"><\/div><\/div><div class=\"fg-item fg-type-image fg-idle\"><figure class=\"fg-item-inner\"><a href=\"https:\/\/parafiabierzwnik.pl\/wp-content\/uploads\/2023\/05\/kosciol-kolsk-09.jpg\" data-attachment-id=\"2427\" data-type=\"image\" class=\"fg-thumb\"><span class=\"fg-image-wrap\"><img decoding=\"async\" height=\"150\" width=\"113\" class=\"skip-lazy fg-image\" data-src-fg=\"https:\/\/parafiabierzwnik.pl\/wp-content\/uploads\/2023\/05\/kosciol-kolsk-09.jpg\" src=\"data:image\/svg+xml,%3Csvg%20xmlns%3D%22http%3A%2F%2Fwww.w3.org%2F2000%2Fsvg%22%20width%3D%22113%22%20height%3D%22150%22%20viewBox%3D%220%200%20113%20150%22%3E%3C%2Fsvg%3E\" loading=\"eager\"><\/span><span class=\"fg-image-overlay\"><\/span><\/a><\/figure><div class=\"fg-loader\"><\/div><\/div><div class=\"fg-item fg-type-image fg-idle\"><figure class=\"fg-item-inner\"><a href=\"https:\/\/parafiabierzwnik.pl\/wp-content\/uploads\/2023\/05\/kosciol-kolsk-10.jpg\" data-attachment-id=\"2428\" data-type=\"image\" class=\"fg-thumb\"><span class=\"fg-image-wrap\"><img decoding=\"async\" height=\"150\" width=\"113\" class=\"skip-lazy fg-image\" data-src-fg=\"https:\/\/parafiabierzwnik.pl\/wp-content\/uploads\/2023\/05\/kosciol-kolsk-10.jpg\" src=\"data:image\/svg+xml,%3Csvg%20xmlns%3D%22http%3A%2F%2Fwww.w3.org%2F2000%2Fsvg%22%20width%3D%22113%22%20height%3D%22150%22%20viewBox%3D%220%200%20113%20150%22%3E%3C%2Fsvg%3E\" loading=\"eager\"><\/span><span class=\"fg-image-overlay\"><\/span><\/a><\/figure><div class=\"fg-loader\"><\/div><\/div><div class=\"fg-item fg-type-image fg-idle\"><figure class=\"fg-item-inner\"><a href=\"https:\/\/parafiabierzwnik.pl\/wp-content\/uploads\/2023\/05\/kosciol-kolsk-04.jpg\" data-attachment-id=\"2422\" data-type=\"image\" class=\"fg-thumb\"><span class=\"fg-image-wrap\"><img decoding=\"async\" height=\"150\" width=\"113\" class=\"skip-lazy fg-image\" data-src-fg=\"https:\/\/parafiabierzwnik.pl\/wp-content\/uploads\/2023\/05\/kosciol-kolsk-04.jpg\" src=\"data:image\/svg+xml,%3Csvg%20xmlns%3D%22http%3A%2F%2Fwww.w3.org%2F2000%2Fsvg%22%20width%3D%22113%22%20height%3D%22150%22%20viewBox%3D%220%200%20113%20150%22%3E%3C%2Fsvg%3E\" loading=\"eager\"><\/span><span class=\"fg-image-overlay\"><\/span><\/a><\/figure><div class=\"fg-loader\"><\/div><\/div><div class=\"fg-item fg-type-image fg-idle\"><figure class=\"fg-item-inner\"><a href=\"https:\/\/parafiabierzwnik.pl\/wp-content\/uploads\/2023\/05\/kosciol-kolsk-03.jpg\" data-attachment-id=\"2421\" data-type=\"image\" class=\"fg-thumb\"><span class=\"fg-image-wrap\"><img decoding=\"async\" height=\"150\" width=\"113\" class=\"skip-lazy fg-image\" data-src-fg=\"https:\/\/parafiabierzwnik.pl\/wp-content\/uploads\/2023\/05\/kosciol-kolsk-03.jpg\" src=\"data:image\/svg+xml,%3Csvg%20xmlns%3D%22http%3A%2F%2Fwww.w3.org%2F2000%2Fsvg%22%20width%3D%22113%22%20height%3D%22150%22%20viewBox%3D%220%200%20113%20150%22%3E%3C%2Fsvg%3E\" loading=\"eager\"><\/span><span class=\"fg-image-overlay\"><\/span><\/a><\/figure><div class=\"fg-loader\"><\/div><\/div><div class=\"fg-item fg-type-image fg-idle\"><figure class=\"fg-item-inner\"><a href=\"https:\/\/parafiabierzwnik.pl\/wp-content\/uploads\/2023\/05\/kosciol-kolsk-07.jpg\" data-attachment-id=\"2425\" data-type=\"image\" class=\"fg-thumb\"><span class=\"fg-image-wrap\"><img decoding=\"async\" height=\"150\" width=\"113\" class=\"skip-lazy fg-image\" data-src-fg=\"https:\/\/parafiabierzwnik.pl\/wp-content\/uploads\/2023\/05\/kosciol-kolsk-07.jpg\" src=\"data:image\/svg+xml,%3Csvg%20xmlns%3D%22http%3A%2F%2Fwww.w3.org%2F2000%2Fsvg%22%20width%3D%22113%22%20height%3D%22150%22%20viewBox%3D%220%200%20113%20150%22%3E%3C%2Fsvg%3E\" loading=\"eager\"><\/span><span class=\"fg-image-overlay\"><\/span><\/a><\/figure><div class=\"fg-loader\"><\/div><\/div><div class=\"fg-item fg-type-image fg-idle\"><figure class=\"fg-item-inner\"><a href=\"https:\/\/parafiabierzwnik.pl\/wp-content\/uploads\/2023\/05\/kosciol-kolsk-13.jpg\" data-attachment-id=\"2433\" data-type=\"image\" class=\"fg-thumb\"><span class=\"fg-image-wrap\"><img decoding=\"async\" height=\"150\" width=\"139\" class=\"skip-lazy fg-image\" data-src-fg=\"https:\/\/parafiabierzwnik.pl\/wp-content\/uploads\/2023\/05\/kosciol-kolsk-13.jpg\" src=\"data:image\/svg+xml,%3Csvg%20xmlns%3D%22http%3A%2F%2Fwww.w3.org%2F2000%2Fsvg%22%20width%3D%22139%22%20height%3D%22150%22%20viewBox%3D%220%200%20139%20150%22%3E%3C%2Fsvg%3E\" loading=\"eager\"><\/span><span class=\"fg-image-overlay\"><\/span><\/a><\/figure><div class=\"fg-loader\"><\/div><\/div><div class=\"fg-item fg-type-image fg-idle\"><figure class=\"fg-item-inner\"><a href=\"https:\/\/parafiabierzwnik.pl\/wp-content\/uploads\/2023\/05\/kosciol-kolsk-14.jpg\" data-attachment-id=\"2435\" data-type=\"image\" class=\"fg-thumb\"><span class=\"fg-image-wrap\"><img decoding=\"async\" height=\"150\" width=\"113\" class=\"skip-lazy fg-image\" data-src-fg=\"https:\/\/parafiabierzwnik.pl\/wp-content\/uploads\/2023\/05\/kosciol-kolsk-14.jpg\" src=\"data:image\/svg+xml,%3Csvg%20xmlns%3D%22http%3A%2F%2Fwww.w3.org%2F2000%2Fsvg%22%20width%3D%22113%22%20height%3D%22150%22%20viewBox%3D%220%200%20113%20150%22%3E%3C%2Fsvg%3E\" loading=\"eager\"><\/span><span class=\"fg-image-overlay\"><\/span><\/a><\/figure><div class=\"fg-loader\"><\/div><\/div><div class=\"fg-item fg-type-image fg-idle\"><figure class=\"fg-item-inner\"><a href=\"https:\/\/parafiabierzwnik.pl\/wp-content\/uploads\/2023\/05\/kosciol-kolsk-08.jpg\" data-attachment-id=\"2426\" data-type=\"image\" class=\"fg-thumb\"><span class=\"fg-image-wrap\"><img decoding=\"async\" height=\"150\" width=\"99\" class=\"skip-lazy fg-image\" data-src-fg=\"https:\/\/parafiabierzwnik.pl\/wp-content\/uploads\/2023\/05\/kosciol-kolsk-08.jpg\" src=\"data:image\/svg+xml,%3Csvg%20xmlns%3D%22http%3A%2F%2Fwww.w3.org%2F2000%2Fsvg%22%20width%3D%2299%22%20height%3D%22150%22%20viewBox%3D%220%200%2099%20150%22%3E%3C%2Fsvg%3E\" loading=\"eager\"><\/span><span class=\"fg-image-overlay\"><\/span><\/a><\/figure><div class=\"fg-loader\"><\/div><\/div><div class=\"fg-item fg-type-image fg-idle\"><figure class=\"fg-item-inner\"><a href=\"https:\/\/parafiabierzwnik.pl\/wp-content\/uploads\/2023\/05\/kosciol-kolsk-06.jpg\" data-attachment-id=\"2424\" data-type=\"image\" class=\"fg-thumb\"><span class=\"fg-image-wrap\"><img decoding=\"async\" height=\"150\" width=\"113\" class=\"skip-lazy fg-image\" data-src-fg=\"https:\/\/parafiabierzwnik.pl\/wp-content\/uploads\/2023\/05\/kosciol-kolsk-06.jpg\" src=\"data:image\/svg+xml,%3Csvg%20xmlns%3D%22http%3A%2F%2Fwww.w3.org%2F2000%2Fsvg%22%20width%3D%22113%22%20height%3D%22150%22%20viewBox%3D%220%200%20113%20150%22%3E%3C%2Fsvg%3E\" loading=\"eager\"><\/span><span class=\"fg-image-overlay\"><\/span><\/a><\/figure><div class=\"fg-loader\"><\/div><\/div><div class=\"fg-item fg-type-image fg-idle\"><figure class=\"fg-item-inner\"><a href=\"https:\/\/parafiabierzwnik.pl\/wp-content\/uploads\/2023\/05\/kosciol-kolsk-12.jpg\" data-attachment-id=\"2430\" data-type=\"image\" class=\"fg-thumb\"><span class=\"fg-image-wrap\"><img decoding=\"async\" height=\"150\" width=\"113\" class=\"skip-lazy fg-image\" data-src-fg=\"https:\/\/parafiabierzwnik.pl\/wp-content\/uploads\/2023\/05\/kosciol-kolsk-12.jpg\" src=\"data:image\/svg+xml,%3Csvg%20xmlns%3D%22http%3A%2F%2Fwww.w3.org%2F2000%2Fsvg%22%20width%3D%22113%22%20height%3D%22150%22%20viewBox%3D%220%200%20113%20150%22%3E%3C%2Fsvg%3E\" loading=\"eager\"><\/span><span class=\"fg-image-overlay\"><\/span><\/a><\/figure><div class=\"fg-loader\"><\/div><\/div><div class=\"fg-item fg-type-image fg-idle\"><figure class=\"fg-item-inner\"><a href=\"https:\/\/parafiabierzwnik.pl\/wp-content\/uploads\/2023\/05\/kosciol-kolsk-11.jpg\" data-attachment-id=\"2429\" data-type=\"image\" class=\"fg-thumb\"><span class=\"fg-image-wrap\"><img decoding=\"async\" height=\"150\" width=\"113\" class=\"skip-lazy fg-image\" data-src-fg=\"https:\/\/parafiabierzwnik.pl\/wp-content\/uploads\/2023\/05\/kosciol-kolsk-11.jpg\" src=\"data:image\/svg+xml,%3Csvg%20xmlns%3D%22http%3A%2F%2Fwww.w3.org%2F2000%2Fsvg%22%20width%3D%22113%22%20height%3D%22150%22%20viewBox%3D%220%200%20113%20150%22%3E%3C%2Fsvg%3E\" loading=\"eager\"><\/span><span class=\"fg-image-overlay\"><\/span><\/a><\/figure><div class=\"fg-loader\"><\/div><\/div><div class=\"fg-item fg-type-image fg-idle\"><figure class=\"fg-item-inner\"><a href=\"https:\/\/parafiabierzwnik.pl\/wp-content\/uploads\/2023\/05\/kosciol-kolsk-05.jpg\" data-attachment-id=\"2423\" data-type=\"image\" class=\"fg-thumb\"><span class=\"fg-image-wrap\"><img decoding=\"async\" height=\"150\" width=\"113\" class=\"skip-lazy fg-image\" data-src-fg=\"https:\/\/parafiabierzwnik.pl\/wp-content\/uploads\/2023\/05\/kosciol-kolsk-05.jpg\" src=\"data:image\/svg+xml,%3Csvg%20xmlns%3D%22http%3A%2F%2Fwww.w3.org%2F2000%2Fsvg%22%20width%3D%22113%22%20height%3D%22150%22%20viewBox%3D%220%200%20113%20150%22%3E%3C%2Fsvg%3E\" loading=\"eager\"><\/span><span class=\"fg-image-overlay\"><\/span><\/a><\/figure><div class=\"fg-loader\"><\/div><\/div><div class=\"fg-item fg-type-image fg-idle\"><figure class=\"fg-item-inner\"><a href=\"https:\/\/parafiabierzwnik.pl\/wp-content\/uploads\/2026\/04\/kosciol-kolsk.jpg\" data-attachment-id=\"9256\" data-type=\"image\" class=\"fg-thumb\"><span class=\"fg-image-wrap\"><img decoding=\"async\" height=\"150\" width=\"225\" class=\"skip-lazy fg-image\" data-src-fg=\"https:\/\/parafiabierzwnik.pl\/wp-content\/uploads\/2026\/04\/kosciol-kolsk.jpg\" src=\"data:image\/svg+xml,%3Csvg%20xmlns%3D%22http%3A%2F%2Fwww.w3.org%2F2000%2Fsvg%22%20width%3D%22225%22%20height%3D%22150%22%20viewBox%3D%220%200%20225%20150%22%3E%3C%2Fsvg%3E\" loading=\"eager\"><\/span><span class=\"fg-image-overlay\"><\/span><\/a><\/figure><div class=\"fg-loader\"><\/div><\/div><\/div>\n\n","protected":false},"excerpt":{"rendered":"<div class=\"mh-excerpt\"><\/div>","protected":false},"author":1,"featured_media":2158,"parent":0,"menu_order":0,"comment_status":"closed","ping_status":"closed","template":"","meta":{"_monsterinsights_skip_tracking":false,"_monsterinsights_sitenote_active":false,"_monsterinsights_sitenote_note":"","_monsterinsights_sitenote_category":0,"footnotes":""},"folder":[19],"class_list":["post-2441","page","type-page","status-publish","has-post-thumbnail","hentry"],"_links":{"self":[{"href":"https:\/\/parafiabierzwnik.pl\/index.php?rest_route=\/wp\/v2\/pages\/2441","targetHints":{"allow":["GET"]}}],"collection":[{"href":"https:\/\/parafiabierzwnik.pl\/index.php?rest_route=\/wp\/v2\/pages"}],"about":[{"href":"https:\/\/parafiabierzwnik.pl\/index.php?rest_route=\/wp\/v2\/types\/page"}],"author":[{"embeddable":true,"href":"https:\/\/parafiabierzwnik.pl\/index.php?rest_route=\/wp\/v2\/users\/1"}],"replies":[{"embeddable":true,"href":"https:\/\/parafiabierzwnik.pl\/index.php?rest_route=%2Fwp%2Fv2%2Fcomments&post=2441"}],"version-history":[{"count":2,"href":"https:\/\/parafiabierzwnik.pl\/index.php?rest_route=\/wp\/v2\/pages\/2441\/revisions"}],"predecessor-version":[{"id":2443,"href":"https:\/\/parafiabierzwnik.pl\/index.php?rest_route=\/wp\/v2\/pages\/2441\/revisions\/2443"}],"wp:featuredmedia":[{"embeddable":true,"href":"https:\/\/parafiabierzwnik.pl\/index.php?rest_route=\/wp\/v2\/media\/2158"}],"wp:attachment":[{"href":"https:\/\/parafiabierzwnik.pl\/index.php?rest_route=%2Fwp%2Fv2%2Fmedia&parent=2441"}],"wp:term":[{"taxonomy":"folder","embeddable":true,"href":"https:\/\/parafiabierzwnik.pl\/index.php?rest_route=%2Fwp%2Fv2%2Ffolder&post=2441"}],"curies":[{"name":"wp","href":"https:\/\/api.w.org\/{rel}","templated":true}]}}