{"id":1542,"date":"2023-04-01T13:06:09","date_gmt":"2023-04-01T11:06:09","guid":{"rendered":"https:\/\/parafiabierzwnik.pl\/?page_id=1542"},"modified":"2026-01-20T11:57:29","modified_gmt":"2026-01-20T10:57:29","slug":"parafia","status":"publish","type":"page","link":"https:\/\/parafiabierzwnik.pl\/?page_id=1542","title":{"rendered":"O Parafii"},"content":{"rendered":"<p><span style=\"color: #000000; font-size: 12pt; font-family: tahoma, arial, helvetica, sans-serif;\">Siedzib\u0105 naszej parafii jest dawny ko\u015bci\u00f3\u0142 i klasztor cysters\u00f3w, znajduj\u0105cy si\u0119 w miejscowo\u015bci Bierzwnik, w powiecie choszcze\u0144skim, wojew\u00f3dztwie zachodniopomorskim.<\/span><\/p>\n<p><span style=\"color: #000000; font-size: 12pt; font-family: tahoma, arial, helvetica, sans-serif;\">Parafia nale\u017cy do dekanatu Drawno, archidiecezji szczeci\u0144sko-kamie\u0144skiej, metropolii szczeci\u0144sko-kamie\u0144skiej.<sup id=\"cite_ref-:0_1-0\" class=\"reference\"><\/sup> Prowadz\u0105 j\u0105 ksi\u0119\u017ca archidiecezjalni.<\/span><\/p>\n<p><span style=\"font-size: 12pt; font-family: tahoma, arial, helvetica, sans-serif; color: #000000;\">Parafia w Bierzwniku powsta\u0142a 2 lipca 1957 r. Wcze\u015bniej tereny te nale\u017ca\u0142y do parafii Bre\u0144.<br \/>\nNa przestrzeni lat pracowali tu kap\u0142ani: J\u00f3zef Janicki (1957-1967), ks. Eugeniusz Mackiewicz (1967-1971), ks. Zbigniew Nijaki (1971-1986), ks. Eugeniusz Urba\u0144ski (1986-1988), Zygmunt Kraszewski (1988 &#8211; 2021).<br \/>\nOd 1.06.2021 roku proboszczem jest ks. kanonik S\u0142awomir Mazurkiewicz.<\/span><\/p>\n<p><span style=\"color: #000000; font-family: tahoma, arial, helvetica, sans-serif;\"><b>Ko\u015bcio\u0142y filialne:<\/b>\u00a0<\/span><\/p>\n<ul>\n<li><span style=\"color: #000000; font-family: tahoma, arial, helvetica, sans-serif;\">G\u00f3rzno &#8211; pw. \u015awi\u0119tych Aposto\u0142\u00f3w Piotra i Paw\u0142a<\/span><\/li>\n<li><span style=\"color: #000000; font-family: tahoma, arial, helvetica, sans-serif;\">Kolsk &#8211; pw. Matki Bo\u017cej Anielskiej<\/span><\/li>\n<\/ul>\n<p><span style=\"font-family: tahoma, arial, helvetica, sans-serif;\"><strong>Wsp\u00f3lnoty:<\/strong> <\/span><\/p>\n<ul>\n<li><span style=\"font-family: tahoma, arial, helvetica, sans-serif;\">Rada Parafialna<\/span><\/li>\n<li><span style=\"font-family: tahoma, arial, helvetica, sans-serif;\">\u017bywy R\u00f3\u017caniec (3 R\u00f3\u017ce): R\u00f3\u017ca \u015bw. Rity, R\u00f3\u017ca \u015bw. o. Pio, R\u00f3\u017ca \u015bw. s. Faustyny Kowalskiej<\/span><\/li>\n<\/ul>\n","protected":false},"excerpt":{"rendered":"<div class=\"mh-excerpt\"><p>Siedzib\u0105 naszej parafii jest dawny ko\u015bci\u00f3\u0142 i klasztor cysters\u00f3w, znajduj\u0105cy si\u0119 w miejscowo\u015bci Bierzwnik, w powiecie choszcze\u0144skim, wojew\u00f3dztwie zachodniopomorskim. Parafia nale\u017cy do dekanatu Drawno, archidiecezji <a class=\"mh-excerpt-more\" href=\"https:\/\/parafiabierzwnik.pl\/?page_id=1542\" title=\"O Parafii\">[&#8230;]<\/a><\/p>\n<\/div>","protected":false},"author":1,"featured_media":1611,"parent":0,"menu_order":0,"comment_status":"closed","ping_status":"closed","template":"","meta":{"_monsterinsights_skip_tracking":false,"_monsterinsights_sitenote_active":false,"_monsterinsights_sitenote_note":"","_monsterinsights_sitenote_category":0,"footnotes":""},"folder":[22],"class_list":["post-1542","page","type-page","status-publish","has-post-thumbnail","hentry"],"_links":{"self":[{"href":"https:\/\/parafiabierzwnik.pl\/index.php?rest_route=\/wp\/v2\/pages\/1542","targetHints":{"allow":["GET"]}}],"collection":[{"href":"https:\/\/parafiabierzwnik.pl\/index.php?rest_route=\/wp\/v2\/pages"}],"about":[{"href":"https:\/\/parafiabierzwnik.pl\/index.php?rest_route=\/wp\/v2\/types\/page"}],"author":[{"embeddable":true,"href":"https:\/\/parafiabierzwnik.pl\/index.php?rest_route=\/wp\/v2\/users\/1"}],"replies":[{"embeddable":true,"href":"https:\/\/parafiabierzwnik.pl\/index.php?rest_route=%2Fwp%2Fv2%2Fcomments&post=1542"}],"version-history":[{"count":19,"href":"https:\/\/parafiabierzwnik.pl\/index.php?rest_route=\/wp\/v2\/pages\/1542\/revisions"}],"predecessor-version":[{"id":9014,"href":"https:\/\/parafiabierzwnik.pl\/index.php?rest_route=\/wp\/v2\/pages\/1542\/revisions\/9014"}],"wp:featuredmedia":[{"embeddable":true,"href":"https:\/\/parafiabierzwnik.pl\/index.php?rest_route=\/wp\/v2\/media\/1611"}],"wp:attachment":[{"href":"https:\/\/parafiabierzwnik.pl\/index.php?rest_route=%2Fwp%2Fv2%2Fmedia&parent=1542"}],"wp:term":[{"taxonomy":"folder","embeddable":true,"href":"https:\/\/parafiabierzwnik.pl\/index.php?rest_route=%2Fwp%2Fv2%2Ffolder&post=1542"}],"curies":[{"name":"wp","href":"https:\/\/api.w.org\/{rel}","templated":true}]}}