{"id":1522,"date":"2023-04-01T11:28:04","date_gmt":"2023-04-01T09:28:04","guid":{"rendered":"https:\/\/parafiabierzwnik.pl\/?page_id=1522"},"modified":"2026-04-06T16:21:16","modified_gmt":"2026-04-06T14:21:16","slug":"kosciol-w-kolsku","status":"publish","type":"page","link":"https:\/\/parafiabierzwnik.pl\/?page_id=1522","title":{"rendered":"Ko\u015bci\u00f3\u0142 filialny w Kolsku"},"content":{"rendered":"<h2><span style=\"font-size: 14pt; font-family: tahoma, arial, helvetica, sans-serif;\"><strong>Ko\u015bci\u00f3\u0142 filialny pw. Matki Bo\u017cej Anielskiej w Kolsku<\/strong><\/span><\/h2>\n<p><span id=\"opis\" style=\"font-family: tahoma, arial, helvetica, sans-serif; font-size: 12pt;\">Wzniesiony w XIX w.z ceg\u0142y, neoroma\u0144ski. Po\u015bwi\u0119cony 13.X.1946 r. Odpust: 2. VIII<\/span><\/p>\n<p><span style=\"font-family: tahoma, arial, helvetica, sans-serif;\"><style type=\"text\/css\">\n#foogallery-gallery-2440.fg-justified .fg-item { margin-right: 2px; margin-bottom: 2px; }\n#foogallery-gallery-2440.fg-justified .fg-image { height: 150px; }<\/style>\n\t\t\t<div class=\"foogallery foogallery-container foogallery-justified foogallery-lightbox-foobox fg-justified fg-ready fg-light fg-shadow-outline fg-loading-default fg-loaded-fade-in fg-caption-always fg-hover-fade fg-hover-zoom2\" id=\"foogallery-gallery-2440\" data-foogallery=\"{&quot;item&quot;:{&quot;showCaptionTitle&quot;:true,&quot;showCaptionDescription&quot;:false},&quot;lazy&quot;:true,&quot;template&quot;:{&quot;rowHeight&quot;:150,&quot;maxRowHeight&quot;:150,&quot;margins&quot;:2,&quot;align&quot;:&quot;center&quot;,&quot;lastRow&quot;:&quot;smart&quot;}}\" style=\"--fg-title-line-clamp: 0; --fg-description-line-clamp: 0;\" >\n\t<div class=\"fg-item fg-type-image fg-idle\"><figure class=\"fg-item-inner\"><a href=\"https:\/\/parafiabierzwnik.pl\/wp-content\/uploads\/2023\/05\/kosciol-kolsk-01.jpg\" data-attachment-id=\"2419\" data-type=\"image\" class=\"fg-thumb\"><span class=\"fg-image-wrap\"><img decoding=\"async\" height=\"150\" width=\"113\" class=\"skip-lazy fg-image\" data-src-fg=\"https:\/\/parafiabierzwnik.pl\/wp-content\/uploads\/2023\/05\/kosciol-kolsk-01.jpg\" src=\"data:image\/svg+xml,%3Csvg%20xmlns%3D%22http%3A%2F%2Fwww.w3.org%2F2000%2Fsvg%22%20width%3D%22113%22%20height%3D%22150%22%20viewBox%3D%220%200%20113%20150%22%3E%3C%2Fsvg%3E\" loading=\"eager\"><\/span><span class=\"fg-image-overlay\"><\/span><\/a><\/figure><div class=\"fg-loader\"><\/div><\/div><div class=\"fg-item fg-type-image fg-idle\"><figure class=\"fg-item-inner\"><a href=\"https:\/\/parafiabierzwnik.pl\/wp-content\/uploads\/2023\/05\/kosciol-kolsk-02.jpg\" data-attachment-id=\"2420\" data-type=\"image\" class=\"fg-thumb\"><span class=\"fg-image-wrap\"><img decoding=\"async\" height=\"150\" width=\"113\" class=\"skip-lazy fg-image\" data-src-fg=\"https:\/\/parafiabierzwnik.pl\/wp-content\/uploads\/2023\/05\/kosciol-kolsk-02.jpg\" src=\"data:image\/svg+xml,%3Csvg%20xmlns%3D%22http%3A%2F%2Fwww.w3.org%2F2000%2Fsvg%22%20width%3D%22113%22%20height%3D%22150%22%20viewBox%3D%220%200%20113%20150%22%3E%3C%2Fsvg%3E\" loading=\"eager\"><\/span><span class=\"fg-image-overlay\"><\/span><\/a><\/figure><div class=\"fg-loader\"><\/div><\/div><div class=\"fg-item fg-type-image fg-idle\"><figure class=\"fg-item-inner\"><a href=\"https:\/\/parafiabierzwnik.pl\/wp-content\/uploads\/2023\/05\/kosciol-kolsk-16.jpg\" data-attachment-id=\"2437\" data-type=\"image\" class=\"fg-thumb\"><span class=\"fg-image-wrap\"><img decoding=\"async\" height=\"150\" width=\"113\" class=\"skip-lazy fg-image\" data-src-fg=\"https:\/\/parafiabierzwnik.pl\/wp-content\/uploads\/2023\/05\/kosciol-kolsk-16.jpg\" src=\"data:image\/svg+xml,%3Csvg%20xmlns%3D%22http%3A%2F%2Fwww.w3.org%2F2000%2Fsvg%22%20width%3D%22113%22%20height%3D%22150%22%20viewBox%3D%220%200%20113%20150%22%3E%3C%2Fsvg%3E\" loading=\"eager\"><\/span><span class=\"fg-image-overlay\"><\/span><\/a><\/figure><div class=\"fg-loader\"><\/div><\/div><div class=\"fg-item fg-type-image fg-idle\"><figure class=\"fg-item-inner\"><a href=\"https:\/\/parafiabierzwnik.pl\/wp-content\/uploads\/2023\/05\/kosciol-kolsk-15.jpg\" data-attachment-id=\"2436\" data-type=\"image\" class=\"fg-thumb\"><span class=\"fg-image-wrap\"><img decoding=\"async\" height=\"150\" width=\"112\" class=\"skip-lazy fg-image\" data-src-fg=\"https:\/\/parafiabierzwnik.pl\/wp-content\/uploads\/2023\/05\/kosciol-kolsk-15.jpg\" src=\"data:image\/svg+xml,%3Csvg%20xmlns%3D%22http%3A%2F%2Fwww.w3.org%2F2000%2Fsvg%22%20width%3D%22112%22%20height%3D%22150%22%20viewBox%3D%220%200%20112%20150%22%3E%3C%2Fsvg%3E\" loading=\"eager\"><\/span><span class=\"fg-image-overlay\"><\/span><\/a><\/figure><div class=\"fg-loader\"><\/div><\/div><div class=\"fg-item fg-type-image fg-idle\"><figure class=\"fg-item-inner\"><a href=\"https:\/\/parafiabierzwnik.pl\/wp-content\/uploads\/2023\/05\/kosciol-kolsk-09.jpg\" data-attachment-id=\"2427\" data-type=\"image\" class=\"fg-thumb\"><span class=\"fg-image-wrap\"><img decoding=\"async\" height=\"150\" width=\"113\" class=\"skip-lazy fg-image\" data-src-fg=\"https:\/\/parafiabierzwnik.pl\/wp-content\/uploads\/2023\/05\/kosciol-kolsk-09.jpg\" src=\"data:image\/svg+xml,%3Csvg%20xmlns%3D%22http%3A%2F%2Fwww.w3.org%2F2000%2Fsvg%22%20width%3D%22113%22%20height%3D%22150%22%20viewBox%3D%220%200%20113%20150%22%3E%3C%2Fsvg%3E\" loading=\"eager\"><\/span><span class=\"fg-image-overlay\"><\/span><\/a><\/figure><div class=\"fg-loader\"><\/div><\/div><div class=\"fg-item fg-type-image fg-idle\"><figure class=\"fg-item-inner\"><a href=\"https:\/\/parafiabierzwnik.pl\/wp-content\/uploads\/2023\/05\/kosciol-kolsk-10.jpg\" data-attachment-id=\"2428\" data-type=\"image\" class=\"fg-thumb\"><span class=\"fg-image-wrap\"><img decoding=\"async\" height=\"150\" width=\"113\" class=\"skip-lazy fg-image\" data-src-fg=\"https:\/\/parafiabierzwnik.pl\/wp-content\/uploads\/2023\/05\/kosciol-kolsk-10.jpg\" src=\"data:image\/svg+xml,%3Csvg%20xmlns%3D%22http%3A%2F%2Fwww.w3.org%2F2000%2Fsvg%22%20width%3D%22113%22%20height%3D%22150%22%20viewBox%3D%220%200%20113%20150%22%3E%3C%2Fsvg%3E\" loading=\"eager\"><\/span><span class=\"fg-image-overlay\"><\/span><\/a><\/figure><div class=\"fg-loader\"><\/div><\/div><div class=\"fg-item fg-type-image fg-idle\"><figure class=\"fg-item-inner\"><a href=\"https:\/\/parafiabierzwnik.pl\/wp-content\/uploads\/2023\/05\/kosciol-kolsk-04.jpg\" data-attachment-id=\"2422\" data-type=\"image\" class=\"fg-thumb\"><span class=\"fg-image-wrap\"><img decoding=\"async\" height=\"150\" width=\"113\" class=\"skip-lazy fg-image\" data-src-fg=\"https:\/\/parafiabierzwnik.pl\/wp-content\/uploads\/2023\/05\/kosciol-kolsk-04.jpg\" src=\"data:image\/svg+xml,%3Csvg%20xmlns%3D%22http%3A%2F%2Fwww.w3.org%2F2000%2Fsvg%22%20width%3D%22113%22%20height%3D%22150%22%20viewBox%3D%220%200%20113%20150%22%3E%3C%2Fsvg%3E\" loading=\"eager\"><\/span><span class=\"fg-image-overlay\"><\/span><\/a><\/figure><div class=\"fg-loader\"><\/div><\/div><div class=\"fg-item fg-type-image fg-idle\"><figure class=\"fg-item-inner\"><a href=\"https:\/\/parafiabierzwnik.pl\/wp-content\/uploads\/2023\/05\/kosciol-kolsk-03.jpg\" data-attachment-id=\"2421\" data-type=\"image\" class=\"fg-thumb\"><span class=\"fg-image-wrap\"><img decoding=\"async\" height=\"150\" width=\"113\" class=\"skip-lazy fg-image\" data-src-fg=\"https:\/\/parafiabierzwnik.pl\/wp-content\/uploads\/2023\/05\/kosciol-kolsk-03.jpg\" src=\"data:image\/svg+xml,%3Csvg%20xmlns%3D%22http%3A%2F%2Fwww.w3.org%2F2000%2Fsvg%22%20width%3D%22113%22%20height%3D%22150%22%20viewBox%3D%220%200%20113%20150%22%3E%3C%2Fsvg%3E\" loading=\"eager\"><\/span><span class=\"fg-image-overlay\"><\/span><\/a><\/figure><div class=\"fg-loader\"><\/div><\/div><div class=\"fg-item fg-type-image fg-idle\"><figure class=\"fg-item-inner\"><a href=\"https:\/\/parafiabierzwnik.pl\/wp-content\/uploads\/2023\/05\/kosciol-kolsk-07.jpg\" data-attachment-id=\"2425\" data-type=\"image\" class=\"fg-thumb\"><span class=\"fg-image-wrap\"><img decoding=\"async\" height=\"150\" width=\"113\" class=\"skip-lazy fg-image\" data-src-fg=\"https:\/\/parafiabierzwnik.pl\/wp-content\/uploads\/2023\/05\/kosciol-kolsk-07.jpg\" src=\"data:image\/svg+xml,%3Csvg%20xmlns%3D%22http%3A%2F%2Fwww.w3.org%2F2000%2Fsvg%22%20width%3D%22113%22%20height%3D%22150%22%20viewBox%3D%220%200%20113%20150%22%3E%3C%2Fsvg%3E\" loading=\"eager\"><\/span><span class=\"fg-image-overlay\"><\/span><\/a><\/figure><div class=\"fg-loader\"><\/div><\/div><div class=\"fg-item fg-type-image fg-idle\"><figure class=\"fg-item-inner\"><a href=\"https:\/\/parafiabierzwnik.pl\/wp-content\/uploads\/2023\/05\/kosciol-kolsk-13.jpg\" data-attachment-id=\"2433\" data-type=\"image\" class=\"fg-thumb\"><span class=\"fg-image-wrap\"><img decoding=\"async\" height=\"150\" width=\"139\" class=\"skip-lazy fg-image\" data-src-fg=\"https:\/\/parafiabierzwnik.pl\/wp-content\/uploads\/2023\/05\/kosciol-kolsk-13.jpg\" src=\"data:image\/svg+xml,%3Csvg%20xmlns%3D%22http%3A%2F%2Fwww.w3.org%2F2000%2Fsvg%22%20width%3D%22139%22%20height%3D%22150%22%20viewBox%3D%220%200%20139%20150%22%3E%3C%2Fsvg%3E\" loading=\"eager\"><\/span><span class=\"fg-image-overlay\"><\/span><\/a><\/figure><div class=\"fg-loader\"><\/div><\/div><div class=\"fg-item fg-type-image fg-idle\"><figure class=\"fg-item-inner\"><a href=\"https:\/\/parafiabierzwnik.pl\/wp-content\/uploads\/2023\/05\/kosciol-kolsk-14.jpg\" data-attachment-id=\"2435\" data-type=\"image\" class=\"fg-thumb\"><span class=\"fg-image-wrap\"><img decoding=\"async\" height=\"150\" width=\"113\" class=\"skip-lazy fg-image\" data-src-fg=\"https:\/\/parafiabierzwnik.pl\/wp-content\/uploads\/2023\/05\/kosciol-kolsk-14.jpg\" src=\"data:image\/svg+xml,%3Csvg%20xmlns%3D%22http%3A%2F%2Fwww.w3.org%2F2000%2Fsvg%22%20width%3D%22113%22%20height%3D%22150%22%20viewBox%3D%220%200%20113%20150%22%3E%3C%2Fsvg%3E\" loading=\"eager\"><\/span><span class=\"fg-image-overlay\"><\/span><\/a><\/figure><div class=\"fg-loader\"><\/div><\/div><div class=\"fg-item fg-type-image fg-idle\"><figure class=\"fg-item-inner\"><a href=\"https:\/\/parafiabierzwnik.pl\/wp-content\/uploads\/2023\/05\/kosciol-kolsk-08.jpg\" data-attachment-id=\"2426\" data-type=\"image\" class=\"fg-thumb\"><span class=\"fg-image-wrap\"><img decoding=\"async\" height=\"150\" width=\"99\" class=\"skip-lazy fg-image\" data-src-fg=\"https:\/\/parafiabierzwnik.pl\/wp-content\/uploads\/2023\/05\/kosciol-kolsk-08.jpg\" src=\"data:image\/svg+xml,%3Csvg%20xmlns%3D%22http%3A%2F%2Fwww.w3.org%2F2000%2Fsvg%22%20width%3D%2299%22%20height%3D%22150%22%20viewBox%3D%220%200%2099%20150%22%3E%3C%2Fsvg%3E\" loading=\"eager\"><\/span><span class=\"fg-image-overlay\"><\/span><\/a><\/figure><div class=\"fg-loader\"><\/div><\/div><div class=\"fg-item fg-type-image fg-idle\"><figure class=\"fg-item-inner\"><a href=\"https:\/\/parafiabierzwnik.pl\/wp-content\/uploads\/2023\/05\/kosciol-kolsk-06.jpg\" data-attachment-id=\"2424\" data-type=\"image\" class=\"fg-thumb\"><span class=\"fg-image-wrap\"><img decoding=\"async\" height=\"150\" width=\"113\" class=\"skip-lazy fg-image\" data-src-fg=\"https:\/\/parafiabierzwnik.pl\/wp-content\/uploads\/2023\/05\/kosciol-kolsk-06.jpg\" src=\"data:image\/svg+xml,%3Csvg%20xmlns%3D%22http%3A%2F%2Fwww.w3.org%2F2000%2Fsvg%22%20width%3D%22113%22%20height%3D%22150%22%20viewBox%3D%220%200%20113%20150%22%3E%3C%2Fsvg%3E\" loading=\"eager\"><\/span><span class=\"fg-image-overlay\"><\/span><\/a><\/figure><div class=\"fg-loader\"><\/div><\/div><div class=\"fg-item fg-type-image fg-idle\"><figure class=\"fg-item-inner\"><a href=\"https:\/\/parafiabierzwnik.pl\/wp-content\/uploads\/2023\/05\/kosciol-kolsk-12.jpg\" data-attachment-id=\"2430\" data-type=\"image\" class=\"fg-thumb\"><span class=\"fg-image-wrap\"><img decoding=\"async\" height=\"150\" width=\"113\" class=\"skip-lazy fg-image\" data-src-fg=\"https:\/\/parafiabierzwnik.pl\/wp-content\/uploads\/2023\/05\/kosciol-kolsk-12.jpg\" src=\"data:image\/svg+xml,%3Csvg%20xmlns%3D%22http%3A%2F%2Fwww.w3.org%2F2000%2Fsvg%22%20width%3D%22113%22%20height%3D%22150%22%20viewBox%3D%220%200%20113%20150%22%3E%3C%2Fsvg%3E\" loading=\"eager\"><\/span><span class=\"fg-image-overlay\"><\/span><\/a><\/figure><div class=\"fg-loader\"><\/div><\/div><div class=\"fg-item fg-type-image fg-idle\"><figure class=\"fg-item-inner\"><a href=\"https:\/\/parafiabierzwnik.pl\/wp-content\/uploads\/2023\/05\/kosciol-kolsk-11.jpg\" data-attachment-id=\"2429\" data-type=\"image\" class=\"fg-thumb\"><span class=\"fg-image-wrap\"><img decoding=\"async\" height=\"150\" width=\"113\" class=\"skip-lazy fg-image\" data-src-fg=\"https:\/\/parafiabierzwnik.pl\/wp-content\/uploads\/2023\/05\/kosciol-kolsk-11.jpg\" src=\"data:image\/svg+xml,%3Csvg%20xmlns%3D%22http%3A%2F%2Fwww.w3.org%2F2000%2Fsvg%22%20width%3D%22113%22%20height%3D%22150%22%20viewBox%3D%220%200%20113%20150%22%3E%3C%2Fsvg%3E\" loading=\"eager\"><\/span><span class=\"fg-image-overlay\"><\/span><\/a><\/figure><div class=\"fg-loader\"><\/div><\/div><div class=\"fg-item fg-type-image fg-idle\"><figure class=\"fg-item-inner\"><a href=\"https:\/\/parafiabierzwnik.pl\/wp-content\/uploads\/2023\/05\/kosciol-kolsk-05.jpg\" data-attachment-id=\"2423\" data-type=\"image\" class=\"fg-thumb\"><span class=\"fg-image-wrap\"><img decoding=\"async\" height=\"150\" width=\"113\" class=\"skip-lazy fg-image\" data-src-fg=\"https:\/\/parafiabierzwnik.pl\/wp-content\/uploads\/2023\/05\/kosciol-kolsk-05.jpg\" src=\"data:image\/svg+xml,%3Csvg%20xmlns%3D%22http%3A%2F%2Fwww.w3.org%2F2000%2Fsvg%22%20width%3D%22113%22%20height%3D%22150%22%20viewBox%3D%220%200%20113%20150%22%3E%3C%2Fsvg%3E\" loading=\"eager\"><\/span><span class=\"fg-image-overlay\"><\/span><\/a><\/figure><div class=\"fg-loader\"><\/div><\/div><div class=\"fg-item fg-type-image fg-idle\"><figure class=\"fg-item-inner\"><a href=\"https:\/\/parafiabierzwnik.pl\/wp-content\/uploads\/2026\/04\/kosciol-kolsk.jpg\" data-attachment-id=\"9256\" data-type=\"image\" class=\"fg-thumb\"><span class=\"fg-image-wrap\"><img decoding=\"async\" height=\"150\" width=\"225\" class=\"skip-lazy fg-image\" data-src-fg=\"https:\/\/parafiabierzwnik.pl\/wp-content\/uploads\/2026\/04\/kosciol-kolsk.jpg\" src=\"data:image\/svg+xml,%3Csvg%20xmlns%3D%22http%3A%2F%2Fwww.w3.org%2F2000%2Fsvg%22%20width%3D%22225%22%20height%3D%22150%22%20viewBox%3D%220%200%20225%20150%22%3E%3C%2Fsvg%3E\" loading=\"eager\"><\/span><span class=\"fg-image-overlay\"><\/span><\/a><\/figure><div class=\"fg-loader\"><\/div><\/div><\/div>\n<\/span><\/p>\n","protected":false},"excerpt":{"rendered":"<div class=\"mh-excerpt\"><p>Ko\u015bci\u00f3\u0142 filialny pw. Matki Bo\u017cej Anielskiej w Kolsku Wzniesiony w XIX w.z ceg\u0142y, neoroma\u0144ski. Po\u015bwi\u0119cony 13.X.1946 r. Odpust: 2. VIII<\/p>\n<\/div>","protected":false},"author":1,"featured_media":1619,"parent":0,"menu_order":0,"comment_status":"closed","ping_status":"closed","template":"","meta":{"_monsterinsights_skip_tracking":false,"_monsterinsights_sitenote_active":false,"_monsterinsights_sitenote_note":"","_monsterinsights_sitenote_category":0,"footnotes":""},"folder":[22],"class_list":["post-1522","page","type-page","status-publish","has-post-thumbnail","hentry"],"_links":{"self":[{"href":"https:\/\/parafiabierzwnik.pl\/index.php?rest_route=\/wp\/v2\/pages\/1522","targetHints":{"allow":["GET"]}}],"collection":[{"href":"https:\/\/parafiabierzwnik.pl\/index.php?rest_route=\/wp\/v2\/pages"}],"about":[{"href":"https:\/\/parafiabierzwnik.pl\/index.php?rest_route=\/wp\/v2\/types\/page"}],"author":[{"embeddable":true,"href":"https:\/\/parafiabierzwnik.pl\/index.php?rest_route=\/wp\/v2\/users\/1"}],"replies":[{"embeddable":true,"href":"https:\/\/parafiabierzwnik.pl\/index.php?rest_route=%2Fwp%2Fv2%2Fcomments&post=1522"}],"version-history":[{"count":5,"href":"https:\/\/parafiabierzwnik.pl\/index.php?rest_route=\/wp\/v2\/pages\/1522\/revisions"}],"predecessor-version":[{"id":9252,"href":"https:\/\/parafiabierzwnik.pl\/index.php?rest_route=\/wp\/v2\/pages\/1522\/revisions\/9252"}],"wp:featuredmedia":[{"embeddable":true,"href":"https:\/\/parafiabierzwnik.pl\/index.php?rest_route=\/wp\/v2\/media\/1619"}],"wp:attachment":[{"href":"https:\/\/parafiabierzwnik.pl\/index.php?rest_route=%2Fwp%2Fv2%2Fmedia&parent=1522"}],"wp:term":[{"taxonomy":"folder","embeddable":true,"href":"https:\/\/parafiabierzwnik.pl\/index.php?rest_route=%2Fwp%2Fv2%2Ffolder&post=1522"}],"curies":[{"name":"wp","href":"https:\/\/api.w.org\/{rel}","templated":true}]}}