{"id":1517,"date":"2023-04-01T11:21:20","date_gmt":"2023-04-01T09:21:20","guid":{"rendered":"https:\/\/parafiabierzwnik.pl\/?page_id=1517"},"modified":"2024-12-27T15:09:04","modified_gmt":"2024-12-27T14:09:04","slug":"kosciol-w-bierzwniku","status":"publish","type":"page","link":"https:\/\/parafiabierzwnik.pl\/?page_id=1517","title":{"rendered":"Ko\u015bci\u00f3\u0142 parafialny i klasztor pocysterski w Bierzwniku"},"content":{"rendered":"<h3><span style=\"font-family: tahoma, arial, helvetica, sans-serif;\">Ko\u015bci\u00f3\u0142 parafialny pw. Matki Bo\u017cej Szkaplerznej i klasztor pocysterski w Bierzwniku<\/span><\/h3>\n<p><span style=\"font-family: tahoma, arial, helvetica, sans-serif;\">Historia Bierzwnika jest \u015bci\u015ble zwi\u0105zana z Zakonem Cysters\u00f3w, kt\u00f3rzy na Pomorzu Zachodnim pojawili si\u0119 w Ko\u0142baczu w drugiej po\u0142. XII w.\u00a0<\/span><br \/>\n<span style=\"font-family: tahoma, arial, helvetica, sans-serif;\">Zakon cysters\u00f3w odegra\u0142 na tym obszarze niezwykle istotn\u0105 rol\u0119 kulturotw\u00f3rcz\u0105. Gotycki klasztor cysterski w Bierzwniku, wkomponowany w malowniczy krajobraz jezior, las\u00f3w i p\u00f3l, le\u017c\u0105cy na Szlaku cysterskim &#8211; P\u0119tla Zachodniopomorska sta\u0142 si\u0119 ch\u0119tnie i cz\u0119sto odwiedzan\u0105 atrakcj\u0105 turystyczn\u0105 Gminy i regionu.\u00a0<\/span><br \/>\n<span style=\"font-family: tahoma, arial, helvetica, sans-serif;\">Wzniesiony na prze\u0142omie XIII i XIV w. jest przyk\u0142adem oryginalnej ceglanej architektury gotyckiej, kryj\u0105cy w swym wn\u0119trzu unikalny wystr\u00f3j rze\u017abiarski.\u00a0<\/span><br \/>\n<span style=\"font-family: tahoma, arial, helvetica, sans-serif;\">Zabytek stanowi wyj\u0105tkowo cenne \u015bredniowieczne dziedzictwo gotyku ceglanego, jest miejscem o\u017cywionej dzia\u0142alno\u015bci kulturalnej i inspiruje do tw\u00f3rczej aktywno\u015bci.\u00a0<\/span><\/p>\n<h3><span style=\"font-family: tahoma, arial, helvetica, sans-serif;\">Historia klasztoru w latach 1294 &#8211; 1539 r\u00a0<\/span><\/h3>\n<p><span style=\"font-family: tahoma, arial, helvetica, sans-serif;\">Opactwo cysterskie \u0142ac. Silva Sancte Mariae, (Las Naj\u015bwi\u0119tszej Maryi Panny) w Bierzwniku, zlokalizowane jest na dawnym pograniczu Nowej Marchii, a zosta\u0142o ufundowane nad J. Starzyckim przez margrabi\u00f3w brandenburskich w 1286 r. Ottona IV, Konrada i Jana VI <\/span><\/p>\n<ul>\n<li><span style=\"font-family: tahoma, arial, helvetica, sans-serif;\">17 IX 1286 r. &#8211; wystawienie aktu fundacyjnego w Strzelcach <\/span><\/li>\n<li><span style=\"font-family: tahoma, arial, helvetica, sans-serif;\">1294 r. &#8211; przybycie pierwszego konwentu z Ko\u0142bacza <\/span><\/li>\n<li><span style=\"font-family: tahoma, arial, helvetica, sans-serif;\">W latach 1294 &#8211; 1539 r. &#8211; funkcjonowanie klasztoru <\/span><\/li>\n<li><span style=\"font-family: tahoma, arial, helvetica, sans-serif;\">1294 &#8211; 1326- kolejne etapy budowy ko\u015bcio\u0142a i zabudowa\u0144 klasztornych; rozw\u00f3j gospodarczy\u00a0.<\/span><br \/>\n<span style=\"font-family: tahoma, arial, helvetica, sans-serif;\">W tych latach zbudowano na wzg\u00f3rzu nad jeziorem Starzyckim zwarty kompleks w stylu gotyckim <\/span><\/li>\n<li><span style=\"font-family: tahoma, arial, helvetica, sans-serif;\">1326 &#8211; 1536 r. &#8211; funkcjonowanie opactwa jako centrum kultury materialnej na obszarze obecnej gm. Bierzwnik i cz\u0119\u015bci ziem obecnej gminy Krz\u0119cin <\/span><\/li>\n<li><span style=\"font-family: tahoma, arial, helvetica, sans-serif;\">1536 r. &#8211; sekularyzacja opactwa cysters\u00f3w aktem margrabiego Jana z Kostrzyna <\/span><\/li>\n<li><span style=\"font-family: tahoma, arial, helvetica, sans-serif;\">1546 r. utworzenie z dawnego zespo\u0142u klasztornego i ziem opactwa domeny pa\u0144stwowej <\/span><\/li>\n<li><span style=\"font-family: tahoma, arial, helvetica, sans-serif;\">1546 r. powolna dewastacja ko\u015bcio\u0142a, adaptacja klasztoru na potrzeby gospodarcze 1607 r. -lokalizowanie huty szk\u0142a w pobli\u017cu klasztoru <\/span><\/li>\n<li><span style=\"font-family: tahoma, arial, helvetica, sans-serif;\">W po\u0142. XIX w. adaptacja ocala\u0142ej cz\u0119\u015bci wschodniej ko\u015bcio\u0142a na kaplic\u0119 protestanck\u0105 1945 r. po\u017car zachowanych relikt\u00f3w zespo\u0142u klasztornego <\/span><\/li>\n<li><span style=\"font-family: tahoma, arial, helvetica, sans-serif;\">2 VI 1957 &#8211; odbudowa z ruin i erygowanie parafii rzymskokatolickiej pw. Matki Bo\u017cej Szkaplerznej z G\u00f3ry Karmel<\/span><\/li>\n<li><span style=\"font-family: tahoma, arial, helvetica, sans-serif;\">1957 &#8211; 1988 &#8211; odbudowa ko\u015bcio\u0142a, zadaszenie prezbiterium i zachowanych relikt\u00f3w klasztornych, odbudowa sklepie\u0144 i zadaszenie skrzyde\u0142 wschodniego i po\u0142udniowego klasztoru<\/span><\/li>\n<li><span style=\"font-family: tahoma, arial, helvetica, sans-serif;\">1998 &#8211; dalsza odbudowa: rekonstrukcja kapitularza, krypty w prezbiterium, sklepie\u0144 rozmownicy i sali braci &#8211; rekonstrukcja studni w wirydarzu <\/span><\/li>\n<li><span style=\"font-family: tahoma, arial, helvetica, sans-serif;\">Od 2001 trwa rewitalizacja ko\u015bcio\u0142a i zespo\u0142u klasztornego\u00a0<\/span><\/li>\n<\/ul>\n<figure id=\"attachment_4157\" aria-describedby=\"caption-attachment-4157\" style=\"width: 564px\" class=\"wp-caption aligncenter\"><a href=\"https:\/\/parafiabierzwnik.pl\/wp-content\/uploads\/2023\/08\/klasztor-rzut.jpg\"><img loading=\"lazy\" decoding=\"async\" class=\"wp-image-4157\" src=\"https:\/\/parafiabierzwnik.pl\/wp-content\/uploads\/2023\/08\/klasztor-rzut.jpg\" alt=\"\" width=\"564\" height=\"603\" \/><\/a><figcaption id=\"caption-attachment-4157\" class=\"wp-caption-text\">Rzut kompleksu pocysterskiego w Bierzwniku<\/figcaption><\/figure>\n<p><span style=\"font-family: tahoma, arial, helvetica, sans-serif;\">Do czas\u00f3w wsp\u00f3\u0142czesnych zachowa\u0142a si\u0119 wschodnia cze\u015b\u0107 ko\u015bcio\u0142a z pi\u0119knym gotyckim prezbiterium, dwa prz\u0119s\u0142a ko\u015bcio\u0142a oraz dwa skrzyd\u0142a klasztoru na poziomie pierwszej kondygnacji. W dawnym klasztorze cysters\u00f3w mo\u017cna obejrze\u0107 cenne relikty architektury i wystroju architektonicznego: cz\u0119\u015b\u0107 wschodni\u0105 ko\u015bcio\u0142a, skrzyd\u0142o wschodnie i po\u0142udniowe z zachowanym pierwotnym uk\u0142adem pomieszcze\u0144, a w kru\u017cgankach sklepienia krzy\u017cowo-\u017cebrowe i unikaln\u0105 dekoracj\u0119 architektoniczn\u0105, zesp\u00f3l zdobionych wspornik\u00f3w ceramicznych. W kapitularzu mie\u015bci si\u0119 obecnie ekspozycja detali architektonicznych\u00a0i eksponat\u00f3w z wykopalisk archeologicznych.\u00a0<\/span><br \/>\n<span style=\"font-family: tahoma, arial, helvetica, sans-serif;\">Dawny klasztor mo\u017cna zwiedza\u0107 w ci\u0105gu ca\u0142ego roku, poza godzinami nabo\u017ce\u0144stw.<\/span><\/p>\n<p><span style=\"font-family: tahoma, arial, helvetica, sans-serif;\"><a href=\"https:\/\/parafiabierzwnik.pl\/wp-content\/uploads\/2023\/07\/opactwo-cysterskie-bierzwnik-przewodnik-min.pdf\" target=\"_blank\" rel=\"noreferrer noopener\"><img loading=\"lazy\" decoding=\"async\" class=\"alignnone size-full wp-image-7773\" src=\"https:\/\/parafiabierzwnik.pl\/wp-content\/uploads\/2024\/12\/dokument-pdf.png\" alt=\"\" width=\"20\" height=\"26\" \/> Przewodnik po dawnym opactwie cysterskim<\/a><\/span><\/p>\n<hr \/>\n<p><span style=\"font-family: tahoma, arial, helvetica, sans-serif;\"><a href=\"https:\/\/sketchfab.com\/3d-models\/bierzwnik-klasztor-cystersow-f22c565b13af416085cf42eacc213896\" target=\"_blank\" rel=\"noopener\">Tr\u00f3jwymiarowy model naszego kompleksu<\/a><\/span><\/p>\n","protected":false},"excerpt":{"rendered":"<div class=\"mh-excerpt\"><p>Ko\u015bci\u00f3\u0142 parafialny pw. Matki Bo\u017cej Szkaplerznej i klasztor pocysterski w Bierzwniku Historia Bierzwnika jest \u015bci\u015ble zwi\u0105zana z Zakonem Cysters\u00f3w, kt\u00f3rzy na Pomorzu Zachodnim pojawili si\u0119 <a class=\"mh-excerpt-more\" href=\"https:\/\/parafiabierzwnik.pl\/?page_id=1517\" title=\"Ko\u015bci\u00f3\u0142 parafialny i klasztor pocysterski w Bierzwniku\">[&#8230;]<\/a><\/p>\n<\/div>","protected":false},"author":1,"featured_media":5073,"parent":0,"menu_order":0,"comment_status":"closed","ping_status":"closed","template":"","meta":{"_monsterinsights_skip_tracking":false,"_monsterinsights_sitenote_active":false,"_monsterinsights_sitenote_note":"","_monsterinsights_sitenote_category":0,"footnotes":""},"folder":[22],"class_list":["post-1517","page","type-page","status-publish","has-post-thumbnail","hentry"],"_links":{"self":[{"href":"https:\/\/parafiabierzwnik.pl\/index.php?rest_route=\/wp\/v2\/pages\/1517","targetHints":{"allow":["GET"]}}],"collection":[{"href":"https:\/\/parafiabierzwnik.pl\/index.php?rest_route=\/wp\/v2\/pages"}],"about":[{"href":"https:\/\/parafiabierzwnik.pl\/index.php?rest_route=\/wp\/v2\/types\/page"}],"author":[{"embeddable":true,"href":"https:\/\/parafiabierzwnik.pl\/index.php?rest_route=\/wp\/v2\/users\/1"}],"replies":[{"embeddable":true,"href":"https:\/\/parafiabierzwnik.pl\/index.php?rest_route=%2Fwp%2Fv2%2Fcomments&post=1517"}],"version-history":[{"count":32,"href":"https:\/\/parafiabierzwnik.pl\/index.php?rest_route=\/wp\/v2\/pages\/1517\/revisions"}],"predecessor-version":[{"id":7777,"href":"https:\/\/parafiabierzwnik.pl\/index.php?rest_route=\/wp\/v2\/pages\/1517\/revisions\/7777"}],"wp:featuredmedia":[{"embeddable":true,"href":"https:\/\/parafiabierzwnik.pl\/index.php?rest_route=\/wp\/v2\/media\/5073"}],"wp:attachment":[{"href":"https:\/\/parafiabierzwnik.pl\/index.php?rest_route=%2Fwp%2Fv2%2Fmedia&parent=1517"}],"wp:term":[{"taxonomy":"folder","embeddable":true,"href":"https:\/\/parafiabierzwnik.pl\/index.php?rest_route=%2Fwp%2Fv2%2Ffolder&post=1517"}],"curies":[{"name":"wp","href":"https:\/\/api.w.org\/{rel}","templated":true}]}}