{"id":1341,"date":"2023-03-21T11:47:55","date_gmt":"2023-03-21T10:47:55","guid":{"rendered":"https:\/\/parafiabierzwnik.pl\/?page_id=1341"},"modified":"2025-04-29T13:32:28","modified_gmt":"2025-04-29T11:32:28","slug":"galeria","status":"publish","type":"page","link":"https:\/\/parafiabierzwnik.pl\/?page_id=1341","title":{"rendered":"Galeria"},"content":{"rendered":"<h3 style=\"text-align: center;\"><span style=\"font-family: tahoma, arial, helvetica, sans-serif;\">Ko\u015bcio\u0142y w parafii<\/span><\/h3>\n<hr \/>\n<p><span style=\"font-family: tahoma, arial, helvetica, sans-serif;\"><a href=\"https:\/\/parafiabierzwnik.pl\/?page_id=1811(otworzy%20si%C4%99%20w%20nowej%20karcie)\" data-rich-text-format-boundary=\"true\">Ko\u015bci\u00f3\u0142 i klasztor w Bierzwniku<\/a><\/span><\/p>\n<p><span style=\"font-family: tahoma, arial, helvetica, sans-serif;\"><a href=\"https:\/\/parafiabierzwnik.pl\/?page_id=1815(otworzy%20si%C4%99%20w%20nowej%20karcie)\" data-rich-text-format-boundary=\"true\">Stan ko\u015bcio\u0142a i klasztoru w Bierzwniku<\/a><\/span><\/p>\n<p><span style=\"font-family: tahoma, arial, helvetica, sans-serif;\"><a href=\"https:\/\/parafiabierzwnik.pl\/?page_id=2441\" data-rich-text-format-boundary=\"true\">Ko\u015bci\u00f3\u0142 w Kolsku<\/a><\/span><\/p>\n<p><span style=\"font-family: tahoma, arial, helvetica, sans-serif;\"><a href=\"https:\/\/parafiabierzwnik.pl\/?page_id=5604\">Kaplica w DPS-ie w Kolsku<\/a><\/span><\/p>\n<p><span style=\"font-family: tahoma, arial, helvetica, sans-serif;\"><a href=\"https:\/\/parafiabierzwnik.pl\/?page_id=2493\" data-rich-text-format-boundary=\"true\">Ko\u015bci\u00f3\u0142 w G\u00f3rznie<\/a><\/span><\/p>\n<h3 style=\"text-align: center;\"><span style=\"font-family: tahoma, arial, helvetica, sans-serif;\">Wydarzenia<\/span><\/h3>\n<hr \/>\n<p><span style=\"font-family: tahoma, arial, helvetica, sans-serif;\"><a href=\"https:\/\/parafiabierzwnik.pl\/?page_id=7004\">Bo\u017ce Cia\u0142o &#8211; Bierzwnik &#8211; procesja &#8211; 30.05.2024<\/a><\/span><\/p>\n<p><span style=\"font-family: tahoma, arial, helvetica, sans-serif;\"><a href=\"https:\/\/parafiabierzwnik.pl\/?page_id=6123\">Orszak Trzech Kr\u00f3li &#8211; 6.01.2024<\/a><\/span><\/p>\n<p><span style=\"font-family: tahoma, arial, helvetica, sans-serif;\"><a href=\"https:\/\/parafiabierzwnik.pl\/?page_id=5347\">Uroczyste Wprowadzenie Relikwii \u015awi\u0119tego Jana Paw\u0142a II &#8211;\u00a0 15.10.2023<\/a><\/span><\/p>\n<p><span style=\"font-family: tahoma, arial, helvetica, sans-serif;\"><a href=\"https:\/\/parafiabierzwnik.pl\/?page_id=4655\">Do\u017cynki Gminne w Bierzwniku &#8211; czas rado\u015bci i podzi\u0119kowa\u0144 &#8211; 2 wrze\u015bnia 2023<\/a><\/span><\/p>\n<p><span style=\"font-family: tahoma, arial, helvetica, sans-serif;\"><a href=\"https:\/\/parafiabierzwnik.pl\/?page_id=4111\">Nowy konfesjona\u0142 w ko\u015bciele w Bierzwniku<\/a><\/span><\/p>\n<p><span style=\"font-family: tahoma, arial, helvetica, sans-serif;\"><a href=\"https:\/\/parafiabierzwnik.pl\/?page_id=3809\" data-rich-text-format-boundary=\"true\">Odpust parafialny &#8211; 16.07.2023<\/a><\/span><\/p>\n<p><span style=\"font-family: tahoma, arial, helvetica, sans-serif;\"><a href=\"https:\/\/parafiabierzwnik.pl\/?page_id=3711\" data-rich-text-format-boundary=\"true\">Przekazanie relikwii \u015bw. Jana Paw\u0142a II &#8211; 11.07.2023<\/a><\/span><\/p>\n<p><span style=\"font-family: tahoma, arial, helvetica, sans-serif;\"><a href=\"https:\/\/parafiabierzwnik.pl\/?page_id=3365\">Nieszpory z Ojcami Cystersami i rekreacja przy grillu &#8211; 17.06.2023<\/a><\/span><\/p>\n<p><span style=\"font-family: tahoma, arial, helvetica, sans-serif;\"><a href=\"https:\/\/parafiabierzwnik.pl\/?page_id=3219\" data-rich-text-format-boundary=\"true\">Bo\u017ce Cia\u0142o 2023 &#8211; Bierzwnik &#8211; procesja<\/a><\/span><\/p>\n<p><span style=\"font-family: tahoma, arial, helvetica, sans-serif;\"><a href=\"https:\/\/parafiabierzwnik.pl\/?page_id=3251\" data-rich-text-format-boundary=\"true\">Bo\u017ce Cia\u0142o 2023 &#8211; Kolsk &#8211; o\u0142tarze<\/a><\/span><\/p>\n<p><span style=\"font-family: tahoma, arial, helvetica, sans-serif;\"><a href=\"https:\/\/parafiabierzwnik.pl\/?page_id=1824\" data-rich-text-format-boundary=\"true\">Orszak Trzech Kr\u00f3li 2023<\/a><\/span><\/p>\n<p><span style=\"font-family: tahoma, arial, helvetica, sans-serif;\"><a href=\"https:\/\/parafiabierzwnik.pl\/?page_id=1820(otworzy%20si%C4%99%20w%20nowej%20karcie)\" data-rich-text-format-boundary=\"true\">Bierzmowanie 2022<\/a><\/span><\/p>\n<h3 style=\"text-align: center;\"><span style=\"font-family: tahoma, arial, helvetica, sans-serif;\">Wystr\u00f3j Wielkanocny<\/span><\/h3>\n<hr \/>\n<p><span style=\"font-family: tahoma, arial, helvetica, sans-serif;\"><a href=\"https:\/\/parafiabierzwnik.pl\/?page_id=8145\">Wystr\u00f3j Wielkanocny 2025 &#8211; ko\u015bci\u00f3\u0142 w Bierzwniku<\/a><\/span><\/p>\n<p><span style=\"font-family: tahoma, arial, helvetica, sans-serif;\"><a href=\"https:\/\/parafiabierzwnik.pl\/?page_id=8141\">Wystr\u00f3j Wielkanocny 2025 &#8211; ko\u015bci\u00f3\u0142 w Kolsku<\/a><\/span><\/p>\n<p><span style=\"font-family: tahoma, arial, helvetica, sans-serif;\"><a href=\"https:\/\/parafiabierzwnik.pl\/?page_id=8089\">Wystr\u00f3j Wielkanocny 2025 &#8211; ko\u015bci\u00f3\u0142 w G\u00f3rznie<\/a><\/span><\/p>\n<p><span style=\"font-family: tahoma, arial, helvetica, sans-serif;\"><a href=\"https:\/\/parafiabierzwnik.pl\/?page_id=6483\" data-rich-text-format-boundary=\"true\">Wystr\u00f3j Wielkanocny 2024 &#8211; ko\u015bci\u00f3\u0142 w Bierzwniku<\/a><\/span><\/p>\n<p><span style=\"font-family: tahoma, arial, helvetica, sans-serif;\"><a href=\"https:\/\/parafiabierzwnik.pl\/?page_id=6505\" data-rich-text-format-boundary=\"true\">Wystr\u00f3j Wielkanocny 2024 &#8211; ko\u015bci\u00f3\u0142 w Kolsku<\/a><\/span><\/p>\n<p><span style=\"font-family: tahoma, arial, helvetica, sans-serif;\"><a href=\"https:\/\/parafiabierzwnik.pl\/?page_id=6502\" data-rich-text-format-boundary=\"true\">Wystr\u00f3j Wielkanocny 2024 &#8211; ko\u015bci\u00f3\u0142 w G\u00f3rznie<\/a><\/span><\/p>\n<p><span style=\"font-family: tahoma, arial, helvetica, sans-serif;\"><a href=\"https:\/\/parafiabierzwnik.pl\/?page_id=1829\" data-rich-text-format-boundary=\"true\">Wystr\u00f3j Wielkanocny 2023 &#8211; ko\u015bci\u00f3\u0142 w Bierzwniku<\/a><\/span><\/p>\n<p><span style=\"font-family: tahoma, arial, helvetica, sans-serif;\"><a href=\"https:\/\/parafiabierzwnik.pl\/?page_id=1832\">Wystr\u00f3j Wielkanocny 2023 &#8211; ko\u015bci\u00f3\u0142 w Kolsku<\/a><\/span><\/p>\n<p><span style=\"font-family: tahoma, arial, helvetica, sans-serif;\"><a href=\"https:\/\/parafiabierzwnik.pl\/?page_id=1836\">Wystr\u00f3j Wielkanocny 2023 &#8211; ko\u015bci\u00f3\u0142 w G\u00f3rznie<\/a><\/span><\/p>\n<h3 style=\"text-align: center;\"><span style=\"font-family: tahoma, arial, helvetica, sans-serif;\">Wystr\u00f3j Bo\u017conarodzeniowy<\/span><\/h3>\n<hr \/>\n<p><span style=\"font-family: tahoma, arial, helvetica, sans-serif;\"><a href=\"https:\/\/parafiabierzwnik.pl\/?page_id=5786\">Wystr\u00f3j Bo\u017conarodzeniowy 2023 \u2013 ko\u015bci\u00f3\u0142 i klasztor w Bierzwniku<\/a><\/span><\/p>\n<p><span style=\"font-family: tahoma, arial, helvetica, sans-serif;\"><a href=\"https:\/\/parafiabierzwnik.pl\/?page_id=5680\">Wystr\u00f3j Bo\u017conarodzeniowy 2023 &#8211; ko\u015bci\u00f3\u0142 w G\u00f3rznie<\/a><\/span><\/p>\n<p><span style=\"font-family: tahoma, arial, helvetica, sans-serif;\"><a href=\"https:\/\/parafiabierzwnik.pl\/?page_id=5699\">Wystr\u00f3j Bo\u017conarodzeniowy 2023 \u2013 ko\u015bci\u00f3\u0142 w Kolsku<\/a><\/span><\/p>\n","protected":false},"excerpt":{"rendered":"<div class=\"mh-excerpt\"><p>Ko\u015bcio\u0142y w parafii Ko\u015bci\u00f3\u0142 i klasztor w Bierzwniku Stan ko\u015bcio\u0142a i klasztoru w Bierzwniku Ko\u015bci\u00f3\u0142 w Kolsku Kaplica w DPS-ie w Kolsku Ko\u015bci\u00f3\u0142 w G\u00f3rznie <a class=\"mh-excerpt-more\" href=\"https:\/\/parafiabierzwnik.pl\/?page_id=1341\" title=\"Galeria\">[&#8230;]<\/a><\/p>\n<\/div>","protected":false},"author":1,"featured_media":2158,"parent":0,"menu_order":0,"comment_status":"closed","ping_status":"closed","template":"","meta":{"_monsterinsights_skip_tracking":false,"_monsterinsights_sitenote_active":false,"_monsterinsights_sitenote_note":"","_monsterinsights_sitenote_category":0,"footnotes":""},"folder":[19],"class_list":["post-1341","page","type-page","status-publish","has-post-thumbnail","hentry"],"_links":{"self":[{"href":"https:\/\/parafiabierzwnik.pl\/index.php?rest_route=\/wp\/v2\/pages\/1341","targetHints":{"allow":["GET"]}}],"collection":[{"href":"https:\/\/parafiabierzwnik.pl\/index.php?rest_route=\/wp\/v2\/pages"}],"about":[{"href":"https:\/\/parafiabierzwnik.pl\/index.php?rest_route=\/wp\/v2\/types\/page"}],"author":[{"embeddable":true,"href":"https:\/\/parafiabierzwnik.pl\/index.php?rest_route=\/wp\/v2\/users\/1"}],"replies":[{"embeddable":true,"href":"https:\/\/parafiabierzwnik.pl\/index.php?rest_route=%2Fwp%2Fv2%2Fcomments&post=1341"}],"version-history":[{"count":89,"href":"https:\/\/parafiabierzwnik.pl\/index.php?rest_route=\/wp\/v2\/pages\/1341\/revisions"}],"predecessor-version":[{"id":8151,"href":"https:\/\/parafiabierzwnik.pl\/index.php?rest_route=\/wp\/v2\/pages\/1341\/revisions\/8151"}],"wp:featuredmedia":[{"embeddable":true,"href":"https:\/\/parafiabierzwnik.pl\/index.php?rest_route=\/wp\/v2\/media\/2158"}],"wp:attachment":[{"href":"https:\/\/parafiabierzwnik.pl\/index.php?rest_route=%2Fwp%2Fv2%2Fmedia&parent=1341"}],"wp:term":[{"taxonomy":"folder","embeddable":true,"href":"https:\/\/parafiabierzwnik.pl\/index.php?rest_route=%2Fwp%2Fv2%2Ffolder&post=1341"}],"curies":[{"name":"wp","href":"https:\/\/api.w.org\/{rel}","templated":true}]}}