{"id":107,"date":"2022-04-18T11:36:49","date_gmt":"2022-04-18T09:36:49","guid":{"rendered":"https:\/\/parafiabierzwnik.pl\/?page_id=107"},"modified":"2024-09-09T10:55:47","modified_gmt":"2024-09-09T08:55:47","slug":"kancelaria","status":"publish","type":"page","link":"https:\/\/parafiabierzwnik.pl\/?page_id=107","title":{"rendered":"Kancelaria"},"content":{"rendered":"\n<p><span style=\"font-family: tahoma, arial, helvetica, sans-serif;\">Kancelaria parafialna czynna jest:<\/span><\/p>\n<p><span style=\"font-family: tahoma, arial, helvetica, sans-serif;\">&#8211; w \u015brody:\u00a0 15.00 &#8211; 16.30 <\/span><br \/><span style=\"font-family: tahoma, arial, helvetica, sans-serif;\">&#8211; w soboty: 10.00 &#8211; 11.00<\/span><\/p>\n<p><span style=\"font-family: tahoma, arial, helvetica, sans-serif;\">W sprawach pilnych (z pos\u0142ug\u0105 do chorego i pogrzebowych) o ka\u017cdej porze lub po uzgodnieniu telefonicznym: 668 599 998<\/span><\/p>\n<p><span style=\"font-family: tahoma, arial, helvetica, sans-serif;\">W niedziele i \u015bwi\u0119ta kancelaria nieczynna.<\/span><\/p>\n<hr \/>\n<p align=\"left\"><b>Za kogo warto zam\u00f3wi\u0107 Msz\u0119 \u015bwi\u0119t\u0105?<\/b><\/p>\n<ul>\n<li>\n<p align=\"left\"><b>Za naszych bliskich\u00a0<\/b>\u2013 z pro\u015bb\u0105 o b\u0142ogos\u0142awie\u0144stwo, zdrowie, przy okazji jubileuszy, urodzin, imienin, wa\u017cnych uroczysto\u015bci, czy trudnych moment\u00f3w w \u017cyciu.<\/p>\n<\/li>\n<li>\n<p align=\"left\"><b>Za zmar\u0142ych<\/b>\u00a0\u2013 nasz\u0105 powinno\u015bci\u0105 jest modlitwa za naszych bliskich zmar\u0142ych Modlimy si\u0119 r\u00f3wnie\u017c za zmar\u0142ych we Mszach \u015bw. gregoria\u0144skich, czyli 30 nast\u0119puj\u0105cych po\u00a0sobie Mszy \u015bwi\u0119tych sprawowanych przez\u00a0kolejne dni miesi\u0105ca.<\/p>\n<\/li>\n<li>\n<p align=\"left\"><b>W ka\u017cdej dobrej intencji<\/b>\u00a0(np. za Ojczyzn\u0119, o powo\u0142ania, w intencji dzieci, m\u0142odzie\u017cy).<\/p>\n<\/li>\n<\/ul>\n","protected":false},"excerpt":{"rendered":"<div class=\"mh-excerpt\"><p>Kancelaria parafialna czynna jest: &#8211; w \u015brody:\u00a0 15.00 &#8211; 16.30 &#8211; w soboty: 10.00 &#8211; 11.00 W sprawach pilnych (z pos\u0142ug\u0105 do chorego i pogrzebowych) <a class=\"mh-excerpt-more\" href=\"https:\/\/parafiabierzwnik.pl\/?page_id=107\" title=\"Kancelaria\">[&#8230;]<\/a><\/p>\n<\/div>","protected":false},"author":1,"featured_media":2155,"parent":0,"menu_order":0,"comment_status":"closed","ping_status":"closed","template":"","meta":{"_monsterinsights_skip_tracking":false,"_monsterinsights_sitenote_active":false,"_monsterinsights_sitenote_note":"","_monsterinsights_sitenote_category":0,"footnotes":""},"folder":[22],"class_list":["post-107","page","type-page","status-publish","has-post-thumbnail","hentry"],"_links":{"self":[{"href":"https:\/\/parafiabierzwnik.pl\/index.php?rest_route=\/wp\/v2\/pages\/107","targetHints":{"allow":["GET"]}}],"collection":[{"href":"https:\/\/parafiabierzwnik.pl\/index.php?rest_route=\/wp\/v2\/pages"}],"about":[{"href":"https:\/\/parafiabierzwnik.pl\/index.php?rest_route=\/wp\/v2\/types\/page"}],"author":[{"embeddable":true,"href":"https:\/\/parafiabierzwnik.pl\/index.php?rest_route=\/wp\/v2\/users\/1"}],"replies":[{"embeddable":true,"href":"https:\/\/parafiabierzwnik.pl\/index.php?rest_route=%2Fwp%2Fv2%2Fcomments&post=107"}],"version-history":[{"count":10,"href":"https:\/\/parafiabierzwnik.pl\/index.php?rest_route=\/wp\/v2\/pages\/107\/revisions"}],"predecessor-version":[{"id":7302,"href":"https:\/\/parafiabierzwnik.pl\/index.php?rest_route=\/wp\/v2\/pages\/107\/revisions\/7302"}],"wp:featuredmedia":[{"embeddable":true,"href":"https:\/\/parafiabierzwnik.pl\/index.php?rest_route=\/wp\/v2\/media\/2155"}],"wp:attachment":[{"href":"https:\/\/parafiabierzwnik.pl\/index.php?rest_route=%2Fwp%2Fv2%2Fmedia&parent=107"}],"wp:term":[{"taxonomy":"folder","embeddable":true,"href":"https:\/\/parafiabierzwnik.pl\/index.php?rest_route=%2Fwp%2Fv2%2Ffolder&post=107"}],"curies":[{"name":"wp","href":"https:\/\/api.w.org\/{rel}","templated":true}]}}